{"id":35891,"date":"2019-04-16T00:00:00","date_gmt":"2019-04-16T00:00:00","guid":{"rendered":"https:\/\/www.theinvisiblecollection.com\/product\/banc-jecker-trois-places\/"},"modified":"2026-05-01T07:40:10","modified_gmt":"2026-05-01T07:40:10","slug":"banc-jecker-trois-places","status":"publish","type":"product","link":"https:\/\/theinvisiblecollection.com\/fr\/produit\/banc-jecker-trois-places\/","title":{"rendered":"Banc Jecker Trois Places"},"content":{"rendered":"<p style=\"text-align: justify;\">D\u00e9velopp\u00e9 \u00e0 partir de la chaise Jecker, ce banc d&#8217;Etel Carmona pr\u00e9sente des lignes modernes et \u00e9l\u00e9gantes et offre une assise solide et a\u00e9r\u00e9e qui se pr\u00eate \u00e0 tous les styles et tous les contextes, gr\u00e2ce \u00e0 son design simple. Disponible en bois br\u00e9silien, le Jecker est disponible en cuir ou en dos cann\u00e9.<\/p>\n","protected":false},"excerpt":{"rendered":"<p>Design par Etel Carmona<br \/>\nSur l&#8217;image, dossier r\u00e9alis\u00e9 en rotin et structure en bois d&#8217;Imbuia<br \/>\nDossier tapiss\u00e9 ou en rotin<br \/>\n<span style=\"text-decoration: underline;\"><a href=\"https:\/\/www.theinvisiblecollection.com\/wp-content\/uploads\/2019\/11\/Etel_Sample_Catalogue.pdf\" target=\"_blank\" rel=\"noopener noreferrer\">D\u00e9couvrez une selection de tissus et cuirs ici<\/a><\/span><br \/>\nStructure aussi disponible en bois de c\u00e8dre et en bois de Freijo<\/p>\n<p>L 160 x l 53 x H 86 cm<br \/>\nHauteur d&#8217;assise : 47 cm<\/p>\n<p>Fabriqu\u00e9 \u00e0 la main au Br\u00e9sil<br \/>\nD\u00e9lais de production : 20 &#8211; 24 semaines<\/p>\n<p><span style=\"text-decoration: underline;\"><a href=\"https:\/\/www.theinvisiblecollection.com\/fr\/demande-de-devis\/?product_id=35891\" target=\"_blank\" rel=\"noopener noreferrer\">Contactez-nous pour toute demande de devis ou de renseignements<\/a><\/span><\/p>\n","protected":false},"featured_media":75517,"template":"","meta":{"_acf_changed":false,"content-type":"","_themeisle_gutenberg_block_has_review":false},"product_brand":[],"product_cat":[8947,12499],"product_tag":[9668,11335,11528,8854,8862,8863,8952],"product_designer":[8866,10660],"comfabric":[28854],"manufacturer":[16878],"reporting_designer":[37690],"samplecomfabric":[30448],"designer_clubroom":[],"class_list":{"0":"post-35891","1":"product","2":"type-product","3":"status-publish","4":"has-post-thumbnail","6":"product_cat-bancs","7":"product_cat-assises","8":"product_tag-designer-bresilien-fr-fr","9":"product_tag-eco-design","10":"product_tag-bench","11":"product_tag-etel-fr-2","12":"product_tag-etel-carmona-fr-3","13":"product_tag-etel-design-fr-2","14":"product_tag-bois-fr","15":"pa_backseat-material-rotin-fr","16":"pa_backseat-material-tapisse-fr","17":"product_designer-etel-fr","18":"product_designer-etel-carmona-fr","19":"comfabric-etel-atelier-1-fr","20":"manufacturer-etel-atelier-1-fr","21":"reporting_designer-etel-carmona","22":"samplecomfabric-etel-fr","24":"first","25":"instock","26":"taxable","27":"shipping-taxable","28":"purchasable","29":"product-type-variable"},"acf":[],"_links":{"self":[{"href":"https:\/\/theinvisiblecollection.com\/fr\/wp-json\/wp\/v2\/product\/35891","targetHints":{"allow":["GET"]}}],"collection":[{"href":"https:\/\/theinvisiblecollection.com\/fr\/wp-json\/wp\/v2\/product"}],"about":[{"href":"https:\/\/theinvisiblecollection.com\/fr\/wp-json\/wp\/v2\/types\/product"}],"wp:featuredmedia":[{"embeddable":true,"href":"https:\/\/theinvisiblecollection.com\/fr\/wp-json\/wp\/v2\/media\/75517"}],"wp:attachment":[{"href":"https:\/\/theinvisiblecollection.com\/fr\/wp-json\/wp\/v2\/media?parent=35891"}],"wp:term":[{"taxonomy":"product_brand","embeddable":true,"href":"https:\/\/theinvisiblecollection.com\/fr\/wp-json\/wp\/v2\/product_brand?post=35891"},{"taxonomy":"product_cat","embeddable":true,"href":"https:\/\/theinvisiblecollection.com\/fr\/wp-json\/wp\/v2\/product_cat?post=35891"},{"taxonomy":"product_tag","embeddable":true,"href":"https:\/\/theinvisiblecollection.com\/fr\/wp-json\/wp\/v2\/product_tag?post=35891"},{"taxonomy":"product_designer","embeddable":true,"href":"https:\/\/theinvisiblecollection.com\/fr\/wp-json\/wp\/v2\/product_designer?post=35891"},{"taxonomy":"comfabric","embeddable":true,"href":"https:\/\/theinvisiblecollection.com\/fr\/wp-json\/wp\/v2\/comfabric?post=35891"},{"taxonomy":"manufacturer","embeddable":true,"href":"https:\/\/theinvisiblecollection.com\/fr\/wp-json\/wp\/v2\/manufacturer?post=35891"},{"taxonomy":"reporting_designer","embeddable":true,"href":"https:\/\/theinvisiblecollection.com\/fr\/wp-json\/wp\/v2\/reporting_designer?post=35891"},{"taxonomy":"samplecomfabric","embeddable":true,"href":"https:\/\/theinvisiblecollection.com\/fr\/wp-json\/wp\/v2\/samplecomfabric?post=35891"},{"taxonomy":"clubroom_product_designer","embeddable":true,"href":"https:\/\/theinvisiblecollection.com\/fr\/wp-json\/wp\/v2\/designer_clubroom?post=35891"}],"curies":[{"name":"wp","href":"https:\/\/api.w.org\/{rel}","templated":true}]}}