{"id":35939,"date":"2016-05-20T00:00:00","date_gmt":"2016-05-19T23:00:00","guid":{"rendered":"https:\/\/www.theinvisiblecollection.com\/product\/banquette-inox\/"},"modified":"2026-05-01T07:40:10","modified_gmt":"2026-05-01T07:40:10","slug":"michel-daniel-bismut-banquette-3u","status":"publish","type":"product","link":"https:\/\/theinvisiblecollection.com\/fr\/produit\/michel-daniel-bismut-banquette-3u\/","title":{"rendered":"Banquette 3U"},"content":{"rendered":"<p style=\"text-align: justify;\">Les lignes a\u00e9riennes de cette banquette sont mises en valeur par l\u2019\u00e9clat d\u2019un inox poli color\u00e9 miel v\u00e9ritable capteur de lumi\u00e8re. Pi\u00e8ce d\u00e9corative ou assise d\u2019appoint avec ses trois coussins disponibles en diff\u00e9rentes versions, elle sert aussi de surface de pose. Intemporelle, elle trouve sa place dans tous les espaces.<\/p>\n","protected":false},"excerpt":{"rendered":"<p>Banquette en acier inoxydable poli miroir (une face teint\u00e9e, une face naturelle)<br \/>\n<a href=\"https:\/\/theinvisiblecollection.com\/wp-content\/uploads\/2022\/10\/TheInvisibleCollection_BismutBismut_FinishesSelection.pdf\" target=\"_blank\" rel=\"noopener\"><span style=\"text-decoration: underline;\">D\u00e9couvrez la s\u00e9lection des finitions ici<\/span><\/a><br \/>\n3 coussins en lin (blanc cass\u00e9 ou noir)<br \/>\nCoussins \u00e9galement disponibles en agneau ras\u00e9 islandais blanc<br \/>\nDimensions sur-mesure sur demande<\/p>\n<p>L 238 x P 57 x H 34 cm<\/p>\n<p>Fabriqu\u00e9e \u00e0 la main en Italie<br \/>\nD\u00e9lais de fabrication : 9 &#8211; 14 semaines<\/p>\n<p><span style=\"text-decoration: underline;\"><a href=\"https:\/\/www.theinvisiblecollection.com\/fr\/contact-produit\/?product_id=35939\" target=\"_blank\" rel=\"noopener\">Contactez-nous pour toute demande de devis ou de renseignement<\/a><\/span><\/p>\n","protected":false},"featured_media":4832470,"template":"","meta":{"_acf_changed":false,"content-type":"","_themeisle_gutenberg_block_has_review":false},"product_brand":[],"product_cat":[8947,12499],"product_tag":[9086,10355,11528,12734,22790],"product_designer":[8904],"comfabric":[],"manufacturer":[19999],"reporting_designer":[37762],"samplecomfabric":[],"designer_clubroom":[],"class_list":{"0":"post-35939","1":"product","2":"type-product","3":"status-publish","4":"has-post-thumbnail","6":"product_cat-bancs","7":"product_cat-assises","8":"product_tag-acier","9":"product_tag-iconique","10":"product_tag-bench","11":"product_tag-superstar-fr","12":"product_tag-disponible-immediatement","13":"pa_cushions-fourrure-dagneau-blanc-rase-islandais","14":"pa_cushions-lin-blanc-casse","15":"pa_cushions-lin-noir","16":"product_designer-bismut-bismut-fr","17":"manufacturer-kubic-massimo-fr","18":"reporting_designer-bismut-bismut","19":"exhibitions-new-york-fr","21":"first","22":"instock","23":"taxable","24":"shipping-taxable","25":"purchasable","26":"product-type-variable"},"acf":[],"_links":{"self":[{"href":"https:\/\/theinvisiblecollection.com\/fr\/wp-json\/wp\/v2\/product\/35939","targetHints":{"allow":["GET"]}}],"collection":[{"href":"https:\/\/theinvisiblecollection.com\/fr\/wp-json\/wp\/v2\/product"}],"about":[{"href":"https:\/\/theinvisiblecollection.com\/fr\/wp-json\/wp\/v2\/types\/product"}],"wp:featuredmedia":[{"embeddable":true,"href":"https:\/\/theinvisiblecollection.com\/fr\/wp-json\/wp\/v2\/media\/4832470"}],"wp:attachment":[{"href":"https:\/\/theinvisiblecollection.com\/fr\/wp-json\/wp\/v2\/media?parent=35939"}],"wp:term":[{"taxonomy":"product_brand","embeddable":true,"href":"https:\/\/theinvisiblecollection.com\/fr\/wp-json\/wp\/v2\/product_brand?post=35939"},{"taxonomy":"product_cat","embeddable":true,"href":"https:\/\/theinvisiblecollection.com\/fr\/wp-json\/wp\/v2\/product_cat?post=35939"},{"taxonomy":"product_tag","embeddable":true,"href":"https:\/\/theinvisiblecollection.com\/fr\/wp-json\/wp\/v2\/product_tag?post=35939"},{"taxonomy":"product_designer","embeddable":true,"href":"https:\/\/theinvisiblecollection.com\/fr\/wp-json\/wp\/v2\/product_designer?post=35939"},{"taxonomy":"comfabric","embeddable":true,"href":"https:\/\/theinvisiblecollection.com\/fr\/wp-json\/wp\/v2\/comfabric?post=35939"},{"taxonomy":"manufacturer","embeddable":true,"href":"https:\/\/theinvisiblecollection.com\/fr\/wp-json\/wp\/v2\/manufacturer?post=35939"},{"taxonomy":"reporting_designer","embeddable":true,"href":"https:\/\/theinvisiblecollection.com\/fr\/wp-json\/wp\/v2\/reporting_designer?post=35939"},{"taxonomy":"samplecomfabric","embeddable":true,"href":"https:\/\/theinvisiblecollection.com\/fr\/wp-json\/wp\/v2\/samplecomfabric?post=35939"},{"taxonomy":"clubroom_product_designer","embeddable":true,"href":"https:\/\/theinvisiblecollection.com\/fr\/wp-json\/wp\/v2\/designer_clubroom?post=35939"}],"curies":[{"name":"wp","href":"https:\/\/api.w.org\/{rel}","templated":true}]}}