{"id":35980,"date":"2017-11-08T00:00:00","date_gmt":"2017-11-07T23:00:00","guid":{"rendered":"https:\/\/www.theinvisiblecollection.com\/product\/banquette-very-hairy\/"},"modified":"2026-05-01T07:40:07","modified_gmt":"2026-05-01T07:40:07","slug":"michel-daniel-bismut-banquette-very-hairy","status":"publish","type":"product","link":"https:\/\/theinvisiblecollection.com\/fr\/produit\/michel-daniel-bismut-banquette-very-hairy\/","title":{"rendered":"Banquette Very Hairy"},"content":{"rendered":"<p style=\"text-align: justify;\">Photographi\u00e9e dans un appartement parisien habill\u00e9 des c\u00e9l\u00e8bres boiseries comission\u00e9es par Emilio Terry.<\/p>\n","protected":false},"excerpt":{"rendered":"<p>\u00c9dition limit\u00e9e de 8 pi\u00e8ces\u00a0+ 4 \u00e9preuves d\u2019artiste<br \/>\nStructure en inox poli brillant et shearling d\u2019agneau<br \/>\nDisponible en blanc, rouge, gris ou noir<br \/>\n<a href=\"https:\/\/theinvisiblecollection.com\/wp-content\/uploads\/2022\/11\/TheInvisibleCollection_BismutBismut_MaterialsSelection.jpg\" target=\"_blank\" rel=\"noopener\"><span style=\"text-decoration: underline;\">D\u00e9couvrez la s\u00e9lection de couleurs ici<\/span><\/a><\/p>\n<p>L 170 x l 65 x H 60 cm<br \/>\nHauteur d&#8217;assise : 38 cm<\/p>\n<p>Fabriqu\u00e9e \u00e0 la main en France<br \/>\nD\u00e9lais de fabrication : 10 &#8211; 12 semaines<\/p>\n<p><span style=\"text-decoration: underline;\"><a href=\"https:\/\/www.theinvisiblecollection.com\/fr\/contact-produit\/?product_id=35980\" target=\"_blank\" rel=\"noopener\">Contactez-nous pour toute demande de devis ou de renseignement<\/a><\/span><\/p>\n","protected":false},"featured_media":4832409,"template":"","meta":{"_acf_changed":false,"content-type":"","_themeisle_gutenberg_block_has_review":false},"product_brand":[],"product_cat":[8947,12499],"product_tag":[8942,8993,9131,9868,10922,11528,31474,31476,33319,35326],"product_designer":[8904],"comfabric":[],"manufacturer":[19999],"reporting_designer":[37762],"samplecomfabric":[],"designer_clubroom":[],"class_list":{"0":"post-35980","1":"product","2":"type-product","3":"status-publish","4":"has-post-thumbnail","6":"product_cat-bancs","7":"product_cat-assises","8":"product_tag-assise","9":"product_tag-salon","10":"product_tag-blanc-fr","11":"product_tag-white-beauty-fr","12":"product_tag-bismut-fr-2","13":"product_tag-bench","14":"product_tag-co-white-fr","15":"product_tag-st-collectible-fr","16":"product_tag-edition-limitee","17":"product_tag-st-scandinavian-fr","18":"product_designer-bismut-bismut-fr","19":"manufacturer-kubic-massimo-fr","20":"reporting_designer-bismut-bismut","22":"first","23":"instock","24":"taxable","25":"shipping-taxable","26":"purchasable","27":"product-type-variable"},"acf":[],"_links":{"self":[{"href":"https:\/\/theinvisiblecollection.com\/fr\/wp-json\/wp\/v2\/product\/35980","targetHints":{"allow":["GET"]}}],"collection":[{"href":"https:\/\/theinvisiblecollection.com\/fr\/wp-json\/wp\/v2\/product"}],"about":[{"href":"https:\/\/theinvisiblecollection.com\/fr\/wp-json\/wp\/v2\/types\/product"}],"wp:featuredmedia":[{"embeddable":true,"href":"https:\/\/theinvisiblecollection.com\/fr\/wp-json\/wp\/v2\/media\/4832409"}],"wp:attachment":[{"href":"https:\/\/theinvisiblecollection.com\/fr\/wp-json\/wp\/v2\/media?parent=35980"}],"wp:term":[{"taxonomy":"product_brand","embeddable":true,"href":"https:\/\/theinvisiblecollection.com\/fr\/wp-json\/wp\/v2\/product_brand?post=35980"},{"taxonomy":"product_cat","embeddable":true,"href":"https:\/\/theinvisiblecollection.com\/fr\/wp-json\/wp\/v2\/product_cat?post=35980"},{"taxonomy":"product_tag","embeddable":true,"href":"https:\/\/theinvisiblecollection.com\/fr\/wp-json\/wp\/v2\/product_tag?post=35980"},{"taxonomy":"product_designer","embeddable":true,"href":"https:\/\/theinvisiblecollection.com\/fr\/wp-json\/wp\/v2\/product_designer?post=35980"},{"taxonomy":"comfabric","embeddable":true,"href":"https:\/\/theinvisiblecollection.com\/fr\/wp-json\/wp\/v2\/comfabric?post=35980"},{"taxonomy":"manufacturer","embeddable":true,"href":"https:\/\/theinvisiblecollection.com\/fr\/wp-json\/wp\/v2\/manufacturer?post=35980"},{"taxonomy":"reporting_designer","embeddable":true,"href":"https:\/\/theinvisiblecollection.com\/fr\/wp-json\/wp\/v2\/reporting_designer?post=35980"},{"taxonomy":"samplecomfabric","embeddable":true,"href":"https:\/\/theinvisiblecollection.com\/fr\/wp-json\/wp\/v2\/samplecomfabric?post=35980"},{"taxonomy":"clubroom_product_designer","embeddable":true,"href":"https:\/\/theinvisiblecollection.com\/fr\/wp-json\/wp\/v2\/designer_clubroom?post=35980"}],"curies":[{"name":"wp","href":"https:\/\/api.w.org\/{rel}","templated":true}]}}