{"id":35981,"date":"2019-01-07T00:00:00","date_gmt":"2019-01-07T00:00:00","guid":{"rendered":"https:\/\/www.theinvisiblecollection.com\/product\/bar-funquetry-plisse\/"},"modified":"2026-05-01T07:40:07","modified_gmt":"2026-05-01T07:40:07","slug":"bar-funquetry-plisse","status":"publish","type":"product","link":"https:\/\/theinvisiblecollection.com\/fr\/produit\/bar-funquetry-plisse\/","title":{"rendered":"Bar Funquetry Pliss\u00e9"},"content":{"rendered":"<p style=\"text-align: justify;\">La collection Funquetry est compos\u00e9e d&#8217;une toute nouvelle s\u00e9rie de meubles, tous fabriqu\u00e9s au Liban, qui explorent une interpr\u00e9tation ludique et contemporaine de la technique artisanale traditionnelle de la marqueterie. Des bandes de bois de diff\u00e9rentes couleurs sont incrust\u00e9es pour produire ce que l&#8217;on appelle une &#8220;m\u00e8re&#8221;. Dans certaines pi\u00e8ces, elles sont ensuite coup\u00e9es en tranches et d\u00e9cal\u00e9es pour cr\u00e9er une rupture dans le motif g\u00e9om\u00e9trique. Dans d&#8217;autres, elles sont appliqu\u00e9es \u00e0 ce que Nada appelle le bois pliss\u00e9 : une coupe triangul\u00e9e dans le bois massif. La perception que l&#8217;on a de ces pi\u00e8ces change en fonction de l&#8217;angle duquel nous les observons.<\/p>\n","protected":false},"excerpt":{"rendered":"<p>Bar en noyer Am\u00e9ricain avec \u00e9tag\u00e8res en marbre Calacatta et miroirs<\/p>\n<p>L 97 x l 45 x H 190 cm<\/p>\n<p>Fabriqu\u00e9 \u00e0 la main au Liban<br \/>\nD\u00e9lais de fabrication : 10 &#8211; 12 semaines<\/p>\n<p class=\"p1\"><span class=\"s1\"><a href=\"https:\/\/www.theinvisiblecollection.com\/fr\/demande-de-devis\/?product_id=35981\">Contactez-nous pour toute demande de devis ou de renseignements<\/a><\/span><\/p>\n","protected":false},"featured_media":126137,"template":"","meta":{"_acf_changed":false,"content-type":"","_themeisle_gutenberg_block_has_review":false},"product_brand":[],"product_cat":[12505,12526,8957],"product_tag":[8993,9019,9030,9031,9081,9673,10904,6345],"product_designer":[8872],"comfabric":[],"manufacturer":[25164],"reporting_designer":[37874],"samplecomfabric":[],"designer_clubroom":[],"class_list":{"0":"post-35981","1":"product","2":"type-product","3":"status-publish","4":"has-post-thumbnail","6":"product_cat-rangements","7":"product_cat-bars-et-cabinets","8":"product_cat-commodes","9":"product_tag-salon","10":"product_tag-cuisine","11":"product_tag-marbre-fr-2","12":"product_tag-calacatta-fr","13":"product_tag-miroir-fr-2","14":"product_tag-nada-debs-fr-fr","15":"product_tag-bar-fr","16":"product_tag-liban-fr","17":"product_designer-nada-debs-fr","18":"manufacturer-capit-logistics-lebanon-fr","19":"reporting_designer-nada-debs","21":"first","22":"instock","23":"taxable","24":"shipping-taxable","25":"purchasable","26":"product-type-simple"},"acf":[],"_links":{"self":[{"href":"https:\/\/theinvisiblecollection.com\/fr\/wp-json\/wp\/v2\/product\/35981","targetHints":{"allow":["GET"]}}],"collection":[{"href":"https:\/\/theinvisiblecollection.com\/fr\/wp-json\/wp\/v2\/product"}],"about":[{"href":"https:\/\/theinvisiblecollection.com\/fr\/wp-json\/wp\/v2\/types\/product"}],"wp:featuredmedia":[{"embeddable":true,"href":"https:\/\/theinvisiblecollection.com\/fr\/wp-json\/wp\/v2\/media\/126137"}],"wp:attachment":[{"href":"https:\/\/theinvisiblecollection.com\/fr\/wp-json\/wp\/v2\/media?parent=35981"}],"wp:term":[{"taxonomy":"product_brand","embeddable":true,"href":"https:\/\/theinvisiblecollection.com\/fr\/wp-json\/wp\/v2\/product_brand?post=35981"},{"taxonomy":"product_cat","embeddable":true,"href":"https:\/\/theinvisiblecollection.com\/fr\/wp-json\/wp\/v2\/product_cat?post=35981"},{"taxonomy":"product_tag","embeddable":true,"href":"https:\/\/theinvisiblecollection.com\/fr\/wp-json\/wp\/v2\/product_tag?post=35981"},{"taxonomy":"product_designer","embeddable":true,"href":"https:\/\/theinvisiblecollection.com\/fr\/wp-json\/wp\/v2\/product_designer?post=35981"},{"taxonomy":"comfabric","embeddable":true,"href":"https:\/\/theinvisiblecollection.com\/fr\/wp-json\/wp\/v2\/comfabric?post=35981"},{"taxonomy":"manufacturer","embeddable":true,"href":"https:\/\/theinvisiblecollection.com\/fr\/wp-json\/wp\/v2\/manufacturer?post=35981"},{"taxonomy":"reporting_designer","embeddable":true,"href":"https:\/\/theinvisiblecollection.com\/fr\/wp-json\/wp\/v2\/reporting_designer?post=35981"},{"taxonomy":"samplecomfabric","embeddable":true,"href":"https:\/\/theinvisiblecollection.com\/fr\/wp-json\/wp\/v2\/samplecomfabric?post=35981"},{"taxonomy":"clubroom_product_designer","embeddable":true,"href":"https:\/\/theinvisiblecollection.com\/fr\/wp-json\/wp\/v2\/designer_clubroom?post=35981"}],"curies":[{"name":"wp","href":"https:\/\/api.w.org\/{rel}","templated":true}]}}