{"id":35982,"date":"2019-11-26T00:00:00","date_gmt":"2019-11-26T00:00:00","guid":{"rendered":"https:\/\/www.theinvisiblecollection.com\/product\/bar-nacelle\/"},"modified":"2026-05-08T04:41:22","modified_gmt":"2026-05-08T04:41:22","slug":"mayaro-editions-bar-nacelle","status":"publish","type":"product","link":"https:\/\/theinvisiblecollection.com\/fr\/produit\/mayaro-editions-bar-nacelle\/","title":{"rendered":"Bar Nacelle"},"content":{"rendered":"<p>Con\u00e7u par Virieu di Petrillo pour Mayaro<\/p>\n<p style=\"text-align: justify;\">Ce bureau et bar sur mesure est tiss\u00e9 \u00e0 la main par un ma\u00eetre artisan d\u00e9di\u00e9 \u00e0 la fabrication de montgolfi\u00e8res, guid\u00e9 par le dessin des deux designers Virieu di Petrillo. Il peut \u00eatre utilis\u00e9 comme comptoir le jour et se transforme en bar la nuit. Un meuble polyvalent, parfait pour un poolhouse ext\u00e9rieur ou une pi\u00e8ce de d\u00e9coration int\u00e9rieure, il nous invite \u00e0 un vol imaginaire. Le Bar Nacelle a re\u00e7u le Prix Jeune Cr\u00e9ateur du PAD Paris, en 2019.<\/p>\n","protected":false},"excerpt":{"rendered":"<p>Osier et rotin sur structure m\u00e9tallique<br \/>\nBordures en cuir disponibles en orange, rouge, bleu et marron<br \/>\nStructure int\u00e9rieure en ch\u00eane<\/p>\n<p>L 210 x l 100 x H 120 cm<br \/>\nDimensions sur mesure sur demande<\/p>\n<p>Fabriqu\u00e9 \u00e0 la main en France<br \/>\nD\u00e9lais de production : 3 mois minimum<\/p>\n<p class=\"p1\"><span class=\"s1\"><a href=\"https:\/\/www.theinvisiblecollection.com\/fr\/contact-produit\/?product_id=35982\">Contactez-nous pour toute demande de devis ou de renseignements<\/a><\/span><\/p><\/p>\n","protected":false},"featured_media":80962,"template":"","meta":{"_acf_changed":false,"content-type":"","_themeisle_gutenberg_block_has_review":false},"product_brand":[],"product_cat":[12505,12526],"product_tag":[9001,9015,9075,31477],"product_designer":[8894],"comfabric":[],"manufacturer":[16730],"reporting_designer":[37226],"samplecomfabric":[],"designer_clubroom":[],"class_list":{"0":"post-35982","1":"product","2":"type-product","3":"status-publish","4":"has-post-thumbnail","6":"product_cat-rangements","7":"product_cat-bars-et-cabinets","8":"product_tag-chene","9":"product_tag-cuir","10":"product_tag-rottin","11":"product_tag-st-curvy-fr","12":"pa_color-bleu-fr","13":"pa_color-brun-fr","14":"pa_color-orange-fr","15":"pa_color-rouge-fr","16":"product_designer-mayaro-editions-fr","17":"manufacturer-mayaro-editions-fr","18":"reporting_designer-mayaro-editions","20":"first","21":"instock","22":"taxable","23":"shipping-taxable","24":"purchasable","25":"product-type-variable"},"acf":[],"_links":{"self":[{"href":"https:\/\/theinvisiblecollection.com\/fr\/wp-json\/wp\/v2\/product\/35982","targetHints":{"allow":["GET"]}}],"collection":[{"href":"https:\/\/theinvisiblecollection.com\/fr\/wp-json\/wp\/v2\/product"}],"about":[{"href":"https:\/\/theinvisiblecollection.com\/fr\/wp-json\/wp\/v2\/types\/product"}],"wp:featuredmedia":[{"embeddable":true,"href":"https:\/\/theinvisiblecollection.com\/fr\/wp-json\/wp\/v2\/media\/80962"}],"wp:attachment":[{"href":"https:\/\/theinvisiblecollection.com\/fr\/wp-json\/wp\/v2\/media?parent=35982"}],"wp:term":[{"taxonomy":"product_brand","embeddable":true,"href":"https:\/\/theinvisiblecollection.com\/fr\/wp-json\/wp\/v2\/product_brand?post=35982"},{"taxonomy":"product_cat","embeddable":true,"href":"https:\/\/theinvisiblecollection.com\/fr\/wp-json\/wp\/v2\/product_cat?post=35982"},{"taxonomy":"product_tag","embeddable":true,"href":"https:\/\/theinvisiblecollection.com\/fr\/wp-json\/wp\/v2\/product_tag?post=35982"},{"taxonomy":"product_designer","embeddable":true,"href":"https:\/\/theinvisiblecollection.com\/fr\/wp-json\/wp\/v2\/product_designer?post=35982"},{"taxonomy":"comfabric","embeddable":true,"href":"https:\/\/theinvisiblecollection.com\/fr\/wp-json\/wp\/v2\/comfabric?post=35982"},{"taxonomy":"manufacturer","embeddable":true,"href":"https:\/\/theinvisiblecollection.com\/fr\/wp-json\/wp\/v2\/manufacturer?post=35982"},{"taxonomy":"reporting_designer","embeddable":true,"href":"https:\/\/theinvisiblecollection.com\/fr\/wp-json\/wp\/v2\/reporting_designer?post=35982"},{"taxonomy":"samplecomfabric","embeddable":true,"href":"https:\/\/theinvisiblecollection.com\/fr\/wp-json\/wp\/v2\/samplecomfabric?post=35982"},{"taxonomy":"clubroom_product_designer","embeddable":true,"href":"https:\/\/theinvisiblecollection.com\/fr\/wp-json\/wp\/v2\/designer_clubroom?post=35982"}],"curies":[{"name":"wp","href":"https:\/\/api.w.org\/{rel}","templated":true}]}}