{"id":36030,"date":"2021-12-01T05:00:00","date_gmt":"2021-12-01T04:00:00","guid":{"rendered":"https:\/\/www.theinvisiblecollection.com\/product\/bibliotheque-steeltop\/"},"modified":"2026-05-01T07:40:07","modified_gmt":"2026-05-01T07:40:07","slug":"bibliotheque-steeltop","status":"publish","type":"product","link":"https:\/\/theinvisiblecollection.com\/fr\/produit\/bibliotheque-steeltop\/","title":{"rendered":"Biblioth\u00e8que Steeltop"},"content":{"rendered":"<p style=\"text-align: justify;\">La biblioth\u00e8que Steeltop par Reda Amalou est une pi\u00e8ce graphique jouant sur les oppositions de mati\u00e8res, entre acier noir et noyer. El\u00e9gante et contemporaine, elle n&#8217;en est pas moins fonctionnelle gr\u00e2ce \u00e0 ses larges rangements dans son socle en bois. Reda Amalou, architecte et designer fran\u00e7ais, a\u00a0choisi de concevoir l\u2019architecture dans sa globalit\u00e9 : de la construction \u00e0 l\u2019architecture et d\u00e9coration d\u2019int\u00e9rieur.\u00a0Inspir\u00e9 par l\u2019esth\u00e9tisme du XX\u00e8me si\u00e8cle, il dessine chaque pi\u00e8ce dans un souci d\u2019\u00e9quilibre entre \u00e9l\u00e9gance, sobri\u00e9t\u00e9, et identit\u00e9 visuelle. Tous les mat\u00e9riaux utilis\u00e9s sont nobles, textur\u00e9s et vivants tels que le cuir, le bronze et les bois pr\u00e9cieux.<\/p>\n","protected":false},"excerpt":{"rendered":"<p>Acier noir et noyer am\u00e9ricain<br \/>\nM\u00e9tal laqu\u00e9 noir mat et noyer massif vernis satin\u00e9<br \/>\n\u00c9galamenent disponible en ch\u00eane<\/p>\n<p>Deux dimensions disponibles :<br \/>\nL 110 x P 40 x H 210 \u00a0cm<br \/>\nL 150 x P 40 x H 210 cm<\/p>\n<p>Fabriqu\u00e9e \u00e0 la main en Italie<br \/>\nD\u00e9lais de production 10 &#8211; 18 semaines<\/p>\n<p><span style=\"text-decoration: underline;\"><span class=\"s1\"><a href=\"https:\/\/www.theinvisiblecollection.com\/fr\/contact-produit\/?product_id=36030\" target=\"_blank\" rel=\"noopener\">Contactez-nous pour toute demande de devis ou de renseignements<\/a><\/span><\/span><\/p>\n","protected":false},"featured_media":80968,"template":"","meta":{"_acf_changed":false,"content-type":"","_themeisle_gutenberg_block_has_review":false},"product_brand":[],"product_cat":[8956,12505,13076],"product_tag":[12465,14925,8952,9651,9858,10262],"product_designer":[8895],"comfabric":[],"manufacturer":[34221],"reporting_designer":[37724],"samplecomfabric":[],"designer_clubroom":[],"class_list":{"0":"post-36030","1":"product","2":"type-product","3":"status-publish","4":"has-post-thumbnail","6":"product_cat-bibliotheques","7":"product_cat-rangements","8":"product_cat-bureau-a-la-maison","9":"product_tag-walnut-fr","10":"product_tag-hpfav-fr","11":"product_tag-bois-fr","12":"product_tag-metal-fr","13":"product_tag-bibliotheque-fr-4","14":"product_tag-bibliotheque-fr-2","15":"pa_material-chene-fr","16":"pa_material-noyer-fr","17":"pa_size-grand-fr","18":"pa_size-moyen","19":"product_designer-reda-amalou-fr","20":"manufacturer-reda-amalou-pick-up-cadogan-tate-cdg-fr","21":"reporting_designer-reda-amalou","23":"first","24":"instock","25":"taxable","26":"shipping-taxable","27":"purchasable","28":"product-type-variable"},"acf":[],"_links":{"self":[{"href":"https:\/\/theinvisiblecollection.com\/fr\/wp-json\/wp\/v2\/product\/36030","targetHints":{"allow":["GET"]}}],"collection":[{"href":"https:\/\/theinvisiblecollection.com\/fr\/wp-json\/wp\/v2\/product"}],"about":[{"href":"https:\/\/theinvisiblecollection.com\/fr\/wp-json\/wp\/v2\/types\/product"}],"wp:featuredmedia":[{"embeddable":true,"href":"https:\/\/theinvisiblecollection.com\/fr\/wp-json\/wp\/v2\/media\/80968"}],"wp:attachment":[{"href":"https:\/\/theinvisiblecollection.com\/fr\/wp-json\/wp\/v2\/media?parent=36030"}],"wp:term":[{"taxonomy":"product_brand","embeddable":true,"href":"https:\/\/theinvisiblecollection.com\/fr\/wp-json\/wp\/v2\/product_brand?post=36030"},{"taxonomy":"product_cat","embeddable":true,"href":"https:\/\/theinvisiblecollection.com\/fr\/wp-json\/wp\/v2\/product_cat?post=36030"},{"taxonomy":"product_tag","embeddable":true,"href":"https:\/\/theinvisiblecollection.com\/fr\/wp-json\/wp\/v2\/product_tag?post=36030"},{"taxonomy":"product_designer","embeddable":true,"href":"https:\/\/theinvisiblecollection.com\/fr\/wp-json\/wp\/v2\/product_designer?post=36030"},{"taxonomy":"comfabric","embeddable":true,"href":"https:\/\/theinvisiblecollection.com\/fr\/wp-json\/wp\/v2\/comfabric?post=36030"},{"taxonomy":"manufacturer","embeddable":true,"href":"https:\/\/theinvisiblecollection.com\/fr\/wp-json\/wp\/v2\/manufacturer?post=36030"},{"taxonomy":"reporting_designer","embeddable":true,"href":"https:\/\/theinvisiblecollection.com\/fr\/wp-json\/wp\/v2\/reporting_designer?post=36030"},{"taxonomy":"samplecomfabric","embeddable":true,"href":"https:\/\/theinvisiblecollection.com\/fr\/wp-json\/wp\/v2\/samplecomfabric?post=36030"},{"taxonomy":"clubroom_product_designer","embeddable":true,"href":"https:\/\/theinvisiblecollection.com\/fr\/wp-json\/wp\/v2\/designer_clubroom?post=36030"}],"curies":[{"name":"wp","href":"https:\/\/api.w.org\/{rel}","templated":true}]}}