{"id":36034,"date":"2019-11-26T00:00:00","date_gmt":"2019-11-25T23:00:00","guid":{"rendered":"https:\/\/www.theinvisiblecollection.com\/product\/bibliotheque-suspendue\/"},"modified":"2026-05-01T07:40:07","modified_gmt":"2026-05-01T07:40:07","slug":"mayaro-editions-bibliotheque-suspendue","status":"publish","type":"product","link":"https:\/\/theinvisiblecollection.com\/fr\/produit\/mayaro-editions-bibliotheque-suspendue\/","title":{"rendered":"Biblioth\u00e8que Suspendue"},"content":{"rendered":"<p>Con\u00e7ue par Virieu di Petrillo pour Mayaro<\/p>\n<p style=\"text-align: justify;\">La biblioth\u00e8que suspendue peut servir \u00e0 la fois de fen\u00eatre et de volet. Imagin\u00e9e par Virieu di Petrillo en collaboration avec l&#8217;Atelier Iota Element, la biblioth\u00e8que en bois est suspendue \u00e0 une corde avec des poulies et des contrepoids en acier qui permettent une ouverture et une fermeture en douceur, par un simple geste de la main. Elle est destin\u00e9e \u00e0 cacher ou \u00e0 r\u00e9v\u00e9ler une connexion entre deux pi\u00e8ces, une salle \u00e0 manger et une cuisine par exemple.<\/p>\n","protected":false},"excerpt":{"rendered":"<p>Structure en noyer am\u00e9ricain<br \/>\nEgalement disponible en ch\u00eane, noyer, sycomore et poirier noirci sur demande.<br \/>\nDeux contrepoids en acier trait\u00e9 \u00e0 l&#8217;h\u00e9matite pour un effet rouille<br \/>\nBois sur mesure sur demande<br \/>\nN\u00e9cessite une installation sp\u00e9cifique, prix sur demande en fonction de la localisation<\/p>\n<p>L 27 x l 180 x H 170 cm<\/p>\n<p>Dimensions sur mesure sur demande<\/p>\n<p>Fabriqu\u00e9e \u00e0 la main en France<br \/>\nD\u00e9lais de production : 3 mois minimum<\/p>\n<p class=\"p1\"><span class=\"s1\"><a href=\"https:\/\/www.theinvisiblecollection.com\/fr\/contact-produit\/?product_id=36034\">Contactez-nous pour toute demande de devis ou de renseignements<\/a><\/span><\/p><\/p>\n","protected":false},"featured_media":2974923,"template":"","meta":{"_acf_changed":false,"content-type":"","_themeisle_gutenberg_block_has_review":false},"product_brand":[],"product_cat":[8956,12505,13076],"product_tag":[8993,9423,10262,22790],"product_designer":[8894],"comfabric":[],"manufacturer":[16730],"reporting_designer":[37226],"samplecomfabric":[],"designer_clubroom":[],"class_list":{"0":"post-36034","1":"product","2":"type-product","3":"status-publish","4":"has-post-thumbnail","6":"product_cat-bibliotheques","7":"product_cat-rangements","8":"product_cat-bureau-a-la-maison","9":"product_tag-salon","10":"product_tag-storage","11":"product_tag-bibliotheque-fr-2","12":"product_tag-disponible-immediatement","13":"pa_wood-chene-fr","14":"pa_wood-ebene-de-macassar-fr","15":"pa_wood-frene-fr","16":"pa_wood-noyer-damerique-fr","17":"pa_wood-noyer-de-france-fr","18":"pa_wood-poirier-noirci-fr","19":"pa_wood-sycomore-fr","20":"product_designer-mayaro-editions-fr","21":"manufacturer-mayaro-editions-fr","22":"reporting_designer-mayaro-editions","23":"exhibitions-paris-fr","25":"first","26":"instock","27":"taxable","28":"shipping-taxable","29":"purchasable","30":"product-type-variable"},"acf":[],"_links":{"self":[{"href":"https:\/\/theinvisiblecollection.com\/fr\/wp-json\/wp\/v2\/product\/36034","targetHints":{"allow":["GET"]}}],"collection":[{"href":"https:\/\/theinvisiblecollection.com\/fr\/wp-json\/wp\/v2\/product"}],"about":[{"href":"https:\/\/theinvisiblecollection.com\/fr\/wp-json\/wp\/v2\/types\/product"}],"wp:featuredmedia":[{"embeddable":true,"href":"https:\/\/theinvisiblecollection.com\/fr\/wp-json\/wp\/v2\/media\/2974923"}],"wp:attachment":[{"href":"https:\/\/theinvisiblecollection.com\/fr\/wp-json\/wp\/v2\/media?parent=36034"}],"wp:term":[{"taxonomy":"product_brand","embeddable":true,"href":"https:\/\/theinvisiblecollection.com\/fr\/wp-json\/wp\/v2\/product_brand?post=36034"},{"taxonomy":"product_cat","embeddable":true,"href":"https:\/\/theinvisiblecollection.com\/fr\/wp-json\/wp\/v2\/product_cat?post=36034"},{"taxonomy":"product_tag","embeddable":true,"href":"https:\/\/theinvisiblecollection.com\/fr\/wp-json\/wp\/v2\/product_tag?post=36034"},{"taxonomy":"product_designer","embeddable":true,"href":"https:\/\/theinvisiblecollection.com\/fr\/wp-json\/wp\/v2\/product_designer?post=36034"},{"taxonomy":"comfabric","embeddable":true,"href":"https:\/\/theinvisiblecollection.com\/fr\/wp-json\/wp\/v2\/comfabric?post=36034"},{"taxonomy":"manufacturer","embeddable":true,"href":"https:\/\/theinvisiblecollection.com\/fr\/wp-json\/wp\/v2\/manufacturer?post=36034"},{"taxonomy":"reporting_designer","embeddable":true,"href":"https:\/\/theinvisiblecollection.com\/fr\/wp-json\/wp\/v2\/reporting_designer?post=36034"},{"taxonomy":"samplecomfabric","embeddable":true,"href":"https:\/\/theinvisiblecollection.com\/fr\/wp-json\/wp\/v2\/samplecomfabric?post=36034"},{"taxonomy":"clubroom_product_designer","embeddable":true,"href":"https:\/\/theinvisiblecollection.com\/fr\/wp-json\/wp\/v2\/designer_clubroom?post=36034"}],"curies":[{"name":"wp","href":"https:\/\/api.w.org\/{rel}","templated":true}]}}