{"id":3604441,"date":"2023-08-17T10:53:10","date_gmt":"2023-08-17T09:53:10","guid":{"rendered":"https:\/\/theinvisiblecollection.com\/?post_type=product&#038;p=3604441"},"modified":"2026-05-08T04:39:16","modified_gmt":"2026-05-08T04:39:16","slug":"philippe-hurel-mirroir-illusion","status":"publish","type":"product","link":"https:\/\/theinvisiblecollection.com\/fr\/produit\/philippe-hurel-mirroir-illusion\/","title":{"rendered":"Mirroir Illusion"},"content":{"rendered":"<p style=\"text-align: justify;\"><span class=\"TextRun SCXW228329304 BCX0\" lang=\"FR-FR\" xml:lang=\"FR-FR\" data-contrast=\"auto\"><span class=\"NormalTextRun SCXW228329304 BCX0\">Le miroir Illusion de Philippe Hurel x TMJ Design Studio s&#8217;int\u00e9resse \u00e0 la v\u00e9ritable fonction du miroir : l&#8217;image, l&#8217;imitation et le reflet. Un reflet d\u00e9limit\u00e9 par un cadre, celui du miroir lui-m\u00eame. Mais ici, le cadre reste ouvert d&#8217;un c\u00f4t\u00e9, comme pour laisser s&#8217;\u00e9chapper l&#8217;image refl\u00e9t\u00e9e. La premi\u00e8re inspiration est la piscine naturelle de la plage de <\/span><span class=\"NormalTextRun SpellingErrorV2Themed SCXW228329304 BCX0\">Bon-Secours<\/span><span class=\"NormalTextRun SCXW228329304 BCX0\"> \u00e0 Saint-Malo, ce miroir d&#8217;eau unique qui joue avec la mer et se prolonge avec la mar\u00e9e. Le ciel et le paysage s&#8217;y refl\u00e8tent, cr\u00e9ant un d\u00e9cor onirique et inqui\u00e9tant. Objet hybride et sculptural, \u00e0 la fois miroir et console, Illusion joue sur le contraste des textures et des couleurs, un cadre en laque Washi c\u00e9ladon associ\u00e9 \u00e0 une tablette en m\u00e9l\u00e8ze sabl\u00e9, pour un rendu tr\u00e8s doux.<\/span><\/span><span class=\"EOP SCXW228329304 BCX0\" data-ccp-props=\"{&quot;335551550&quot;:6,&quot;335551620&quot;:6}\">\u00a0<\/span><\/p>\n","protected":false},"excerpt":{"rendered":"<p>Structure et pieds en bois teint\u00e9<br \/>\nRecouvert de tissu viscose et cotton, 3 coloris Zimmer + Rohde, Andro (ref 245, 883 and 984)<br \/>\n\u00c9galement disponible en blanc sans tissus<br \/>\nDimensions, tissus et couleurs sur-mesure sur demande<\/p>\n<p>Gauche : L 74 x l 74 x H 98 cm<br \/>\nDroite : L 78 x l 70 x H 98 cm<br \/>\nM\u00e9trage requis : 7 m<\/p>\n<div>\n<p>Fabriqu\u00e9 \u00e0 la main en France<br \/>\nD\u00e9lais de fabrication : 6 &#8211; 8 semaines<\/p>\n<p><span style=\"text-decoration: underline;\"><a href=\"https:\/\/www.theinvisiblecollection.com\/fr\/demande-de-devis\/?product_id=37815\" target=\"_blank\" rel=\"noopener\">Contactez-nous pour toute demande de devis ou de renseignement<\/a><\/span><\/p>\n<\/div>\n","protected":false},"featured_media":3604495,"template":"","meta":{"_acf_changed":false,"content-type":"","_themeisle_gutenberg_block_has_review":false},"product_brand":[],"product_cat":[7517,8225],"product_tag":[9089],"product_designer":[23590],"comfabric":[],"manufacturer":[25102],"reporting_designer":[37587],"samplecomfabric":[],"designer_clubroom":[],"class_list":{"0":"post-3604441","1":"product","2":"type-product","3":"status-publish","4":"has-post-thumbnail","6":"product_cat-deco-fr","7":"product_cat-miroirs-fr","8":"product_tag-miroir-fr-3","9":"product_designer-philippe-hurel-fr","10":"manufacturer-gambuto-bois-emballage-fr","11":"reporting_designer-philippe-hurel","13":"first","14":"instock","15":"taxable","16":"shipping-taxable","17":"purchasable","18":"product-type-variable"},"acf":[],"_links":{"self":[{"href":"https:\/\/theinvisiblecollection.com\/fr\/wp-json\/wp\/v2\/product\/3604441","targetHints":{"allow":["GET"]}}],"collection":[{"href":"https:\/\/theinvisiblecollection.com\/fr\/wp-json\/wp\/v2\/product"}],"about":[{"href":"https:\/\/theinvisiblecollection.com\/fr\/wp-json\/wp\/v2\/types\/product"}],"wp:featuredmedia":[{"embeddable":true,"href":"https:\/\/theinvisiblecollection.com\/fr\/wp-json\/wp\/v2\/media\/3604495"}],"wp:attachment":[{"href":"https:\/\/theinvisiblecollection.com\/fr\/wp-json\/wp\/v2\/media?parent=3604441"}],"wp:term":[{"taxonomy":"product_brand","embeddable":true,"href":"https:\/\/theinvisiblecollection.com\/fr\/wp-json\/wp\/v2\/product_brand?post=3604441"},{"taxonomy":"product_cat","embeddable":true,"href":"https:\/\/theinvisiblecollection.com\/fr\/wp-json\/wp\/v2\/product_cat?post=3604441"},{"taxonomy":"product_tag","embeddable":true,"href":"https:\/\/theinvisiblecollection.com\/fr\/wp-json\/wp\/v2\/product_tag?post=3604441"},{"taxonomy":"product_designer","embeddable":true,"href":"https:\/\/theinvisiblecollection.com\/fr\/wp-json\/wp\/v2\/product_designer?post=3604441"},{"taxonomy":"comfabric","embeddable":true,"href":"https:\/\/theinvisiblecollection.com\/fr\/wp-json\/wp\/v2\/comfabric?post=3604441"},{"taxonomy":"manufacturer","embeddable":true,"href":"https:\/\/theinvisiblecollection.com\/fr\/wp-json\/wp\/v2\/manufacturer?post=3604441"},{"taxonomy":"reporting_designer","embeddable":true,"href":"https:\/\/theinvisiblecollection.com\/fr\/wp-json\/wp\/v2\/reporting_designer?post=3604441"},{"taxonomy":"samplecomfabric","embeddable":true,"href":"https:\/\/theinvisiblecollection.com\/fr\/wp-json\/wp\/v2\/samplecomfabric?post=3604441"},{"taxonomy":"clubroom_product_designer","embeddable":true,"href":"https:\/\/theinvisiblecollection.com\/fr\/wp-json\/wp\/v2\/designer_clubroom?post=3604441"}],"curies":[{"name":"wp","href":"https:\/\/api.w.org\/{rel}","templated":true}]}}