{"id":36055,"date":"2017-06-20T00:00:00","date_gmt":"2017-06-19T23:00:00","guid":{"rendered":"https:\/\/www.theinvisiblecollection.com\/product\/boite-ela\/"},"modified":"2026-05-01T07:40:07","modified_gmt":"2026-05-01T07:40:07","slug":"boite-ela","status":"publish","type":"product","link":"https:\/\/theinvisiblecollection.com\/fr\/produit\/boite-ela\/","title":{"rendered":"Bo\u00eete Ella"},"content":{"rendered":"<p class=\"p1\" style=\"text-align: justify;\">Les bo\u00eetes Ella de Reda Amalou s\u2019inspirent de la culture asiatique et plus sp\u00e9cifiquement la culture vietnamienne. Lignes \u00e9l\u00e9gantes et v\u00e9ritable coquille d\u2019\u0153uf appliqu\u00e9e sous de nombreuses couches de laque en font un objet pr\u00e9cieux qui peut \u00eatre utilis\u00e9 comme bo\u00eete \u00e0 bijoux ou pour contenir des secrets.<\/p>\n","protected":false},"excerpt":{"rendered":"<p>Bo\u00eete en coquille d&#8217;\u0153uf blanche et laque<br \/>\n\u00c9galement disponible en coquille d&#8217;\u0153uf brun<br \/>\nPoign\u00e9e en bronze antique patin\u00e9<\/p>\n<p>Disponible en deux tailles :<br \/>\nPetit : L 18 x P 18 x H 10.5 cm<br \/>\nGrand : L 33 x P 23 x H 6.5 cm<\/p>\n<p>D\u00e9lais de production : 8 &#8211; 10 semaines<\/p>\n<p class=\"p1\"><span style=\"text-decoration: underline;\"><span class=\"s1\"><a href=\"https:\/\/www.theinvisiblecollection.com\/fr\/contact-produit\/?product_id=36055\" target=\"_blank\" rel=\"noopener\">Contactez-nous pour toute demande de devis ou de renseignements<\/a><\/span><\/span><\/p>\n","protected":false},"featured_media":100546,"template":"","meta":{"_acf_changed":false,"content-type":"","_themeisle_gutenberg_block_has_review":false},"product_brand":[],"product_cat":[7517,12528,12531,12532,13076,16319],"product_tag":[10861,10862,10884,22790,31474],"product_designer":[8895],"comfabric":[],"manufacturer":[34221],"reporting_designer":[37724],"samplecomfabric":[],"designer_clubroom":[],"class_list":{"0":"post-36055","1":"product","2":"type-product","3":"status-publish","4":"has-post-thumbnail","6":"product_cat-deco-fr","7":"product_cat-boites","8":"product_cat-objets-de-decoration","9":"product_cat-accessoires-de-bureau","10":"product_cat-bureau-a-la-maison","11":"product_cat-cartes-cadeaux","12":"product_tag-boite-ella","13":"product_tag-boite-ella-fr","14":"product_tag-amadou-fr","15":"product_tag-disponible-immediatement","16":"product_tag-co-white-fr","17":"pa_color-coquille-doeuf-blanc-fr","18":"pa_color-coquille-doeuf-brun-fr","19":"pa_size-grand-fr","20":"pa_size-petit","21":"product_designer-reda-amalou-fr","22":"manufacturer-reda-amalou-pick-up-cadogan-tate-cdg-fr","23":"reporting_designer-reda-amalou","24":"exhibitions-londres-fr","26":"first","27":"instock","28":"taxable","29":"shipping-taxable","30":"purchasable","31":"product-type-variable"},"acf":[],"_links":{"self":[{"href":"https:\/\/theinvisiblecollection.com\/fr\/wp-json\/wp\/v2\/product\/36055","targetHints":{"allow":["GET"]}}],"collection":[{"href":"https:\/\/theinvisiblecollection.com\/fr\/wp-json\/wp\/v2\/product"}],"about":[{"href":"https:\/\/theinvisiblecollection.com\/fr\/wp-json\/wp\/v2\/types\/product"}],"wp:featuredmedia":[{"embeddable":true,"href":"https:\/\/theinvisiblecollection.com\/fr\/wp-json\/wp\/v2\/media\/100546"}],"wp:attachment":[{"href":"https:\/\/theinvisiblecollection.com\/fr\/wp-json\/wp\/v2\/media?parent=36055"}],"wp:term":[{"taxonomy":"product_brand","embeddable":true,"href":"https:\/\/theinvisiblecollection.com\/fr\/wp-json\/wp\/v2\/product_brand?post=36055"},{"taxonomy":"product_cat","embeddable":true,"href":"https:\/\/theinvisiblecollection.com\/fr\/wp-json\/wp\/v2\/product_cat?post=36055"},{"taxonomy":"product_tag","embeddable":true,"href":"https:\/\/theinvisiblecollection.com\/fr\/wp-json\/wp\/v2\/product_tag?post=36055"},{"taxonomy":"product_designer","embeddable":true,"href":"https:\/\/theinvisiblecollection.com\/fr\/wp-json\/wp\/v2\/product_designer?post=36055"},{"taxonomy":"comfabric","embeddable":true,"href":"https:\/\/theinvisiblecollection.com\/fr\/wp-json\/wp\/v2\/comfabric?post=36055"},{"taxonomy":"manufacturer","embeddable":true,"href":"https:\/\/theinvisiblecollection.com\/fr\/wp-json\/wp\/v2\/manufacturer?post=36055"},{"taxonomy":"reporting_designer","embeddable":true,"href":"https:\/\/theinvisiblecollection.com\/fr\/wp-json\/wp\/v2\/reporting_designer?post=36055"},{"taxonomy":"samplecomfabric","embeddable":true,"href":"https:\/\/theinvisiblecollection.com\/fr\/wp-json\/wp\/v2\/samplecomfabric?post=36055"},{"taxonomy":"clubroom_product_designer","embeddable":true,"href":"https:\/\/theinvisiblecollection.com\/fr\/wp-json\/wp\/v2\/designer_clubroom?post=36055"}],"curies":[{"name":"wp","href":"https:\/\/api.w.org\/{rel}","templated":true}]}}