{"id":36061,"date":"2020-03-12T00:00:00","date_gmt":"2020-03-11T23:00:00","guid":{"rendered":"https:\/\/www.theinvisiblecollection.com\/product\/boite-enso\/"},"modified":"2026-05-01T07:40:07","modified_gmt":"2026-05-01T07:40:07","slug":"gustavo-neves-boite-enso","status":"publish","type":"product","link":"https:\/\/theinvisiblecollection.com\/fr\/produit\/gustavo-neves-boite-enso\/","title":{"rendered":"Bo\u00eete Enso"},"content":{"rendered":"","protected":false},"excerpt":{"rendered":"<p>\u00c9dition limit\u00e9e de 8 pi\u00e8ces + 4 preuves d&#8217;artiste<br \/>\nBo\u00eete en bronze et s\u00e9l\u00e9nite blanche<\/p>\n<p>L 25 x l 20 x H 14 cm<\/p>\n<p>Fabriqu\u00e9e \u00e0 la main au Br\u00e9sil<br \/>\nD\u00e9lais de production : 20 &#8211; 24 semaines<\/p>\n<p><span style=\"text-decoration: underline;\"><a href=\"https:\/\/www.theinvisiblecollection.com\/fr\/demande-de-devis\/?product_id=36061\">Contactez-nous pour toute demande de devis ou de renseignements<\/a><\/span><\/p>\n","protected":false},"featured_media":606757,"template":"","meta":{"_acf_changed":false,"content-type":"","_themeisle_gutenberg_block_has_review":false},"product_brand":[],"product_cat":[7517,12528,12531,12532],"product_tag":[9058,9193,9314,9315,9329,11334,11335,11337,33319],"product_designer":[8926],"comfabric":[],"manufacturer":[16887],"reporting_designer":[37166],"samplecomfabric":[],"designer_clubroom":[],"class_list":{"0":"post-36061","1":"product","2":"type-product","3":"status-publish","4":"has-post-thumbnail","6":"product_cat-deco-fr","7":"product_cat-boites","8":"product_cat-objets-de-decoration","9":"product_cat-accessoires-de-bureau","10":"product_tag-bronze-fr-2","11":"product_tag-neves-fr","12":"product_tag-selenite-blanche","13":"product_tag-enso-fr","14":"product_tag-boite-enso","15":"product_tag-eco-friendly-fr","16":"product_tag-eco-design","17":"product_tag-durable","18":"product_tag-edition-limitee","19":"product_designer-gustavo-neves-fr","20":"manufacturer-gustavo-neves-showroom-fr","21":"reporting_designer-gustavo-neves","23":"first","24":"instock","25":"taxable","26":"shipping-taxable","27":"purchasable","28":"product-type-simple"},"acf":[],"_links":{"self":[{"href":"https:\/\/theinvisiblecollection.com\/fr\/wp-json\/wp\/v2\/product\/36061","targetHints":{"allow":["GET"]}}],"collection":[{"href":"https:\/\/theinvisiblecollection.com\/fr\/wp-json\/wp\/v2\/product"}],"about":[{"href":"https:\/\/theinvisiblecollection.com\/fr\/wp-json\/wp\/v2\/types\/product"}],"wp:featuredmedia":[{"embeddable":true,"href":"https:\/\/theinvisiblecollection.com\/fr\/wp-json\/wp\/v2\/media\/606757"}],"wp:attachment":[{"href":"https:\/\/theinvisiblecollection.com\/fr\/wp-json\/wp\/v2\/media?parent=36061"}],"wp:term":[{"taxonomy":"product_brand","embeddable":true,"href":"https:\/\/theinvisiblecollection.com\/fr\/wp-json\/wp\/v2\/product_brand?post=36061"},{"taxonomy":"product_cat","embeddable":true,"href":"https:\/\/theinvisiblecollection.com\/fr\/wp-json\/wp\/v2\/product_cat?post=36061"},{"taxonomy":"product_tag","embeddable":true,"href":"https:\/\/theinvisiblecollection.com\/fr\/wp-json\/wp\/v2\/product_tag?post=36061"},{"taxonomy":"product_designer","embeddable":true,"href":"https:\/\/theinvisiblecollection.com\/fr\/wp-json\/wp\/v2\/product_designer?post=36061"},{"taxonomy":"comfabric","embeddable":true,"href":"https:\/\/theinvisiblecollection.com\/fr\/wp-json\/wp\/v2\/comfabric?post=36061"},{"taxonomy":"manufacturer","embeddable":true,"href":"https:\/\/theinvisiblecollection.com\/fr\/wp-json\/wp\/v2\/manufacturer?post=36061"},{"taxonomy":"reporting_designer","embeddable":true,"href":"https:\/\/theinvisiblecollection.com\/fr\/wp-json\/wp\/v2\/reporting_designer?post=36061"},{"taxonomy":"samplecomfabric","embeddable":true,"href":"https:\/\/theinvisiblecollection.com\/fr\/wp-json\/wp\/v2\/samplecomfabric?post=36061"},{"taxonomy":"clubroom_product_designer","embeddable":true,"href":"https:\/\/theinvisiblecollection.com\/fr\/wp-json\/wp\/v2\/designer_clubroom?post=36061"}],"curies":[{"name":"wp","href":"https:\/\/api.w.org\/{rel}","templated":true}]}}