{"id":36062,"date":"2018-10-15T00:00:00","date_gmt":"2018-10-14T23:00:00","guid":{"rendered":"https:\/\/www.theinvisiblecollection.com\/product\/boite-grenade\/"},"modified":"2026-05-01T07:40:07","modified_gmt":"2026-05-01T07:40:07","slug":"boite-grenade","status":"publish","type":"product","link":"https:\/\/theinvisiblecollection.com\/fr\/produit\/boite-grenade\/","title":{"rendered":"Bo\u00eete Grenade"},"content":{"rendered":"<div style=\"text-align: justify;\">\u00c9crin pr\u00e9cieux mimant une grenade, fruit sacr\u00e9 dans toutes les civilisations, m\u00e9taphore de la vie, la fertilit\u00e9 et la r\u00e9surrection.\u00a0Toutes les pierres sont taill\u00e9es \u00e0\u00a0la main, sp\u00e9cialement pour la Maison Goossens.<\/div>\n","protected":false},"excerpt":{"rendered":"<p>Dessin\u00e9e par Harumi Klossowska de Rola<br \/>\nBo\u00eete en laiton enti\u00e8rement plaqu\u00e9 or 24 carats<br \/>\nEmpi\u00e8cement en laiton plaqu\u00e9 or 24 carats avec ornements grenat<\/p>\n<p>\u00d8 9 x H 9 cm<\/p>\n<p>Fabriqu\u00e9e \u00e0 la main \u00e0 Paris, France<br \/>\nD\u00e9lais de production : 6 &#8211; 8 semaines<\/p>\n<p><span style=\"text-decoration: underline;\"><a href=\"https:\/\/www.theinvisiblecollection.com\/fr\/contact-produit\/?product_id=36062\" target=\"_blank\" rel=\"noopener\">Contactez-nous pour toute demande de devis ou de renseignements<\/a><\/span><\/p>\n","protected":false},"featured_media":76670,"template":"","meta":{"_acf_changed":false,"content-type":"","_themeisle_gutenberg_block_has_review":false},"product_brand":[],"product_cat":[12531,12532,16319,7517,12528],"product_tag":[31476,35206,10355,12734],"product_designer":[8928,10621],"comfabric":[],"manufacturer":[16919],"reporting_designer":[37524,37526],"samplecomfabric":[],"designer_clubroom":[],"class_list":{"0":"post-36062","1":"product","2":"type-product","3":"status-publish","4":"has-post-thumbnail","6":"product_cat-objets-de-decoration","7":"product_cat-accessoires-de-bureau","8":"product_cat-cartes-cadeaux","9":"product_cat-deco-fr","10":"product_cat-boites","11":"product_tag-st-collectible-fr","12":"product_tag-exclusive-fr","13":"product_tag-iconique","14":"product_tag-superstar-fr","15":"product_shipping_class-gossens-1kg-fr","16":"product_designer-goossens-fr","17":"product_designer-harumi-klossowska-de-rola-fr","18":"manufacturer-goossens-paris-fr","19":"reporting_designer-goossens","20":"reporting_designer-harumi-klossowska-de-rola","22":"first","23":"instock","24":"taxable","25":"shipping-taxable","26":"purchasable","27":"product-type-simple"},"acf":[],"_links":{"self":[{"href":"https:\/\/theinvisiblecollection.com\/fr\/wp-json\/wp\/v2\/product\/36062","targetHints":{"allow":["GET"]}}],"collection":[{"href":"https:\/\/theinvisiblecollection.com\/fr\/wp-json\/wp\/v2\/product"}],"about":[{"href":"https:\/\/theinvisiblecollection.com\/fr\/wp-json\/wp\/v2\/types\/product"}],"wp:featuredmedia":[{"embeddable":true,"href":"https:\/\/theinvisiblecollection.com\/fr\/wp-json\/wp\/v2\/media\/76670"}],"wp:attachment":[{"href":"https:\/\/theinvisiblecollection.com\/fr\/wp-json\/wp\/v2\/media?parent=36062"}],"wp:term":[{"taxonomy":"product_brand","embeddable":true,"href":"https:\/\/theinvisiblecollection.com\/fr\/wp-json\/wp\/v2\/product_brand?post=36062"},{"taxonomy":"product_cat","embeddable":true,"href":"https:\/\/theinvisiblecollection.com\/fr\/wp-json\/wp\/v2\/product_cat?post=36062"},{"taxonomy":"product_tag","embeddable":true,"href":"https:\/\/theinvisiblecollection.com\/fr\/wp-json\/wp\/v2\/product_tag?post=36062"},{"taxonomy":"product_designer","embeddable":true,"href":"https:\/\/theinvisiblecollection.com\/fr\/wp-json\/wp\/v2\/product_designer?post=36062"},{"taxonomy":"comfabric","embeddable":true,"href":"https:\/\/theinvisiblecollection.com\/fr\/wp-json\/wp\/v2\/comfabric?post=36062"},{"taxonomy":"manufacturer","embeddable":true,"href":"https:\/\/theinvisiblecollection.com\/fr\/wp-json\/wp\/v2\/manufacturer?post=36062"},{"taxonomy":"reporting_designer","embeddable":true,"href":"https:\/\/theinvisiblecollection.com\/fr\/wp-json\/wp\/v2\/reporting_designer?post=36062"},{"taxonomy":"samplecomfabric","embeddable":true,"href":"https:\/\/theinvisiblecollection.com\/fr\/wp-json\/wp\/v2\/samplecomfabric?post=36062"},{"taxonomy":"clubroom_product_designer","embeddable":true,"href":"https:\/\/theinvisiblecollection.com\/fr\/wp-json\/wp\/v2\/designer_clubroom?post=36062"}],"curies":[{"name":"wp","href":"https:\/\/api.w.org\/{rel}","templated":true}]}}