{"id":36100,"date":"2019-03-28T00:00:00","date_gmt":"2019-03-27T23:00:00","guid":{"rendered":"https:\/\/www.theinvisiblecollection.com\/product\/bol-bronze\/"},"modified":"2026-05-01T07:40:07","modified_gmt":"2026-05-01T07:40:07","slug":"bol-bronze","status":"publish","type":"product","link":"https:\/\/theinvisiblecollection.com\/fr\/produit\/bol-bronze\/","title":{"rendered":"Bol Bronze"},"content":{"rendered":"<p>Projet de Rebecca James Studio photographi\u00e9 par Richard Gooding.<\/p>\n","protected":false},"excerpt":{"rendered":"<p>Bronze naturel et patine noire, sculpt\u00e9 gr\u00e2ce \u00e0 la technique de la cire perdue<br \/>\nChaque pi\u00e8ce est unique<br \/>\nDimensions et mat\u00e9riaux sur-mesure sur demande<\/p>\n<p>Quatre tailles disponibles ou vendu par set de quatre :<br \/>\nS : L 7 x H 3.5 cm<br \/>\nM : L 9 x H 4 cm<br \/>\nL : L 12 x H 5.5 cm<br \/>\nXL : L 15 x H 6 cm<\/p>\n<p>Fabriqu\u00e9 \u00e0 la main en Italie<br \/>\nD\u00e9lais de production : 12 &#8211; 14 semaines<br \/>\n<span style=\"text-decoration: underline;\"><a href=\"https:\/\/www.theinvisiblecollection.com\/fr\/demande-de-devis\/?product_id=36100\" target=\"_blank\" rel=\"noopener noreferrer\">Contactez-nous pour toute demande de devis ou de renseignements<\/a><\/span><\/p>\n","protected":false},"featured_media":72347,"template":"","meta":{"_acf_changed":false,"content-type":"","_themeisle_gutenberg_block_has_review":false},"product_brand":[],"product_cat":[7517,12531,12535],"product_tag":[8955,8993,9136,9416,9681],"product_designer":[8873],"comfabric":[],"manufacturer":[20001],"reporting_designer":[37502],"samplecomfabric":[],"designer_clubroom":[],"class_list":{"0":"post-36100","1":"product","2":"type-product","3":"status-publish","4":"has-post-thumbnail","6":"product_cat-deco-fr","7":"product_cat-objets-de-decoration","8":"product_cat-arts-de-la-table","9":"product_tag-table","10":"product_tag-salon","11":"product_tag-bol-fr","12":"product_tag-design-fr","13":"product_tag-osanna-visconti-fr-fr","14":"pa_material-bronze-naturel-fr","15":"pa_material-patine-noire-fr","16":"pa_size-extra-large-fr","17":"pa_size-grand-fr","18":"pa_size-moyen-fr","19":"pa_size-petit","20":"pa_size-set-de-4-fr","21":"product_designer-osanna-visconti-fr","22":"manufacturer-osanna-visconti-gallery-fr","23":"reporting_designer-osanna-visconti","25":"first","26":"instock","27":"taxable","28":"shipping-taxable","29":"purchasable","30":"product-type-variable"},"acf":[],"_links":{"self":[{"href":"https:\/\/theinvisiblecollection.com\/fr\/wp-json\/wp\/v2\/product\/36100","targetHints":{"allow":["GET"]}}],"collection":[{"href":"https:\/\/theinvisiblecollection.com\/fr\/wp-json\/wp\/v2\/product"}],"about":[{"href":"https:\/\/theinvisiblecollection.com\/fr\/wp-json\/wp\/v2\/types\/product"}],"wp:featuredmedia":[{"embeddable":true,"href":"https:\/\/theinvisiblecollection.com\/fr\/wp-json\/wp\/v2\/media\/72347"}],"wp:attachment":[{"href":"https:\/\/theinvisiblecollection.com\/fr\/wp-json\/wp\/v2\/media?parent=36100"}],"wp:term":[{"taxonomy":"product_brand","embeddable":true,"href":"https:\/\/theinvisiblecollection.com\/fr\/wp-json\/wp\/v2\/product_brand?post=36100"},{"taxonomy":"product_cat","embeddable":true,"href":"https:\/\/theinvisiblecollection.com\/fr\/wp-json\/wp\/v2\/product_cat?post=36100"},{"taxonomy":"product_tag","embeddable":true,"href":"https:\/\/theinvisiblecollection.com\/fr\/wp-json\/wp\/v2\/product_tag?post=36100"},{"taxonomy":"product_designer","embeddable":true,"href":"https:\/\/theinvisiblecollection.com\/fr\/wp-json\/wp\/v2\/product_designer?post=36100"},{"taxonomy":"comfabric","embeddable":true,"href":"https:\/\/theinvisiblecollection.com\/fr\/wp-json\/wp\/v2\/comfabric?post=36100"},{"taxonomy":"manufacturer","embeddable":true,"href":"https:\/\/theinvisiblecollection.com\/fr\/wp-json\/wp\/v2\/manufacturer?post=36100"},{"taxonomy":"reporting_designer","embeddable":true,"href":"https:\/\/theinvisiblecollection.com\/fr\/wp-json\/wp\/v2\/reporting_designer?post=36100"},{"taxonomy":"samplecomfabric","embeddable":true,"href":"https:\/\/theinvisiblecollection.com\/fr\/wp-json\/wp\/v2\/samplecomfabric?post=36100"},{"taxonomy":"clubroom_product_designer","embeddable":true,"href":"https:\/\/theinvisiblecollection.com\/fr\/wp-json\/wp\/v2\/designer_clubroom?post=36100"}],"curies":[{"name":"wp","href":"https:\/\/api.w.org\/{rel}","templated":true}]}}