{"id":36136,"date":"2019-03-28T00:00:00","date_gmt":"2019-03-27T23:00:00","guid":{"rendered":"https:\/\/www.theinvisiblecollection.com\/product\/bougeoir-nastri\/"},"modified":"2026-05-01T07:40:07","modified_gmt":"2026-05-01T07:40:07","slug":"bougeoir-nastri","status":"publish","type":"product","link":"https:\/\/theinvisiblecollection.com\/fr\/produit\/bougeoir-nastri\/","title":{"rendered":"Bougeoir Nastro"},"content":{"rendered":"<p style=\"text-align: justify;\">J&#8217;adorais les rubans quand j&#8217;\u00e9tais enfant. Je jouais avec eux pendant des heures et je me demandais toujours pourquoi ils ne pouvaient pas avoir plus de tenue. La forme qui vient naturellement des rubans est si belle que j&#8217;ai d\u00e9cid\u00e9 de les recr\u00e9er en bronze.<\/p>\n","protected":false},"excerpt":{"rendered":"<p>Bougeoir disponible en bronze naturel ou en patine noire<br \/>\nSculpt\u00e9 gr\u00e2ce \u00e0 la technique de la cire perdue<br \/>\nDimensions et mat\u00e9riaux sur-mesure sur demande<\/p>\n<p>Trois tailles disponibles :<br \/>\nSmall : H 52 cm<br \/>\nMedium : H 57 cm<br \/>\nLarge : H 60 cm<\/p>\n<p>Fabriqu\u00e9 \u00e0 la main en Italie<br \/>\nD\u00e9lais de production : 12 &#8211; 14 semaines<\/p>\n<p><span style=\"text-decoration: underline;\"><a href=\"https:\/\/www.theinvisiblecollection.com\/fr\/nous-contacter\/\">Contactez-nous pour toute demande de devis ou de renseignements<\/a><\/span><\/p>\n","protected":false},"featured_media":81965,"template":"","meta":{"_acf_changed":false,"content-type":"","_themeisle_gutenberg_block_has_review":false},"product_brand":[],"product_cat":[7517,12529],"product_tag":[8989,8993,9016,9200,11659,22790],"product_designer":[8873],"comfabric":[],"manufacturer":[20001],"reporting_designer":[37502],"samplecomfabric":[],"designer_clubroom":[],"class_list":{"0":"post-36136","1":"product","2":"type-product","3":"status-publish","4":"has-post-thumbnail","6":"product_cat-deco-fr","7":"product_cat-bougies-bougeoirs","8":"product_tag-photophore","9":"product_tag-salon","10":"product_tag-chambre-fr-2","11":"product_tag-luminaire-fr-2","12":"product_tag-osanna-visconti-di-modrone-fr","13":"product_tag-disponible-immediatement","14":"pa_color-bronze-naturel-fr","15":"pa_color-bronze-naturel-patine-noire-fr","16":"product_designer-osanna-visconti-fr","17":"manufacturer-osanna-visconti-gallery-fr","18":"reporting_designer-osanna-visconti","19":"exhibitions-londres-fr","21":"first","22":"instock","23":"taxable","24":"shipping-taxable","25":"product-type-variable"},"acf":[],"_links":{"self":[{"href":"https:\/\/theinvisiblecollection.com\/fr\/wp-json\/wp\/v2\/product\/36136","targetHints":{"allow":["GET"]}}],"collection":[{"href":"https:\/\/theinvisiblecollection.com\/fr\/wp-json\/wp\/v2\/product"}],"about":[{"href":"https:\/\/theinvisiblecollection.com\/fr\/wp-json\/wp\/v2\/types\/product"}],"wp:featuredmedia":[{"embeddable":true,"href":"https:\/\/theinvisiblecollection.com\/fr\/wp-json\/wp\/v2\/media\/81965"}],"wp:attachment":[{"href":"https:\/\/theinvisiblecollection.com\/fr\/wp-json\/wp\/v2\/media?parent=36136"}],"wp:term":[{"taxonomy":"product_brand","embeddable":true,"href":"https:\/\/theinvisiblecollection.com\/fr\/wp-json\/wp\/v2\/product_brand?post=36136"},{"taxonomy":"product_cat","embeddable":true,"href":"https:\/\/theinvisiblecollection.com\/fr\/wp-json\/wp\/v2\/product_cat?post=36136"},{"taxonomy":"product_tag","embeddable":true,"href":"https:\/\/theinvisiblecollection.com\/fr\/wp-json\/wp\/v2\/product_tag?post=36136"},{"taxonomy":"product_designer","embeddable":true,"href":"https:\/\/theinvisiblecollection.com\/fr\/wp-json\/wp\/v2\/product_designer?post=36136"},{"taxonomy":"comfabric","embeddable":true,"href":"https:\/\/theinvisiblecollection.com\/fr\/wp-json\/wp\/v2\/comfabric?post=36136"},{"taxonomy":"manufacturer","embeddable":true,"href":"https:\/\/theinvisiblecollection.com\/fr\/wp-json\/wp\/v2\/manufacturer?post=36136"},{"taxonomy":"reporting_designer","embeddable":true,"href":"https:\/\/theinvisiblecollection.com\/fr\/wp-json\/wp\/v2\/reporting_designer?post=36136"},{"taxonomy":"samplecomfabric","embeddable":true,"href":"https:\/\/theinvisiblecollection.com\/fr\/wp-json\/wp\/v2\/samplecomfabric?post=36136"},{"taxonomy":"clubroom_product_designer","embeddable":true,"href":"https:\/\/theinvisiblecollection.com\/fr\/wp-json\/wp\/v2\/designer_clubroom?post=36136"}],"curies":[{"name":"wp","href":"https:\/\/api.w.org\/{rel}","templated":true}]}}