{"id":36147,"date":"2020-02-06T00:00:00","date_gmt":"2020-02-05T23:00:00","guid":{"rendered":"https:\/\/www.theinvisiblecollection.com\/product\/bougeoirs-la-bande-de-lobi\/"},"modified":"2026-05-01T07:40:07","modified_gmt":"2026-05-01T07:40:07","slug":"maison-integre-bougeoirs-la-bande-de-lobi","status":"publish","type":"product","link":"https:\/\/theinvisiblecollection.com\/fr\/produit\/maison-integre-bougeoirs-la-bande-de-lobi\/","title":{"rendered":"Bougeoirs La Bande De Lobi"},"content":{"rendered":"<p>Cet ensemble de trois bougeoirs s&#8217;inspire des lance-pierres et des fl\u00fbtes Lobi. L&#8217;ethnie Lobi, principalement pr\u00e9sente dans le sud-ouest du Burkina Faso, est r\u00e9put\u00e9e pour ses comp\u00e9tences guerri\u00e8res et son habilet\u00e9 \u00e0 la chasse.<\/p>\n<p>Cet ensemble de bougeoirs et artisanalement con\u00e7u au Bukina Faso \u00e0 partir de m\u00e9taux recycl\u00e9s.<\/p>\n","protected":false},"excerpt":{"rendered":"<p>Design par Pia Chevalier<br \/>\nSet de 3 bougeoirs en bronze poli, faits \u00e0 la main par des artisans \u00e0 partir de m\u00e9taux recycl\u00e9s<br \/>\nChaque pi\u00e8ce est unique en raison de sa nature artisanale, les formes et les teintes varient l\u00e9g\u00e8rement<br \/>\n<span style=\"text-decoration: underline;\"><a href=\"https:\/\/theinvisiblecollection.com\/wp-content\/uploads\/2022\/03\/TheInvisibleCollection_MaisonIntegre_FinishesSelection-1.pdf\" target=\"_blank\" rel=\"noopener\">D\u00e9couvrez la s\u00e9lection de finitions ici<\/a><\/span><\/p>\n<p>De gauche \u00e0 droite<br \/>\nH 17 cm<br \/>\nH 22 cm<br \/>\nH 16 cm<\/p>\n<p>Fabriqu\u00e9s \u00e0 la main au Burkina Faso<br \/>\nD\u00e9lais de production : 6 \u2014 10 semaines<\/p>\n<p><span style=\"text-decoration: underline;\"><a href=\"https:\/\/www.theinvisiblecollection.com\/fr\/demande-de-devis\/?product_id=36147\" target=\"_blank\" rel=\"noopener\">Contactez-nous pour toute demande de devis ou de renseignements<\/a><\/span><\/p>\n","protected":false},"featured_media":111216,"template":"","meta":{"_acf_changed":false,"content-type":"","_themeisle_gutenberg_block_has_review":false},"product_brand":[],"product_cat":[7517,12529,12531,12535,16319],"product_tag":[8989,9058,9071,9211,9267,9268,9270,9279,9280,11334,31477],"product_designer":[8869,10668],"comfabric":[],"manufacturer":[28429],"reporting_designer":[37518],"samplecomfabric":[],"designer_clubroom":[],"class_list":{"0":"post-36147","1":"product","2":"type-product","3":"status-publish","4":"has-post-thumbnail","6":"product_cat-deco-fr","7":"product_cat-bougies-bougeoirs","8":"product_cat-objets-de-decoration","9":"product_cat-arts-de-la-table","10":"product_cat-cartes-cadeaux","11":"product_tag-photophore","12":"product_tag-bronze-fr-2","13":"product_tag-bronze-poli","14":"product_tag-bougie","15":"product_tag-house","16":"product_tag-maison-integre-fr","17":"product_tag-burkina-fr-2","18":"product_tag-lobi-fr","19":"product_tag-pia-chevalier-fr-fr","20":"product_tag-eco-friendly-fr","21":"product_tag-st-curvy-fr","22":"pa_finish-brut-fr","23":"pa_finish-poli-fr","24":"product_designer-maison-integre-fr","25":"product_designer-pia-chevalier-fr","26":"manufacturer-maison-intgre-matires-vives-fr","27":"reporting_designer-maison-integre","29":"first","30":"instock","31":"taxable","32":"shipping-taxable","33":"purchasable","34":"product-type-variable"},"acf":[],"_links":{"self":[{"href":"https:\/\/theinvisiblecollection.com\/fr\/wp-json\/wp\/v2\/product\/36147","targetHints":{"allow":["GET"]}}],"collection":[{"href":"https:\/\/theinvisiblecollection.com\/fr\/wp-json\/wp\/v2\/product"}],"about":[{"href":"https:\/\/theinvisiblecollection.com\/fr\/wp-json\/wp\/v2\/types\/product"}],"wp:featuredmedia":[{"embeddable":true,"href":"https:\/\/theinvisiblecollection.com\/fr\/wp-json\/wp\/v2\/media\/111216"}],"wp:attachment":[{"href":"https:\/\/theinvisiblecollection.com\/fr\/wp-json\/wp\/v2\/media?parent=36147"}],"wp:term":[{"taxonomy":"product_brand","embeddable":true,"href":"https:\/\/theinvisiblecollection.com\/fr\/wp-json\/wp\/v2\/product_brand?post=36147"},{"taxonomy":"product_cat","embeddable":true,"href":"https:\/\/theinvisiblecollection.com\/fr\/wp-json\/wp\/v2\/product_cat?post=36147"},{"taxonomy":"product_tag","embeddable":true,"href":"https:\/\/theinvisiblecollection.com\/fr\/wp-json\/wp\/v2\/product_tag?post=36147"},{"taxonomy":"product_designer","embeddable":true,"href":"https:\/\/theinvisiblecollection.com\/fr\/wp-json\/wp\/v2\/product_designer?post=36147"},{"taxonomy":"comfabric","embeddable":true,"href":"https:\/\/theinvisiblecollection.com\/fr\/wp-json\/wp\/v2\/comfabric?post=36147"},{"taxonomy":"manufacturer","embeddable":true,"href":"https:\/\/theinvisiblecollection.com\/fr\/wp-json\/wp\/v2\/manufacturer?post=36147"},{"taxonomy":"reporting_designer","embeddable":true,"href":"https:\/\/theinvisiblecollection.com\/fr\/wp-json\/wp\/v2\/reporting_designer?post=36147"},{"taxonomy":"samplecomfabric","embeddable":true,"href":"https:\/\/theinvisiblecollection.com\/fr\/wp-json\/wp\/v2\/samplecomfabric?post=36147"},{"taxonomy":"clubroom_product_designer","embeddable":true,"href":"https:\/\/theinvisiblecollection.com\/fr\/wp-json\/wp\/v2\/designer_clubroom?post=36147"}],"curies":[{"name":"wp","href":"https:\/\/api.w.org\/{rel}","templated":true}]}}