{"id":3617074,"date":"2024-09-10T00:00:00","date_gmt":"2024-09-10T00:00:00","guid":{"rendered":"https:\/\/theinvisiblecollection.com\/?post_type=product&#038;p=3617074"},"modified":"2026-05-08T04:39:16","modified_gmt":"2026-05-08T04:39:16","slug":"courtney-applebaum-table-basse-en-verre-moule-seme","status":"publish","type":"product","link":"https:\/\/theinvisiblecollection.com\/fr\/produit\/courtney-applebaum-table-basse-en-verre-moule-seme\/","title":{"rendered":"Table Basse En Verre Moul\u00e9 Sem\u00e9"},"content":{"rendered":"<p style=\"text-align: justify;\">La table Seed Sand-Casted Glass de Courtney Applebaum est compos\u00e9e de verre fondu coul\u00e9 dans des moules qui lui donnent sa forme. Une fois cuit, La surface du verre est l\u00e9g\u00e8rement textur\u00e9e et r\u00e9fracte la lumi\u00e8re en r\u00e9v\u00e9lant des tons de turquoise p\u00e2le. Cette table \u00e9tonnante est la signature la plus convoit\u00e9e de Courtney Applebaum.<\/p>\n","protected":false},"excerpt":{"rendered":"<p>La table Seed Sand-Casted Glass de Courtney Applebaum est compos\u00e9e de verre fondu coul\u00e9 dans des moules qui lui donnent sa forme. Une fois cuit, La surface du verre est l\u00e9g\u00e8rement textur\u00e9e et r\u00e9fracte la lumi\u00e8re en r\u00e9v\u00e9lant des tons de turquoise p\u00e2le. Cette table \u00e9tonnante est la signature la plus convoit\u00e9e de Courtney Applebaum.<\/p>\n","protected":false},"featured_media":3962850,"template":"","meta":{"_acf_changed":false,"content-type":"","_themeisle_gutenberg_block_has_review":false},"product_brand":[],"product_cat":[7509,12503],"product_tag":[],"product_designer":[24433],"comfabric":[],"manufacturer":[24393],"reporting_designer":[37847],"samplecomfabric":[],"designer_clubroom":[],"class_list":{"0":"post-3617074","1":"product","2":"type-product","3":"status-publish","4":"has-post-thumbnail","6":"product_cat-tables-basses-dappoint","7":"product_cat-tables-fr","8":"pa_size-grand-fr","9":"pa_size-petit","10":"product_designer-courtney-applebaum-design-fr","11":"manufacturer-john-lewis-glass-fr","12":"reporting_designer-courtney-applebaum-design","13":"exhibitions-new-york-fr","15":"first","16":"instock","17":"taxable","18":"shipping-taxable","19":"purchasable","20":"product-type-variable"},"acf":[],"_links":{"self":[{"href":"https:\/\/theinvisiblecollection.com\/fr\/wp-json\/wp\/v2\/product\/3617074","targetHints":{"allow":["GET"]}}],"collection":[{"href":"https:\/\/theinvisiblecollection.com\/fr\/wp-json\/wp\/v2\/product"}],"about":[{"href":"https:\/\/theinvisiblecollection.com\/fr\/wp-json\/wp\/v2\/types\/product"}],"wp:featuredmedia":[{"embeddable":true,"href":"https:\/\/theinvisiblecollection.com\/fr\/wp-json\/wp\/v2\/media\/3962850"}],"wp:attachment":[{"href":"https:\/\/theinvisiblecollection.com\/fr\/wp-json\/wp\/v2\/media?parent=3617074"}],"wp:term":[{"taxonomy":"product_brand","embeddable":true,"href":"https:\/\/theinvisiblecollection.com\/fr\/wp-json\/wp\/v2\/product_brand?post=3617074"},{"taxonomy":"product_cat","embeddable":true,"href":"https:\/\/theinvisiblecollection.com\/fr\/wp-json\/wp\/v2\/product_cat?post=3617074"},{"taxonomy":"product_tag","embeddable":true,"href":"https:\/\/theinvisiblecollection.com\/fr\/wp-json\/wp\/v2\/product_tag?post=3617074"},{"taxonomy":"product_designer","embeddable":true,"href":"https:\/\/theinvisiblecollection.com\/fr\/wp-json\/wp\/v2\/product_designer?post=3617074"},{"taxonomy":"comfabric","embeddable":true,"href":"https:\/\/theinvisiblecollection.com\/fr\/wp-json\/wp\/v2\/comfabric?post=3617074"},{"taxonomy":"manufacturer","embeddable":true,"href":"https:\/\/theinvisiblecollection.com\/fr\/wp-json\/wp\/v2\/manufacturer?post=3617074"},{"taxonomy":"reporting_designer","embeddable":true,"href":"https:\/\/theinvisiblecollection.com\/fr\/wp-json\/wp\/v2\/reporting_designer?post=3617074"},{"taxonomy":"samplecomfabric","embeddable":true,"href":"https:\/\/theinvisiblecollection.com\/fr\/wp-json\/wp\/v2\/samplecomfabric?post=3617074"},{"taxonomy":"clubroom_product_designer","embeddable":true,"href":"https:\/\/theinvisiblecollection.com\/fr\/wp-json\/wp\/v2\/designer_clubroom?post=3617074"}],"curies":[{"name":"wp","href":"https:\/\/api.w.org\/{rel}","templated":true}]}}