{"id":36175,"date":"2018-10-11T00:00:00","date_gmt":"2018-10-10T23:00:00","guid":{"rendered":"https:\/\/www.theinvisiblecollection.com\/product\/branche-de-gui\/"},"modified":"2026-05-01T07:40:07","modified_gmt":"2026-05-01T07:40:07","slug":"branche-de-gui","status":"publish","type":"product","link":"https:\/\/theinvisiblecollection.com\/fr\/produit\/branche-de-gui\/","title":{"rendered":"Branche de Gui"},"content":{"rendered":"<div style=\"text-align: justify;\">Branche de gui, plante sacr\u00e9e \u00e9voquant l\u2019immortalit\u00e9 et la prosp\u00e9rit\u00e9,\u00a0orn\u00e9e de perles de cristal de roche baroques.\u00a0Les inclusions naturelles du cristal de roche rendent chaque pi\u00e8ce unique.\u00a0Toutes les pierres sont taill\u00e9es \u00e0\u00a0la main, sp\u00e9cialement pour la Maison Goossens.<\/div>\n","protected":false},"excerpt":{"rendered":"<p>Dessin\u00e9 par\u00a0Harumi Klossowska de Rola<br \/>\nBranche de Gui d\u00e9corative en laiton plaqu\u00e9 or 24 carats<br \/>\nFinition satin\u00e9e<br \/>\nPerles de cristal de roche<\/p>\n<p>L 25 x H 9 cm<\/p>\n<p>Fabriqu\u00e9e \u00e0 la main \u00e0 Paris, France<br \/>\nD\u00e9lais de production : 6 &#8211; 8 semaines<\/p>\n<p><span style=\"text-decoration: underline;\"><a href=\"https:\/\/www.theinvisiblecollection.com\/fr\/contact-produit\/?product_id=36175\" target=\"_blank\" rel=\"noopener\">Contactez-nous pour toute demande de devis ou de renseignements<\/a><\/span><\/p>\n","protected":false},"featured_media":81959,"template":"","meta":{"_acf_changed":false,"content-type":"","_themeisle_gutenberg_block_has_review":false},"product_brand":[],"product_cat":[7517,12531],"product_tag":[35206,8994,31476,31477],"product_designer":[8928,10621],"comfabric":[],"manufacturer":[16919],"reporting_designer":[37524,37526],"samplecomfabric":[],"designer_clubroom":[],"class_list":{"0":"post-36175","1":"product","2":"type-product","3":"status-publish","4":"has-post-thumbnail","6":"product_cat-deco-fr","7":"product_cat-objets-de-decoration","8":"product_tag-exclusive-fr","9":"product_tag-dore","10":"product_tag-st-collectible-fr","11":"product_tag-st-curvy-fr","12":"product_shipping_class-goossens-1kg-fr","13":"product_designer-goossens-fr","14":"product_designer-harumi-klossowska-de-rola-fr","15":"manufacturer-goossens-paris-fr","16":"reporting_designer-goossens","17":"reporting_designer-harumi-klossowska-de-rola","19":"first","20":"instock","21":"taxable","22":"shipping-taxable","23":"purchasable","24":"product-type-simple"},"acf":[],"_links":{"self":[{"href":"https:\/\/theinvisiblecollection.com\/fr\/wp-json\/wp\/v2\/product\/36175","targetHints":{"allow":["GET"]}}],"collection":[{"href":"https:\/\/theinvisiblecollection.com\/fr\/wp-json\/wp\/v2\/product"}],"about":[{"href":"https:\/\/theinvisiblecollection.com\/fr\/wp-json\/wp\/v2\/types\/product"}],"wp:featuredmedia":[{"embeddable":true,"href":"https:\/\/theinvisiblecollection.com\/fr\/wp-json\/wp\/v2\/media\/81959"}],"wp:attachment":[{"href":"https:\/\/theinvisiblecollection.com\/fr\/wp-json\/wp\/v2\/media?parent=36175"}],"wp:term":[{"taxonomy":"product_brand","embeddable":true,"href":"https:\/\/theinvisiblecollection.com\/fr\/wp-json\/wp\/v2\/product_brand?post=36175"},{"taxonomy":"product_cat","embeddable":true,"href":"https:\/\/theinvisiblecollection.com\/fr\/wp-json\/wp\/v2\/product_cat?post=36175"},{"taxonomy":"product_tag","embeddable":true,"href":"https:\/\/theinvisiblecollection.com\/fr\/wp-json\/wp\/v2\/product_tag?post=36175"},{"taxonomy":"product_designer","embeddable":true,"href":"https:\/\/theinvisiblecollection.com\/fr\/wp-json\/wp\/v2\/product_designer?post=36175"},{"taxonomy":"comfabric","embeddable":true,"href":"https:\/\/theinvisiblecollection.com\/fr\/wp-json\/wp\/v2\/comfabric?post=36175"},{"taxonomy":"manufacturer","embeddable":true,"href":"https:\/\/theinvisiblecollection.com\/fr\/wp-json\/wp\/v2\/manufacturer?post=36175"},{"taxonomy":"reporting_designer","embeddable":true,"href":"https:\/\/theinvisiblecollection.com\/fr\/wp-json\/wp\/v2\/reporting_designer?post=36175"},{"taxonomy":"samplecomfabric","embeddable":true,"href":"https:\/\/theinvisiblecollection.com\/fr\/wp-json\/wp\/v2\/samplecomfabric?post=36175"},{"taxonomy":"clubroom_product_designer","embeddable":true,"href":"https:\/\/theinvisiblecollection.com\/fr\/wp-json\/wp\/v2\/designer_clubroom?post=36175"}],"curies":[{"name":"wp","href":"https:\/\/api.w.org\/{rel}","templated":true}]}}