{"id":36208,"date":"2025-02-26T10:04:23","date_gmt":"2025-02-26T10:04:23","guid":{"rendered":"https:\/\/www.theinvisiblecollection.com\/product\/buffet-riviera\/"},"modified":"2026-05-01T07:40:07","modified_gmt":"2026-05-01T07:40:07","slug":"charlotte-biltgen-buffet-riviera","status":"publish","type":"product","link":"https:\/\/theinvisiblecollection.com\/fr\/produit\/charlotte-biltgen-buffet-riviera\/","title":{"rendered":"Buffet Riviera"},"content":{"rendered":"<p style=\"text-align: justify;\">Cette collection est un clin d\u2019\u0153il \u00e0 la \u00ab French Riviera\u00a0\u00bb des ann\u00e9es 20, je me suis inspir\u00e9e de ce m\u00e9lange de d\u00e9sinvolture et de cr\u00e9ativit\u00e9 sur les rivages de la M\u00e9diterran\u00e9e.\u00a0Le choix de mati\u00e8res : cannage, mati\u00e8re vintage des ann\u00e9es 50 et marqueterie de paille, plus sophistiqu\u00e9e refl\u00e9tant la lumi\u00e8re du soleil donnent un esprit bord de mer au lieu. J\u2019ai travaill\u00e9 sur des formes tr\u00e8s organiques comme le tr\u00e8fle ou le serpent qui apportent une l\u00e9g\u00e8ret\u00e9 bucolique au projet.<br \/>\n<em>Photos par Stephan Julliard<\/em><\/p>\n","protected":false},"excerpt":{"rendered":"<p>Buffet en ch\u00eane avec portes en canne et plateau en marqueterie de ch\u00eane<br \/>\nMat\u00e9riaux, couleurs et dimensions sur mesure<\/p>\n<p>L 230 x l 50 x H 80 cm<\/p>\n<p>Fabriqu\u00e9 \u00e0 la main en France<br \/>\nD\u00e9lais de fabrication : 12 semaines<\/p>\n<p><span style=\"text-decoration: underline;\"><a href=\"https:\/\/www.theinvisiblecollection.com\/fr\/demande-de-devis\/?product_id=36208\" target=\"_blank\" rel=\"noopener\">Contactez-nous pour toute demande de devis ou de renseignements<\/a><\/span><\/p>\n","protected":false},"featured_media":77297,"template":"","meta":{"_acf_changed":false,"content-type":"","_themeisle_gutenberg_block_has_review":false},"product_brand":[],"product_cat":[8957,12505],"product_tag":[9001,9254,10360,31474,35206],"product_designer":[8923],"comfabric":[29586],"manufacturer":[19918],"reporting_designer":[37452],"samplecomfabric":[30114],"designer_clubroom":[],"class_list":{"0":"post-36208","1":"product","2":"type-product","3":"status-publish","4":"has-post-thumbnail","6":"product_cat-commodes","7":"product_cat-rangements","8":"product_tag-chene","9":"product_tag-marqueterie","10":"product_tag-buffet-fr","11":"product_tag-co-white-fr","12":"product_tag-exclusive-fr","13":"product_designer-charlotte-biltgen-fr","14":"comfabric-atelier-michalon-fr","15":"manufacturer-atelier-michalon-fr","16":"reporting_designer-charlotte-biltgen","17":"samplecomfabric-charlotte-biltgen-fr","19":"first","20":"instock","21":"taxable","22":"shipping-taxable","23":"product-type-simple"},"acf":[],"_links":{"self":[{"href":"https:\/\/theinvisiblecollection.com\/fr\/wp-json\/wp\/v2\/product\/36208","targetHints":{"allow":["GET"]}}],"collection":[{"href":"https:\/\/theinvisiblecollection.com\/fr\/wp-json\/wp\/v2\/product"}],"about":[{"href":"https:\/\/theinvisiblecollection.com\/fr\/wp-json\/wp\/v2\/types\/product"}],"wp:featuredmedia":[{"embeddable":true,"href":"https:\/\/theinvisiblecollection.com\/fr\/wp-json\/wp\/v2\/media\/77297"}],"wp:attachment":[{"href":"https:\/\/theinvisiblecollection.com\/fr\/wp-json\/wp\/v2\/media?parent=36208"}],"wp:term":[{"taxonomy":"product_brand","embeddable":true,"href":"https:\/\/theinvisiblecollection.com\/fr\/wp-json\/wp\/v2\/product_brand?post=36208"},{"taxonomy":"product_cat","embeddable":true,"href":"https:\/\/theinvisiblecollection.com\/fr\/wp-json\/wp\/v2\/product_cat?post=36208"},{"taxonomy":"product_tag","embeddable":true,"href":"https:\/\/theinvisiblecollection.com\/fr\/wp-json\/wp\/v2\/product_tag?post=36208"},{"taxonomy":"product_designer","embeddable":true,"href":"https:\/\/theinvisiblecollection.com\/fr\/wp-json\/wp\/v2\/product_designer?post=36208"},{"taxonomy":"comfabric","embeddable":true,"href":"https:\/\/theinvisiblecollection.com\/fr\/wp-json\/wp\/v2\/comfabric?post=36208"},{"taxonomy":"manufacturer","embeddable":true,"href":"https:\/\/theinvisiblecollection.com\/fr\/wp-json\/wp\/v2\/manufacturer?post=36208"},{"taxonomy":"reporting_designer","embeddable":true,"href":"https:\/\/theinvisiblecollection.com\/fr\/wp-json\/wp\/v2\/reporting_designer?post=36208"},{"taxonomy":"samplecomfabric","embeddable":true,"href":"https:\/\/theinvisiblecollection.com\/fr\/wp-json\/wp\/v2\/samplecomfabric?post=36208"},{"taxonomy":"clubroom_product_designer","embeddable":true,"href":"https:\/\/theinvisiblecollection.com\/fr\/wp-json\/wp\/v2\/designer_clubroom?post=36208"}],"curies":[{"name":"wp","href":"https:\/\/api.w.org\/{rel}","templated":true}]}}