{"id":36210,"date":"2019-05-16T00:00:00","date_gmt":"2019-05-16T00:00:00","guid":{"rendered":"https:\/\/www.theinvisiblecollection.com\/product\/buffet-wyllis\/"},"modified":"2026-05-01T07:40:07","modified_gmt":"2026-05-01T07:40:07","slug":"etel-buffet-wyllis","status":"publish","type":"product","link":"https:\/\/theinvisiblecollection.com\/fr\/produit\/etel-buffet-wyllis\/","title":{"rendered":"Buffet Wyllis"},"content":{"rendered":"<p style=\"text-align: justify;\">Les tiroirs et les portes de la ligne Wyllis dessin\u00e9 par Arthur de Mattos Casas sont recouverts de travertin. \u00c0 premi\u00e8re vue, chaque niche semble n\u2019avoir qu\u2019un tiroir qui, une fois ouvert, en r\u00e9v\u00e8le un autre, plus petit, cach\u00e9 derri\u00e8re la surface de la pierre.<\/p>\n","protected":false},"excerpt":{"rendered":"<p>Design par Arthur de Mattos Casas<br \/>\nSur l&#8217;image, structure du buffet en bois de Freijo<br \/>\nPortes r\u00e9alis\u00e9es en Travertin Navona<br \/>\n<span style=\"text-decoration: underline;\"><a href=\"https:\/\/theinvisiblecollection.com\/wp-content\/uploads\/2021\/07\/TheInvisibleCollection_Wood_Samples_Wyllis.pdf\" target=\"_blank\" rel=\"noopener\">D\u00e9couvrez la s\u00e9lection de bois<\/a><\/span><\/p>\n<p>Le buffet est disponible en quatre dimensions :<br \/>\nBuffet small 126 cm : L 126 x l 50 x H 52 cm<br \/>\nBuffet medium 182 cm : L 182 x l 50 x H 52 cm<br \/>\nBuffet large 238 cm : L 238 x l 50 x H 52 cm<br \/>\nBuffet extra large 294 cm : L 294 x l 50 x H 52 cm<\/p>\n<p style=\"text-align: justify;\">Cette pi\u00e8ce est r\u00e9alis\u00e9e \u00e0 la main au Br\u00e9sil, a partir de bois provenant de for\u00eats faisant l&#8217;objet d&#8217;une gestion durable. Ainsi, nous ne pouvons pas garantir de d\u00e9lais de production actuellement. La production pourrait prendre jusqu&#8217;\u00e0 une ann\u00e9e enti\u00e8re. Commandez maintenant pour vous placer en haut de la liste d&#8217;attente ou <span style=\"text-decoration: underline;\"><a href=\"https:\/\/www.theinvisiblecollection.com\/fr\/demande-de-devis\/?product_id=36210\" target=\"_blank\" rel=\"noopener\">contactez-nous pour recevoir d&#8217;autres propositions.<\/a><\/span><\/p>\n","protected":false},"featured_media":81008,"template":"","meta":{"_acf_changed":false,"content-type":"","_themeisle_gutenberg_block_has_review":false},"product_brand":[],"product_cat":[8957,12505],"product_tag":[9016,9423,9566,10360,10557,10558,10559,11335,8854,8862,8952,8993],"product_designer":[8866],"comfabric":[28854],"manufacturer":[16878],"reporting_designer":[37382],"samplecomfabric":[30448],"designer_clubroom":[],"class_list":{"0":"post-36210","1":"product","2":"type-product","3":"status-publish","4":"has-post-thumbnail","6":"product_cat-commodes","7":"product_cat-rangements","8":"product_tag-chambre-fr-2","9":"product_tag-storage","10":"product_tag-meuble","11":"product_tag-buffet-fr","12":"product_tag-travertine-navona","13":"product_tag-arthur-de-mattos-casas-fr-fr","14":"product_tag-wyllis-fr","15":"product_tag-eco-design","16":"product_tag-etel-fr-2","17":"product_tag-etel-carmona-fr-3","18":"product_tag-bois-fr","19":"product_tag-salon","20":"pa_size-extra-large-fr","21":"pa_size-l-280-x-l-100-x-h-80-fr","22":"pa_size-moyen","23":"pa_size-petit-fr","24":"pa_wood-freijo-delave-fr","25":"pa_wood-freijo-naturel-fr","26":"product_designer-etel-fr","27":"comfabric-etel-atelier-1-fr","28":"manufacturer-etel-atelier-1-fr","29":"reporting_designer-etel","30":"samplecomfabric-etel-fr","32":"first","33":"instock","34":"taxable","35":"shipping-taxable","36":"purchasable","37":"product-type-variable"},"acf":[],"_links":{"self":[{"href":"https:\/\/theinvisiblecollection.com\/fr\/wp-json\/wp\/v2\/product\/36210","targetHints":{"allow":["GET"]}}],"collection":[{"href":"https:\/\/theinvisiblecollection.com\/fr\/wp-json\/wp\/v2\/product"}],"about":[{"href":"https:\/\/theinvisiblecollection.com\/fr\/wp-json\/wp\/v2\/types\/product"}],"wp:featuredmedia":[{"embeddable":true,"href":"https:\/\/theinvisiblecollection.com\/fr\/wp-json\/wp\/v2\/media\/81008"}],"wp:attachment":[{"href":"https:\/\/theinvisiblecollection.com\/fr\/wp-json\/wp\/v2\/media?parent=36210"}],"wp:term":[{"taxonomy":"product_brand","embeddable":true,"href":"https:\/\/theinvisiblecollection.com\/fr\/wp-json\/wp\/v2\/product_brand?post=36210"},{"taxonomy":"product_cat","embeddable":true,"href":"https:\/\/theinvisiblecollection.com\/fr\/wp-json\/wp\/v2\/product_cat?post=36210"},{"taxonomy":"product_tag","embeddable":true,"href":"https:\/\/theinvisiblecollection.com\/fr\/wp-json\/wp\/v2\/product_tag?post=36210"},{"taxonomy":"product_designer","embeddable":true,"href":"https:\/\/theinvisiblecollection.com\/fr\/wp-json\/wp\/v2\/product_designer?post=36210"},{"taxonomy":"comfabric","embeddable":true,"href":"https:\/\/theinvisiblecollection.com\/fr\/wp-json\/wp\/v2\/comfabric?post=36210"},{"taxonomy":"manufacturer","embeddable":true,"href":"https:\/\/theinvisiblecollection.com\/fr\/wp-json\/wp\/v2\/manufacturer?post=36210"},{"taxonomy":"reporting_designer","embeddable":true,"href":"https:\/\/theinvisiblecollection.com\/fr\/wp-json\/wp\/v2\/reporting_designer?post=36210"},{"taxonomy":"samplecomfabric","embeddable":true,"href":"https:\/\/theinvisiblecollection.com\/fr\/wp-json\/wp\/v2\/samplecomfabric?post=36210"},{"taxonomy":"clubroom_product_designer","embeddable":true,"href":"https:\/\/theinvisiblecollection.com\/fr\/wp-json\/wp\/v2\/designer_clubroom?post=36210"}],"curies":[{"name":"wp","href":"https:\/\/api.w.org\/{rel}","templated":true}]}}