{"id":36241,"date":"2019-01-11T01:00:00","date_gmt":"2019-01-11T00:00:00","guid":{"rendered":"https:\/\/www.theinvisiblecollection.com\/product\/bureau-lio\/"},"modified":"2026-05-01T07:40:07","modified_gmt":"2026-05-01T07:40:07","slug":"haymann-editions-bureau-lio","status":"publish","type":"product","link":"https:\/\/theinvisiblecollection.com\/fr\/produit\/haymann-editions-bureau-lio\/","title":{"rendered":"Bureau Lio"},"content":{"rendered":"<p>Le duo libanais David Raffoul et Nicolas Bessalem d\u00e9crit son esth\u00e9tique comme &#8220;r\u00e9trofuturiste&#8221;. Il signe avec l\u2019ensemble LIO un parfait exemple de sa d\u00e9finition. Un jeu d\u2019\u00e9quilibre entre tradition et modernit\u00e9, entre un plateau en noyer qui semble familier et un pi\u00e8tement en L, l\u00e9ger, moderne, singulier par sa perpendicularit\u00e9 et \u00e9l\u00e9gant par ses details en nickel. A jouer les \u00e9quilibristes, David &amp; Nicolas ont ici r\u00e9ussi leur pari!<\/p>\n","protected":false},"excerpt":{"rendered":"<p>Dessin\u00e9 par David &amp; Nicolas<br \/>\nBureau en noyer, pieds en m\u00e9tal<br \/>\nFinitions disponibles : Noyer Noce Canaletto ou Noce Grigio, tout autre bois sur demande<br \/>\n<a href=\"https:\/\/theinvisiblecollection.com\/wp-content\/uploads\/2018\/12\/TheInvisibleCollection_Haymann_Editions_Wood_Selection_Lio_Collection.pdf\" target=\"_blank\" rel=\"noopener\"><span style=\"text-decoration: underline;\">D\u00e9couvrez la s\u00e9lection de bois ici<\/span><\/a><br \/>\nPieds en m\u00e9tal : noirs ou toutes autres couleurs sur demande<\/p>\n<p>Disponible en deux tailles :<br \/>\nMoyen : L 140 x l 70 x H 77.5 cm<br \/>\nGrand : L 180 x l 91.5 x H 77.5 cm<\/p>\n<div>\n<p>Fabriqu\u00e9 \u00e0 la main en Italie<br \/>\nD\u00e9lais de fabrication : 12 semaines<\/p>\n<p><span style=\"text-decoration: underline;\"><a href=\"https:\/\/www.theinvisiblecollection.com\/fr\/demande-de-devis\/?product_id=36241\" target=\"_blank\" rel=\"noopener\">Contactez-nous pour toute demande de devis ou de renseignement<\/a><\/span><\/p>\n<\/div>\n","protected":false},"featured_media":112975,"template":"","meta":{"_acf_changed":false,"content-type":"","_themeisle_gutenberg_block_has_review":false},"product_brand":[],"product_cat":[7704,12503,13076],"product_tag":[9639,9640,9645,10249,11360,12465,22790],"product_designer":[8919],"comfabric":[],"manufacturer":[20661],"reporting_designer":[37274],"samplecomfabric":[],"designer_clubroom":[],"class_list":{"0":"post-36241","1":"product","2":"type-product","3":"status-publish","4":"has-post-thumbnail","6":"product_cat-bureaux-fr","7":"product_cat-tables-fr","8":"product_cat-bureau-a-la-maison","9":"product_tag-bureau-fr","10":"product_tag-bureau-fr-2","11":"product_tag-necessaires-de-bureau","12":"product_tag-entrance-fr","13":"product_tag-en-stock","14":"product_tag-walnut-fr","15":"product_tag-disponible-immediatement","16":"pa_size-large-fr-2","17":"pa_size-moyenne-l-70-x-l-82-x-h-41-cm","18":"product_designer-haymann-editions-fr","19":"manufacturer-22-service-fr","20":"reporting_designer-haymann-editions","21":"exhibitions-new-york-fr","23":"first","24":"instock","25":"taxable","26":"shipping-taxable","27":"purchasable","28":"product-type-variable"},"acf":[],"_links":{"self":[{"href":"https:\/\/theinvisiblecollection.com\/fr\/wp-json\/wp\/v2\/product\/36241","targetHints":{"allow":["GET"]}}],"collection":[{"href":"https:\/\/theinvisiblecollection.com\/fr\/wp-json\/wp\/v2\/product"}],"about":[{"href":"https:\/\/theinvisiblecollection.com\/fr\/wp-json\/wp\/v2\/types\/product"}],"wp:featuredmedia":[{"embeddable":true,"href":"https:\/\/theinvisiblecollection.com\/fr\/wp-json\/wp\/v2\/media\/112975"}],"wp:attachment":[{"href":"https:\/\/theinvisiblecollection.com\/fr\/wp-json\/wp\/v2\/media?parent=36241"}],"wp:term":[{"taxonomy":"product_brand","embeddable":true,"href":"https:\/\/theinvisiblecollection.com\/fr\/wp-json\/wp\/v2\/product_brand?post=36241"},{"taxonomy":"product_cat","embeddable":true,"href":"https:\/\/theinvisiblecollection.com\/fr\/wp-json\/wp\/v2\/product_cat?post=36241"},{"taxonomy":"product_tag","embeddable":true,"href":"https:\/\/theinvisiblecollection.com\/fr\/wp-json\/wp\/v2\/product_tag?post=36241"},{"taxonomy":"product_designer","embeddable":true,"href":"https:\/\/theinvisiblecollection.com\/fr\/wp-json\/wp\/v2\/product_designer?post=36241"},{"taxonomy":"comfabric","embeddable":true,"href":"https:\/\/theinvisiblecollection.com\/fr\/wp-json\/wp\/v2\/comfabric?post=36241"},{"taxonomy":"manufacturer","embeddable":true,"href":"https:\/\/theinvisiblecollection.com\/fr\/wp-json\/wp\/v2\/manufacturer?post=36241"},{"taxonomy":"reporting_designer","embeddable":true,"href":"https:\/\/theinvisiblecollection.com\/fr\/wp-json\/wp\/v2\/reporting_designer?post=36241"},{"taxonomy":"samplecomfabric","embeddable":true,"href":"https:\/\/theinvisiblecollection.com\/fr\/wp-json\/wp\/v2\/samplecomfabric?post=36241"},{"taxonomy":"clubroom_product_designer","embeddable":true,"href":"https:\/\/theinvisiblecollection.com\/fr\/wp-json\/wp\/v2\/designer_clubroom?post=36241"}],"curies":[{"name":"wp","href":"https:\/\/api.w.org\/{rel}","templated":true}]}}