{"id":36300,"date":"2019-05-23T00:00:00","date_gmt":"2019-05-22T23:00:00","guid":{"rendered":"https:\/\/www.theinvisiblecollection.com\/product\/bureau-vogel-plateau-simple\/"},"modified":"2026-05-01T07:40:07","modified_gmt":"2026-05-01T07:40:07","slug":"etel-bureau-vogel-plateau-simple","status":"publish","type":"product","link":"https:\/\/theinvisiblecollection.com\/fr\/produit\/etel-bureau-vogel-plateau-simple\/","title":{"rendered":"Bureau Vogel Plateau Simple"},"content":{"rendered":"<p style=\"text-align: justify;\">Le bureau Vogel d&#8217;Etel Carmona est majestueux et fonctionnel \u00e9quip\u00e9 d\u2019engrenages mobiles et de compartiments pour les prises aux normes br\u00e9siliennes et am\u00e9ricaines, ainsi que d\u2019un port USB. Les c\u00e2bles sont int\u00e9gr\u00e9s \u00e0 l\u2019int\u00e9rieur des pieds de la table.<\/p>\n","protected":false},"excerpt":{"rendered":"<p>Design par Etel Carmona<br \/>\nSur l\u2019image, pieds en Ip\u00ea et bois fonc\u00e9 d&#8217;Imbuia, partie sup\u00e9rieur en bois Pau Ferro<br \/>\nStructure aussi disponible en bois de Freijo<\/p>\n<p>Le bureau est disponible en cinq dimensions :<br \/>\nTop 160 : L 160 x l 60 x H 76 cm<br \/>\nTop 180 : L 180 x l 60 x H 76 cm<br \/>\nTop 220 : L 220 x l 60 x H 76 cm<br \/>\nTop 250 : L 250 x l 60 x H 76 cm<br \/>\nTop 280 : L 280 x l 60 x H 76 cm<\/p>\n<p>Fabriqu\u00e9 \u00e0 la main au Br\u00e9sil<br \/>\nD\u00e9lais de production : 20 &#8211; 24 semaines<\/p>\n<p><a href=\"https:\/\/www.theinvisiblecollection.com\/fr\/demande-de-devis\/?product_id=36300\" target=\"_blank\" rel=\"noopener noreferrer\"><span style=\"text-decoration: underline;\">Contactez-nous pour toute demande de devis ou de renseignements<\/span><\/a><\/p>\n","protected":false},"featured_media":77268,"template":"","meta":{"_acf_changed":false,"content-type":"","_themeisle_gutenberg_block_has_review":false},"product_brand":[],"product_cat":[7704,12503,13076],"product_tag":[8855,8862,8863,8952,9639,9668,10371,10494,11335],"product_designer":[8866,10660],"comfabric":[28854],"manufacturer":[16878],"reporting_designer":[37690],"samplecomfabric":[30448],"designer_clubroom":[],"class_list":{"0":"post-36300","1":"product","2":"type-product","3":"status-publish","4":"has-post-thumbnail","6":"product_cat-bureaux-fr","7":"product_cat-tables-fr","8":"product_cat-bureau-a-la-maison","9":"product_tag-table-fr-3","10":"product_tag-etel-carmona-fr-3","11":"product_tag-etel-design-fr-2","12":"product_tag-bois-fr","13":"product_tag-bureau-fr","14":"product_tag-designer-bresilien-fr-fr","15":"product_tag-designer-fr-fr","16":"product_tag-bresil","17":"product_tag-eco-design","18":"pa_size-extra-large-fr","19":"pa_size-extra-small-l-80-x-l-150-x-h-76-cm-fr","20":"pa_size-l-280-x-l-100-x-h-80-fr","21":"pa_size-moyen","22":"pa_size-petit-fr","23":"product_designer-etel-fr","24":"product_designer-etel-carmona-fr","25":"comfabric-etel-atelier-1-fr","26":"manufacturer-etel-atelier-1-fr","27":"reporting_designer-etel-carmona","28":"samplecomfabric-etel-fr","30":"first","31":"instock","32":"taxable","33":"shipping-taxable","34":"purchasable","35":"product-type-variable"},"acf":[],"_links":{"self":[{"href":"https:\/\/theinvisiblecollection.com\/fr\/wp-json\/wp\/v2\/product\/36300","targetHints":{"allow":["GET"]}}],"collection":[{"href":"https:\/\/theinvisiblecollection.com\/fr\/wp-json\/wp\/v2\/product"}],"about":[{"href":"https:\/\/theinvisiblecollection.com\/fr\/wp-json\/wp\/v2\/types\/product"}],"wp:featuredmedia":[{"embeddable":true,"href":"https:\/\/theinvisiblecollection.com\/fr\/wp-json\/wp\/v2\/media\/77268"}],"wp:attachment":[{"href":"https:\/\/theinvisiblecollection.com\/fr\/wp-json\/wp\/v2\/media?parent=36300"}],"wp:term":[{"taxonomy":"product_brand","embeddable":true,"href":"https:\/\/theinvisiblecollection.com\/fr\/wp-json\/wp\/v2\/product_brand?post=36300"},{"taxonomy":"product_cat","embeddable":true,"href":"https:\/\/theinvisiblecollection.com\/fr\/wp-json\/wp\/v2\/product_cat?post=36300"},{"taxonomy":"product_tag","embeddable":true,"href":"https:\/\/theinvisiblecollection.com\/fr\/wp-json\/wp\/v2\/product_tag?post=36300"},{"taxonomy":"product_designer","embeddable":true,"href":"https:\/\/theinvisiblecollection.com\/fr\/wp-json\/wp\/v2\/product_designer?post=36300"},{"taxonomy":"comfabric","embeddable":true,"href":"https:\/\/theinvisiblecollection.com\/fr\/wp-json\/wp\/v2\/comfabric?post=36300"},{"taxonomy":"manufacturer","embeddable":true,"href":"https:\/\/theinvisiblecollection.com\/fr\/wp-json\/wp\/v2\/manufacturer?post=36300"},{"taxonomy":"reporting_designer","embeddable":true,"href":"https:\/\/theinvisiblecollection.com\/fr\/wp-json\/wp\/v2\/reporting_designer?post=36300"},{"taxonomy":"samplecomfabric","embeddable":true,"href":"https:\/\/theinvisiblecollection.com\/fr\/wp-json\/wp\/v2\/samplecomfabric?post=36300"},{"taxonomy":"clubroom_product_designer","embeddable":true,"href":"https:\/\/theinvisiblecollection.com\/fr\/wp-json\/wp\/v2\/designer_clubroom?post=36300"}],"curies":[{"name":"wp","href":"https:\/\/api.w.org\/{rel}","templated":true}]}}