{"id":36393,"date":"2017-07-07T00:00:00","date_gmt":"2017-07-06T23:00:00","guid":{"rendered":"https:\/\/www.theinvisiblecollection.com\/product\/cabinet-de-curiosites-2\/"},"modified":"2026-05-01T07:40:05","modified_gmt":"2026-05-01T07:40:05","slug":"cabinet-de-curiosites-2","status":"publish","type":"product","link":"https:\/\/theinvisiblecollection.com\/fr\/produit\/cabinet-de-curiosites-2\/","title":{"rendered":"Cabinet de Curiosit\u00e9s"},"content":{"rendered":"<p style=\"text-align: justify;\"><span class=\"TextRun SCXW160258262 BCX0\" lang=\"FR-FR\" xml:lang=\"FR-FR\" data-contrast=\"auto\"><span class=\"NormalTextRun SCXW160258262 BCX0\">Le Cabinet de Curiosit\u00e9s de J\u00e9r\u00f4me Faillant-Dumas est un meuble-bar pens\u00e9 comme un \u00e9crin pour bouteilles et verres, compl\u00e9t\u00e9 par deux tiroirs destin\u00e9s aux accessoires. Son int\u00e9rieur modulable se plie aux envies et besoins sp\u00e9cifiques, faisant de chaque pi\u00e8ce une cr\u00e9ation unique, \u00e0 la fois fonctionnelle et \u00e9l\u00e9gante.\u00a0<\/span><\/span><span class=\"EOP SCXW160258262 BCX0\" data-ccp-props=\"{&quot;134233117&quot;:false,&quot;134233118&quot;:false,&quot;201341983&quot;:0,&quot;335551550&quot;:1,&quot;335551620&quot;:1,&quot;335559685&quot;:0,&quot;335559737&quot;:0,&quot;335559738&quot;:0,&quot;335559739&quot;:160,&quot;335559740&quot;:279}\">\u00a0<\/span><\/p>\n","protected":false},"excerpt":{"rendered":"<p>Ch\u00eane fonc\u00e9<br \/>\nFinitions sur demande<\/p>\n<p>L 200 x l 40 x H 250 cm<\/p>\n<p>Fabrication \u00e0 Barcelone<br \/>\nD\u00e9lais de fabrication : 6 &#8211; 8 semaines<\/p>\n<p><span style=\"text-decoration: underline;\"><a href=\"https:\/\/www.theinvisiblecollection.com\/fr\/demande-de-devis\/?product_id=36393\" target=\"_blank\" rel=\"noopener noreferrer\">Contactez-nous pour plus d&#8217;informations ou une commande sur-mesure<\/a><\/span><\/p>\n","protected":false},"featured_media":80976,"template":"","meta":{"_acf_changed":false,"content-type":"","_themeisle_gutenberg_block_has_review":false},"product_brand":[],"product_cat":[8957,12505,13076,8956],"product_tag":[10891,14899,9665],"product_designer":[8864],"comfabric":[],"manufacturer":[16750],"reporting_designer":[37564],"samplecomfabric":[],"designer_clubroom":[],"class_list":{"0":"post-36393","1":"product","2":"type-product","3":"status-publish","4":"has-post-thumbnail","6":"product_cat-commodes","7":"product_cat-rangements","8":"product_cat-bureau-a-la-maison","9":"product_cat-bibliotheques","10":"product_tag-armoire-fr-2","11":"product_tag-ymalexc-fr","12":"product_tag-serge-castella-fr-fr","13":"product_designer-serge-castella-fr","14":"manufacturer-serge-castella-fr","15":"reporting_designer-serge-castella","17":"first","18":"instock","19":"taxable","20":"shipping-taxable","21":"purchasable","22":"product-type-simple"},"acf":[],"_links":{"self":[{"href":"https:\/\/theinvisiblecollection.com\/fr\/wp-json\/wp\/v2\/product\/36393","targetHints":{"allow":["GET"]}}],"collection":[{"href":"https:\/\/theinvisiblecollection.com\/fr\/wp-json\/wp\/v2\/product"}],"about":[{"href":"https:\/\/theinvisiblecollection.com\/fr\/wp-json\/wp\/v2\/types\/product"}],"wp:featuredmedia":[{"embeddable":true,"href":"https:\/\/theinvisiblecollection.com\/fr\/wp-json\/wp\/v2\/media\/80976"}],"wp:attachment":[{"href":"https:\/\/theinvisiblecollection.com\/fr\/wp-json\/wp\/v2\/media?parent=36393"}],"wp:term":[{"taxonomy":"product_brand","embeddable":true,"href":"https:\/\/theinvisiblecollection.com\/fr\/wp-json\/wp\/v2\/product_brand?post=36393"},{"taxonomy":"product_cat","embeddable":true,"href":"https:\/\/theinvisiblecollection.com\/fr\/wp-json\/wp\/v2\/product_cat?post=36393"},{"taxonomy":"product_tag","embeddable":true,"href":"https:\/\/theinvisiblecollection.com\/fr\/wp-json\/wp\/v2\/product_tag?post=36393"},{"taxonomy":"product_designer","embeddable":true,"href":"https:\/\/theinvisiblecollection.com\/fr\/wp-json\/wp\/v2\/product_designer?post=36393"},{"taxonomy":"comfabric","embeddable":true,"href":"https:\/\/theinvisiblecollection.com\/fr\/wp-json\/wp\/v2\/comfabric?post=36393"},{"taxonomy":"manufacturer","embeddable":true,"href":"https:\/\/theinvisiblecollection.com\/fr\/wp-json\/wp\/v2\/manufacturer?post=36393"},{"taxonomy":"reporting_designer","embeddable":true,"href":"https:\/\/theinvisiblecollection.com\/fr\/wp-json\/wp\/v2\/reporting_designer?post=36393"},{"taxonomy":"samplecomfabric","embeddable":true,"href":"https:\/\/theinvisiblecollection.com\/fr\/wp-json\/wp\/v2\/samplecomfabric?post=36393"},{"taxonomy":"clubroom_product_designer","embeddable":true,"href":"https:\/\/theinvisiblecollection.com\/fr\/wp-json\/wp\/v2\/designer_clubroom?post=36393"}],"curies":[{"name":"wp","href":"https:\/\/api.w.org\/{rel}","templated":true}]}}