{"id":36407,"date":"2019-01-07T00:00:00","date_gmt":"2019-01-07T00:00:00","guid":{"rendered":"https:\/\/www.theinvisiblecollection.com\/product\/cabinet-wared\/"},"modified":"2026-05-01T07:40:05","modified_gmt":"2026-05-01T07:40:05","slug":"cabinet-wared","status":"publish","type":"product","link":"https:\/\/theinvisiblecollection.com\/fr\/produit\/cabinet-wared\/","title":{"rendered":"Cabinet Wared"},"content":{"rendered":"<p style=\"text-align: justify;\">Le cabinet Wared est fait de bois sculpt\u00e9 \u00e0 la main, avec finition laqu\u00e9e rouge.\u00a0Gr\u00e2ce \u00e0 cette technique traditionnelle, le bois est sculpt\u00e9 en forme de roses, ce qui accentue la surface et lui donne de la texture. L&#8217;armoire dispose d&#8217;une grande capacit\u00e9 de rangement, y compris une \u00e9tag\u00e8re de service \u00e0 ouverture verticale.<\/p>\n","protected":false},"excerpt":{"rendered":"<p>Cabinet en bois<\/p>\n<p>L 90 x l 44 x H 175 cm<\/p>\n<p><p>Fabriqu\u00e9 \u00e0 la main au Liban<br \/>D\u00e9lais de fabrication: 10 &#8211; 12 semaines<\/p>\n<p class=\"p1\"><span class=\"s1\"><a href=\"https:\/\/www.theinvisiblecollection.com\/fr\/demande-de-devis\/?product_id=36407\" data-mce-href=\"https:\/\/www.theinvisiblecollection.com\/fr\/demande-de-devis\/?product_id=36407\">Contactez-nous pour toute demande de devis ou de renseignements<\/a><\/span><\/p><\/p>\n","protected":false},"featured_media":76095,"template":"","meta":{"_acf_changed":false,"content-type":"","_themeisle_gutenberg_block_has_review":false},"product_brand":[],"product_cat":[8957,12505],"product_tag":[6345,8952,9456,9673],"product_designer":[8872],"comfabric":[],"manufacturer":[25164],"reporting_designer":[37874],"samplecomfabric":[],"designer_clubroom":[],"class_list":{"0":"post-36407","1":"product","2":"type-product","3":"status-publish","4":"has-post-thumbnail","6":"product_cat-commodes","7":"product_cat-rangements","8":"product_tag-liban-fr","9":"product_tag-bois-fr","10":"product_tag-cabinet","11":"product_tag-nada-debs-fr-fr","12":"product_designer-nada-debs-fr","13":"manufacturer-capit-logistics-lebanon-fr","14":"reporting_designer-nada-debs","16":"first","17":"instock","18":"taxable","19":"shipping-taxable","20":"purchasable","21":"product-type-simple"},"acf":[],"_links":{"self":[{"href":"https:\/\/theinvisiblecollection.com\/fr\/wp-json\/wp\/v2\/product\/36407","targetHints":{"allow":["GET"]}}],"collection":[{"href":"https:\/\/theinvisiblecollection.com\/fr\/wp-json\/wp\/v2\/product"}],"about":[{"href":"https:\/\/theinvisiblecollection.com\/fr\/wp-json\/wp\/v2\/types\/product"}],"wp:featuredmedia":[{"embeddable":true,"href":"https:\/\/theinvisiblecollection.com\/fr\/wp-json\/wp\/v2\/media\/76095"}],"wp:attachment":[{"href":"https:\/\/theinvisiblecollection.com\/fr\/wp-json\/wp\/v2\/media?parent=36407"}],"wp:term":[{"taxonomy":"product_brand","embeddable":true,"href":"https:\/\/theinvisiblecollection.com\/fr\/wp-json\/wp\/v2\/product_brand?post=36407"},{"taxonomy":"product_cat","embeddable":true,"href":"https:\/\/theinvisiblecollection.com\/fr\/wp-json\/wp\/v2\/product_cat?post=36407"},{"taxonomy":"product_tag","embeddable":true,"href":"https:\/\/theinvisiblecollection.com\/fr\/wp-json\/wp\/v2\/product_tag?post=36407"},{"taxonomy":"product_designer","embeddable":true,"href":"https:\/\/theinvisiblecollection.com\/fr\/wp-json\/wp\/v2\/product_designer?post=36407"},{"taxonomy":"comfabric","embeddable":true,"href":"https:\/\/theinvisiblecollection.com\/fr\/wp-json\/wp\/v2\/comfabric?post=36407"},{"taxonomy":"manufacturer","embeddable":true,"href":"https:\/\/theinvisiblecollection.com\/fr\/wp-json\/wp\/v2\/manufacturer?post=36407"},{"taxonomy":"reporting_designer","embeddable":true,"href":"https:\/\/theinvisiblecollection.com\/fr\/wp-json\/wp\/v2\/reporting_designer?post=36407"},{"taxonomy":"samplecomfabric","embeddable":true,"href":"https:\/\/theinvisiblecollection.com\/fr\/wp-json\/wp\/v2\/samplecomfabric?post=36407"},{"taxonomy":"clubroom_product_designer","embeddable":true,"href":"https:\/\/theinvisiblecollection.com\/fr\/wp-json\/wp\/v2\/designer_clubroom?post=36407"}],"curies":[{"name":"wp","href":"https:\/\/api.w.org\/{rel}","templated":true}]}}