{"id":36411,"date":"2022-11-21T11:51:00","date_gmt":"2022-11-21T10:51:00","guid":{"rendered":"https:\/\/www.theinvisiblecollection.com\/product\/canape-190\/"},"modified":"2026-05-01T07:40:05","modified_gmt":"2026-05-01T07:40:05","slug":"pierre-augustin-rose-canape-190","status":"publish","type":"product","link":"https:\/\/theinvisiblecollection.com\/fr\/produit\/pierre-augustin-rose-canape-190\/","title":{"rendered":"Canap\u00e9 190"},"content":{"rendered":"<p style=\"text-align: justify;\">Le canap\u00e9 190, une appellation d\u00e9lib\u00e9r\u00e9ment simple qui indique sa longueur, se lit en lignes l\u00e9g\u00e8rement courbes ou \u00e9tir\u00e9es pour rappeler le design Scandinave ou le travail innovant des d\u00e9corateurs Fran\u00e7ais des ann\u00e9es 30 aux ann\u00e9es 60. La pr\u00e9cision d&#8217;un dessin tr\u00e8s maitris\u00e9 et le choix tr\u00e8s attentif de tissus d&#8217;exception en en font l\u2019alli\u00e9 des int\u00e9rieurs les plus radicalement minimalistes comme des palais les plus baroques ou des appartements les plus richement classiques. Le canap\u00e9 190 offre une respiration aux endroits les plus charg\u00e9s et une intention esth\u00e9tique tr\u00e8s habit\u00e9e aux lieux les plus sobres.<\/p>\n<p style=\"text-align: justify;\">D\u00e9clin\u00e9 en diff\u00e9rentes tailles, il est une invitation joyeuse \u00e0 la sociabilit\u00e9 moderne.<\/p>\n<p>Projet de Marie Sophie Roussel photographi\u00e9 par Harry Crowder.<\/p>\n","protected":false},"excerpt":{"rendered":"<p>Canap\u00e9 photographi\u00e9 ici en tissu Teddy Mohair de Pierre Frey, couleur sable<br \/>\n<span style=\"text-decoration: underline;\"><a href=\"https:\/\/theinvisiblecollection.com\/wp-content\/uploads\/2022\/02\/TheInvisibleCollection_PierreAugustinRose_PierreFrey_FabricSelection_compressed-compresse.pdf\" target=\"_blank\" rel=\"noopener noreferrer\">D\u00e9couvrez la s\u00e9lection de tissus Pierre Frey<\/a><\/span><br \/>\n\u00c9galement disponible en blanc sans tissu<br \/>\nPieds en ch\u00eane peints en noir<\/p>\n<p>L 190 x l 120 x H 76 cm<br \/>\nHauteur d&#8217;assise : 42 cm<br \/>\nTissus requis : 9 m<\/p>\n<p>Fabriqu\u00e9 \u00e0 la main en Europe<br \/>\nD\u00e9lais de production : 12 &#8211; 14 semaines<\/p>\n<p><span style=\"text-decoration: underline;\"><a href=\"https:\/\/www.theinvisiblecollection.com\/fr\/demande-de-devis\/?product_id=36411\" target=\"_blank\" rel=\"noopener\">Contactez-nous pour toute demande de devis ou de renseignement<\/a><\/span><\/p>\n","protected":false},"featured_media":1878351,"template":"","meta":{"_acf_changed":false,"content-type":"","_themeisle_gutenberg_block_has_review":false},"product_brand":[],"product_cat":[8976,12499],"product_tag":[8944,9006,9409,9410,10386,11349,11545,14925,31474,31477,35206],"product_designer":[8908],"comfabric":[29018],"manufacturer":[16828],"reporting_designer":[37608],"samplecomfabric":[30018],"designer_clubroom":[],"class_list":{"0":"post-36411","1":"product","2":"type-product","3":"status-publish","4":"has-post-thumbnail","6":"product_cat-canapes","7":"product_cat-assises","8":"product_tag-canape","9":"product_tag-st-moritz-fr-3","10":"product_tag-pierre-augustin-rose-fr-2","11":"product_tag-190-fr","12":"product_tag-shippables-fr-fr","13":"product_tag-pierre-augustine-rose-fr","14":"product_tag-canapes-arrondis","15":"product_tag-hpfav-fr","16":"product_tag-co-white-fr","17":"product_tag-st-curvy-fr","18":"product_tag-exclusive-fr","19":"pa_fabric-en-blanc-sans-tissu-fr","20":"pa_fabric-pierre-frey-angkor-fr","21":"pa_fabric-pierre-frey-arsene-fr","22":"pa_fabric-pierre-frey-loft-fr","23":"pa_fabric-pierre-frey-tissu-louison","24":"pa_fabric-pierre-frey-opio-fr","25":"pa_fabric-pierre-frey-valreas-fr","26":"pa_fabric-pierre-frey-teddy-mohair-fr","27":"pa_material-tissu-client-fr","28":"product_designer-pierre-augustin-rose-fr","29":"comfabric-pierre-augustin-rose-fr","30":"manufacturer-charvin-logistics-saint-ouen-la-ex-egetra-fr","31":"reporting_designer-pierre-augustin-rose","32":"samplecomfabric-pierre-augustin-rose-fr","34":"first","35":"instock","36":"taxable","37":"shipping-taxable","38":"purchasable","39":"product-type-variable"},"acf":[],"_links":{"self":[{"href":"https:\/\/theinvisiblecollection.com\/fr\/wp-json\/wp\/v2\/product\/36411","targetHints":{"allow":["GET"]}}],"collection":[{"href":"https:\/\/theinvisiblecollection.com\/fr\/wp-json\/wp\/v2\/product"}],"about":[{"href":"https:\/\/theinvisiblecollection.com\/fr\/wp-json\/wp\/v2\/types\/product"}],"wp:featuredmedia":[{"embeddable":true,"href":"https:\/\/theinvisiblecollection.com\/fr\/wp-json\/wp\/v2\/media\/1878351"}],"wp:attachment":[{"href":"https:\/\/theinvisiblecollection.com\/fr\/wp-json\/wp\/v2\/media?parent=36411"}],"wp:term":[{"taxonomy":"product_brand","embeddable":true,"href":"https:\/\/theinvisiblecollection.com\/fr\/wp-json\/wp\/v2\/product_brand?post=36411"},{"taxonomy":"product_cat","embeddable":true,"href":"https:\/\/theinvisiblecollection.com\/fr\/wp-json\/wp\/v2\/product_cat?post=36411"},{"taxonomy":"product_tag","embeddable":true,"href":"https:\/\/theinvisiblecollection.com\/fr\/wp-json\/wp\/v2\/product_tag?post=36411"},{"taxonomy":"product_designer","embeddable":true,"href":"https:\/\/theinvisiblecollection.com\/fr\/wp-json\/wp\/v2\/product_designer?post=36411"},{"taxonomy":"comfabric","embeddable":true,"href":"https:\/\/theinvisiblecollection.com\/fr\/wp-json\/wp\/v2\/comfabric?post=36411"},{"taxonomy":"manufacturer","embeddable":true,"href":"https:\/\/theinvisiblecollection.com\/fr\/wp-json\/wp\/v2\/manufacturer?post=36411"},{"taxonomy":"reporting_designer","embeddable":true,"href":"https:\/\/theinvisiblecollection.com\/fr\/wp-json\/wp\/v2\/reporting_designer?post=36411"},{"taxonomy":"samplecomfabric","embeddable":true,"href":"https:\/\/theinvisiblecollection.com\/fr\/wp-json\/wp\/v2\/samplecomfabric?post=36411"},{"taxonomy":"clubroom_product_designer","embeddable":true,"href":"https:\/\/theinvisiblecollection.com\/fr\/wp-json\/wp\/v2\/designer_clubroom?post=36411"}],"curies":[{"name":"wp","href":"https:\/\/api.w.org\/{rel}","templated":true}]}}