{"id":36417,"date":"2019-07-30T00:00:00","date_gmt":"2019-07-29T23:00:00","guid":{"rendered":"https:\/\/www.theinvisiblecollection.com\/product\/canape-240\/"},"modified":"2026-05-08T04:41:17","modified_gmt":"2026-05-08T04:41:17","slug":"pierre-augustin-rose-canape-240","status":"publish","type":"product","link":"https:\/\/theinvisiblecollection.com\/fr\/produit\/pierre-augustin-rose-canape-240\/","title":{"rendered":"Canap\u00e9 240"},"content":{"rendered":"<div class=\"pro-content-txt below-product-slide\">\n<div class=\"pro-content-area readmore-full\">\n<p style=\"text-align: justify;\">Le canap\u00e9 240, est la version over-size du <a href=\"https:\/\/theinvisiblecollection.com\/fr\/produit\/pierre-augustin-rose-canape-190\/\" target=\"_blank\" rel=\"noopener\"><u>190<\/u><\/a>. Ses lignes l\u00e9g\u00e8rement courbes ou \u00e9tir\u00e9es pour rappeler le design Scandinave ou le travail innovant des d\u00e9corateurs Fran\u00e7ais des ann\u00e9es 30 aux ann\u00e9es 60, en font une pi\u00e8ce essentielle et unique. La pr\u00e9cision d\u2019un dessin tr\u00e8s maitris\u00e9 et le choix tr\u00e8s attentif de tissus d\u2019exception en en font l\u2019alli\u00e9 des int\u00e9rieurs les plus radicalement minimalistes comme des palais les plus baroques ou des appartements les plus richement classiques. Le canap\u00e9 240 offre une respiration aux endroits les plus charg\u00e9s et une intention esth\u00e9tique tr\u00e8s habit\u00e9e aux lieux les plus sobres. Unique ou associ\u00e9 en paire avec sa version en taille plus petite, le 240 est une invitation joyeuse \u00e0 la sociabilit\u00e9 moderne.<\/p>\n<\/div>\n<\/div>\n","protected":false},"excerpt":{"rendered":"<p>Canap\u00e9 photographi\u00e9 ici en tissu Teddy Mohair de Pierre Frey, couleur noire<br \/>\n<span style=\"text-decoration: underline;\"><a href=\"https:\/\/theinvisiblecollection.com\/wp-content\/uploads\/2022\/02\/TheInvisibleCollection_PierreAugustinRose_PierreFrey_FabricSelection_compressed-compresse.pdf\" target=\"_blank\" rel=\"noopener noreferrer\">D\u00e9couvrez la s\u00e9lection de tissus Pierre Frey<\/a><\/span><br \/>\n\u00c9galement disponible en blanc sans tissu<br \/>\nPieds en ch\u00eane peint en noir<\/p>\n<p>L 240 x l 120 x H 76 cm<br \/>\nHauteur d&#8217;assise : 42 cm<br \/>\nTissus requis : 10 m<\/p>\n<p>Fabriqu\u00e9 \u00e0 la main en Europe<br \/>\nD\u00e9lais de production : 12 &#8211; 14 semaines<\/p>\n<p><span style=\"text-decoration: underline;\"><a href=\"https:\/\/www.theinvisiblecollection.com\/fr\/demande-de-devis\/?product_id=36417\" target=\"_blank\" rel=\"noopener\">Contactez-nous pour toute demande de devis ou de renseignement<\/a><\/span><\/p>\n","protected":false},"featured_media":130468,"template":"","meta":{"_acf_changed":false,"content-type":"","_themeisle_gutenberg_block_has_review":false},"product_brand":[],"product_cat":[8976,12499],"product_tag":[11349,11545,31477,35206,8942,8944,9409,9411],"product_designer":[8908],"comfabric":[29018],"manufacturer":[16828],"reporting_designer":[37608],"samplecomfabric":[30018],"designer_clubroom":[],"class_list":{"0":"post-36417","1":"product","2":"type-product","3":"status-publish","4":"has-post-thumbnail","6":"product_cat-canapes","7":"product_cat-assises","8":"product_tag-pierre-augustine-rose-fr","9":"product_tag-canapes-arrondis","10":"product_tag-st-curvy-fr","11":"product_tag-exclusive-fr","12":"product_tag-assise","13":"product_tag-canape","14":"product_tag-pierre-augustin-rose-fr-2","15":"product_tag-240-fr","16":"pa_fabric-en-blanc-sans-tissu-fr","17":"pa_fabric-pierre-frey-angkor-fr","18":"pa_fabric-pierre-frey-arsene-fr","19":"pa_fabric-pierre-frey-loft-fr","20":"pa_fabric-pierre-frey-tissu-louison","21":"pa_fabric-pierre-frey-opio-fr","22":"pa_fabric-pierre-frey-valreas-fr","23":"pa_fabric-pierre-frey-teddy-mohair-fr","24":"pa_material-tissu-client-fr","25":"product_designer-pierre-augustin-rose-fr","26":"comfabric-pierre-augustin-rose-fr","27":"manufacturer-charvin-logistics-saint-ouen-la-ex-egetra-fr","28":"reporting_designer-pierre-augustin-rose","29":"samplecomfabric-pierre-augustin-rose-fr","31":"first","32":"instock","33":"taxable","34":"shipping-taxable","35":"purchasable","36":"product-type-variable"},"acf":[],"_links":{"self":[{"href":"https:\/\/theinvisiblecollection.com\/fr\/wp-json\/wp\/v2\/product\/36417","targetHints":{"allow":["GET"]}}],"collection":[{"href":"https:\/\/theinvisiblecollection.com\/fr\/wp-json\/wp\/v2\/product"}],"about":[{"href":"https:\/\/theinvisiblecollection.com\/fr\/wp-json\/wp\/v2\/types\/product"}],"wp:featuredmedia":[{"embeddable":true,"href":"https:\/\/theinvisiblecollection.com\/fr\/wp-json\/wp\/v2\/media\/130468"}],"wp:attachment":[{"href":"https:\/\/theinvisiblecollection.com\/fr\/wp-json\/wp\/v2\/media?parent=36417"}],"wp:term":[{"taxonomy":"product_brand","embeddable":true,"href":"https:\/\/theinvisiblecollection.com\/fr\/wp-json\/wp\/v2\/product_brand?post=36417"},{"taxonomy":"product_cat","embeddable":true,"href":"https:\/\/theinvisiblecollection.com\/fr\/wp-json\/wp\/v2\/product_cat?post=36417"},{"taxonomy":"product_tag","embeddable":true,"href":"https:\/\/theinvisiblecollection.com\/fr\/wp-json\/wp\/v2\/product_tag?post=36417"},{"taxonomy":"product_designer","embeddable":true,"href":"https:\/\/theinvisiblecollection.com\/fr\/wp-json\/wp\/v2\/product_designer?post=36417"},{"taxonomy":"comfabric","embeddable":true,"href":"https:\/\/theinvisiblecollection.com\/fr\/wp-json\/wp\/v2\/comfabric?post=36417"},{"taxonomy":"manufacturer","embeddable":true,"href":"https:\/\/theinvisiblecollection.com\/fr\/wp-json\/wp\/v2\/manufacturer?post=36417"},{"taxonomy":"reporting_designer","embeddable":true,"href":"https:\/\/theinvisiblecollection.com\/fr\/wp-json\/wp\/v2\/reporting_designer?post=36417"},{"taxonomy":"samplecomfabric","embeddable":true,"href":"https:\/\/theinvisiblecollection.com\/fr\/wp-json\/wp\/v2\/samplecomfabric?post=36417"},{"taxonomy":"clubroom_product_designer","embeddable":true,"href":"https:\/\/theinvisiblecollection.com\/fr\/wp-json\/wp\/v2\/designer_clubroom?post=36417"}],"curies":[{"name":"wp","href":"https:\/\/api.w.org\/{rel}","templated":true}]}}