{"id":36436,"date":"2019-05-28T00:00:00","date_gmt":"2019-05-27T23:00:00","guid":{"rendered":"https:\/\/www.theinvisiblecollection.com\/product\/canape-801\/"},"modified":"2026-05-01T07:40:05","modified_gmt":"2026-05-01T07:40:05","slug":"etel-canape-801","status":"publish","type":"product","link":"https:\/\/theinvisiblecollection.com\/fr\/produit\/etel-canape-801\/","title":{"rendered":"Canap\u00e9 801"},"content":{"rendered":"<p style=\"text-align: justify;\">L&#8217;\u00e9l\u00e9gance minimaliste de ce canap\u00e9 801 dessin\u00e9 par\u00a0Jorge Zalszupin est soulign\u00e9e par ses pieds en bois, orn\u00e9s de d\u00e9tails en laiton. Les courbes d\u00e9licates des accoudoirs du canap\u00e9 801 r\u00e9v\u00e8lent le style caract\u00e9ristique de Jorge Zalszupin.<\/p>\n","protected":false},"excerpt":{"rendered":"<p>Design par Jorge Zalszupin<br \/>\nSur l&#8217;image, fauteuil r\u00e9alis\u00e9 en bois exotique et assise en lin<span style=\"text-decoration: underline;\"><br \/>\n<\/span><span class=\"s1\"><span style=\"text-decoration: underline;\"><a href=\"https:\/\/theinvisiblecollection.com\/wp-content\/uploads\/2021\/07\/TheInvisibleCollection_Wood_Samples_801_Sofa.pdf\" target=\"_blank\" rel=\"noopener\">D\u00e9couvrez la s\u00e9lection de bois ici<\/a><\/span><br \/>\n<\/span>Assise aussi disponible en plusieurs options de tissu<span style=\"text-decoration: underline;\"><br \/>\n<a href=\"https:\/\/theinvisiblecollection.com\/wp-content\/uploads\/2021\/07\/TheInvisibleCollection_Fabric_Samples_801.pdf\" target=\"_blank\" rel=\"noopener\">D\u00e9couvrez la s\u00e9lection de tissus ici<\/a><\/span><\/p>\n<p>4 dimensions disponibles :<br \/>\nL 128 x P 70 x H 73 cm<br \/>\nEt en L 198 cm &#8211; L 238 cm &#8211; L 258 cm<br \/>\nHauteur d&#8217;assise : 42 cm<br \/>\nTissu requis : 10 m<br \/>\nOu 12 m &#8211; 13 m &#8211; 14 m<\/p>\n<p>Fabriqu\u00e9 \u00e0 la main au Br\u00e9sil<br \/>\nD\u00e9lais de production : 20 &#8211; 24 semaines<\/p>\n<p><span style=\"text-decoration: underline;\"><a href=\"https:\/\/www.theinvisiblecollection.com\/fr\/demande-de-devis\/?product_id=36436\" target=\"_blank\" rel=\"noopener noreferrer\">Contactez-nous pour toute demande de devis ou de renseignements<\/a><\/span><\/p>\n","protected":false},"featured_media":74141,"template":"","meta":{"_acf_changed":false,"content-type":"","_themeisle_gutenberg_block_has_review":false},"product_brand":[],"product_cat":[8976,12499],"product_tag":[8862,8863,8942,8943,8944,8952,9013,11543,31474],"product_designer":[8866,15483],"comfabric":[28854],"manufacturer":[16878],"reporting_designer":[37381],"samplecomfabric":[30448],"designer_clubroom":[],"class_list":{"0":"post-36436","1":"product","2":"type-product","3":"status-publish","4":"has-post-thumbnail","6":"product_cat-canapes","7":"product_cat-assises","8":"product_tag-etel-carmona-fr-3","9":"product_tag-etel-design-fr-2","10":"product_tag-assise","11":"product_tag-jorge-zalszupin-fr","12":"product_tag-canape","13":"product_tag-bois-fr","14":"product_tag-cedre","15":"product_tag-canapes-irresistibles-fr","16":"product_tag-co-white-fr","17":"pa_size-l-280-x-l-100-x-h-80-fr","18":"pa_size-mini","19":"pa_size-moyenne-l-70-x-l-82-x-h-41-cm","20":"pa_size-petit-fr","21":"pa_wood-freijo-delave-fr","22":"pa_wood-freijo-naturel-fr","23":"pa_wood-imbuia-miel-fr","24":"product_designer-etel-fr","25":"product_designer-jorge-zalszupin-par-etel","26":"comfabric-etel-atelier-1-fr","27":"manufacturer-etel-atelier-1-fr","28":"reporting_designer-etel","29":"samplecomfabric-etel-fr","31":"first","32":"instock","33":"taxable","34":"shipping-taxable","35":"purchasable","36":"product-type-variable"},"acf":[],"_links":{"self":[{"href":"https:\/\/theinvisiblecollection.com\/fr\/wp-json\/wp\/v2\/product\/36436","targetHints":{"allow":["GET"]}}],"collection":[{"href":"https:\/\/theinvisiblecollection.com\/fr\/wp-json\/wp\/v2\/product"}],"about":[{"href":"https:\/\/theinvisiblecollection.com\/fr\/wp-json\/wp\/v2\/types\/product"}],"wp:featuredmedia":[{"embeddable":true,"href":"https:\/\/theinvisiblecollection.com\/fr\/wp-json\/wp\/v2\/media\/74141"}],"wp:attachment":[{"href":"https:\/\/theinvisiblecollection.com\/fr\/wp-json\/wp\/v2\/media?parent=36436"}],"wp:term":[{"taxonomy":"product_brand","embeddable":true,"href":"https:\/\/theinvisiblecollection.com\/fr\/wp-json\/wp\/v2\/product_brand?post=36436"},{"taxonomy":"product_cat","embeddable":true,"href":"https:\/\/theinvisiblecollection.com\/fr\/wp-json\/wp\/v2\/product_cat?post=36436"},{"taxonomy":"product_tag","embeddable":true,"href":"https:\/\/theinvisiblecollection.com\/fr\/wp-json\/wp\/v2\/product_tag?post=36436"},{"taxonomy":"product_designer","embeddable":true,"href":"https:\/\/theinvisiblecollection.com\/fr\/wp-json\/wp\/v2\/product_designer?post=36436"},{"taxonomy":"comfabric","embeddable":true,"href":"https:\/\/theinvisiblecollection.com\/fr\/wp-json\/wp\/v2\/comfabric?post=36436"},{"taxonomy":"manufacturer","embeddable":true,"href":"https:\/\/theinvisiblecollection.com\/fr\/wp-json\/wp\/v2\/manufacturer?post=36436"},{"taxonomy":"reporting_designer","embeddable":true,"href":"https:\/\/theinvisiblecollection.com\/fr\/wp-json\/wp\/v2\/reporting_designer?post=36436"},{"taxonomy":"samplecomfabric","embeddable":true,"href":"https:\/\/theinvisiblecollection.com\/fr\/wp-json\/wp\/v2\/samplecomfabric?post=36436"},{"taxonomy":"clubroom_product_designer","embeddable":true,"href":"https:\/\/theinvisiblecollection.com\/fr\/wp-json\/wp\/v2\/designer_clubroom?post=36436"}],"curies":[{"name":"wp","href":"https:\/\/api.w.org\/{rel}","templated":true}]}}