{"id":3644513,"date":"2023-06-30T09:32:10","date_gmt":"2023-06-30T08:32:10","guid":{"rendered":"https:\/\/theinvisiblecollection.com\/?post_type=product&#038;p=3644513"},"modified":"2026-05-08T04:39:16","modified_gmt":"2026-05-08T04:39:16","slug":"philippe-hurel-canape-yumi","status":"publish","type":"product","link":"https:\/\/theinvisiblecollection.com\/fr\/produit\/philippe-hurel-canape-yumi\/","title":{"rendered":"Canap\u00e9 Yumi"},"content":{"rendered":"<p style=\"text-align: justify;\">Cr\u00e9\u00e9 par Studioparisien pour Philippe Hurel, le canap\u00e9 Yumi tire son nom de l&#8217;arc japonais traditionnel \u00e0 la forme asym\u00e9trique qu\u2019inspire sa silhouette incurv\u00e9e. La fabrication reprend ce principe d\u2019arc \u00e0 l\u2019aide d\u2019une structure en bois massif courb\u00e9 et de panneaux plaqu\u00e9s, permettant aux tapissiers de poser la mousse, et de sculpter la forme embl\u00e9matique du Yumi. Cette structure unique, sinueuse et d&#8217;un seul tenant, inspire un confort enveloppant.<\/p>\n","protected":false},"excerpt":{"rendered":"<p>Cr\u00e9\u00e9 par Studioparisien pour Philippe Hurel, le canap\u00e9 Yumi tire son nom de l&#8217;arc japonais traditionnel \u00e0 la forme asym\u00e9trique qu\u2019inspire sa silhouette incurv\u00e9e. La fabrication reprend ce principe d\u2019arc \u00e0 l\u2019aide d\u2019une structure en bois massif courb\u00e9 et de panneaux plaqu\u00e9s, permettant aux tapissiers de poser la mousse, et de sculpter la forme embl\u00e9matique [&hellip;]<\/p>\n","protected":false},"featured_media":3643996,"template":"","meta":{"_acf_changed":false,"content-type":"","_themeisle_gutenberg_block_has_review":false},"product_brand":[],"product_cat":[12499,8976],"product_tag":[31477,31474],"product_designer":[23590,11987],"comfabric":[32820],"manufacturer":[25102],"reporting_designer":[37792],"samplecomfabric":[32822],"designer_clubroom":[],"class_list":{"0":"post-3644513","1":"product","2":"type-product","3":"status-publish","4":"has-post-thumbnail","6":"product_cat-assises","7":"product_cat-canapes","8":"product_tag-st-curvy-fr","9":"product_tag-co-white-fr","10":"pa_size-large-fr-2","11":"pa_size-moyen","12":"pa_size-petit-fr","13":"pa_size-standard-fr","14":"product_designer-philippe-hurel-fr","15":"product_designer-studioparisien-fr","16":"comfabric-philippe-hurel-atelier-fr","17":"manufacturer-gambuto-bois-emballage-fr","18":"reporting_designer-studioparisien","19":"samplecomfabric-philippe-hurel-atelier-fr","20":"exhibitions-los-angeles-fr","22":"first","23":"instock","24":"taxable","25":"shipping-taxable","26":"product-type-variable"},"acf":[],"_links":{"self":[{"href":"https:\/\/theinvisiblecollection.com\/fr\/wp-json\/wp\/v2\/product\/3644513","targetHints":{"allow":["GET"]}}],"collection":[{"href":"https:\/\/theinvisiblecollection.com\/fr\/wp-json\/wp\/v2\/product"}],"about":[{"href":"https:\/\/theinvisiblecollection.com\/fr\/wp-json\/wp\/v2\/types\/product"}],"wp:featuredmedia":[{"embeddable":true,"href":"https:\/\/theinvisiblecollection.com\/fr\/wp-json\/wp\/v2\/media\/3643996"}],"wp:attachment":[{"href":"https:\/\/theinvisiblecollection.com\/fr\/wp-json\/wp\/v2\/media?parent=3644513"}],"wp:term":[{"taxonomy":"product_brand","embeddable":true,"href":"https:\/\/theinvisiblecollection.com\/fr\/wp-json\/wp\/v2\/product_brand?post=3644513"},{"taxonomy":"product_cat","embeddable":true,"href":"https:\/\/theinvisiblecollection.com\/fr\/wp-json\/wp\/v2\/product_cat?post=3644513"},{"taxonomy":"product_tag","embeddable":true,"href":"https:\/\/theinvisiblecollection.com\/fr\/wp-json\/wp\/v2\/product_tag?post=3644513"},{"taxonomy":"product_designer","embeddable":true,"href":"https:\/\/theinvisiblecollection.com\/fr\/wp-json\/wp\/v2\/product_designer?post=3644513"},{"taxonomy":"comfabric","embeddable":true,"href":"https:\/\/theinvisiblecollection.com\/fr\/wp-json\/wp\/v2\/comfabric?post=3644513"},{"taxonomy":"manufacturer","embeddable":true,"href":"https:\/\/theinvisiblecollection.com\/fr\/wp-json\/wp\/v2\/manufacturer?post=3644513"},{"taxonomy":"reporting_designer","embeddable":true,"href":"https:\/\/theinvisiblecollection.com\/fr\/wp-json\/wp\/v2\/reporting_designer?post=3644513"},{"taxonomy":"samplecomfabric","embeddable":true,"href":"https:\/\/theinvisiblecollection.com\/fr\/wp-json\/wp\/v2\/samplecomfabric?post=3644513"},{"taxonomy":"clubroom_product_designer","embeddable":true,"href":"https:\/\/theinvisiblecollection.com\/fr\/wp-json\/wp\/v2\/designer_clubroom?post=3644513"}],"curies":[{"name":"wp","href":"https:\/\/api.w.org\/{rel}","templated":true}]}}