{"id":3645256,"date":"2023-08-21T11:20:49","date_gmt":"2023-08-21T10:20:49","guid":{"rendered":"https:\/\/theinvisiblecollection.com\/?post_type=product&#038;p=3645256"},"modified":"2026-05-01T07:38:01","modified_gmt":"2026-05-01T07:38:01","slug":"philippe-hurel-chaise-moon","status":"publish","type":"product","link":"https:\/\/theinvisiblecollection.com\/fr\/produit\/philippe-hurel-chaise-moon\/","title":{"rendered":"Chaise Moon"},"content":{"rendered":"<p style=\"text-align: justify;\"><span class=\"TextRun SCXW264121762 BCX0\" lang=\"FR-FR\" xml:lang=\"FR-FR\" data-contrast=\"auto\"><span class=\"NormalTextRun SCXW264121762 BCX0\">La Moon Chair de <\/span><span class=\"NormalTextRun SpellingErrorV2Themed SCXW264121762 BCX0\">Studioparisien<\/span> <span class=\"NormalTextRun SCXW264121762 BCX0\">et<\/span><span class=\"NormalTextRun SCXW264121762 BCX0\"> Philippe Hurel est une chaise elliptique intemporelle et gracieuse<\/span><span class=\"NormalTextRun SCXW264121762 BCX0\">. Telle une sculpture et comme la Lune<\/span><span class=\"NormalTextRun SCXW264121762 BCX0\">, elle <\/span><span class=\"NormalTextRun SCXW264121762 BCX0\">se <\/span><span class=\"NormalTextRun SCXW264121762 BCX0\">r\u00e9v\u00e8le <\/span><span class=\"NormalTextRun SCXW264121762 BCX0\">diff\u00e9rente selon l\u2019angle d\u2019o\u00f9 on l\u2019observe<\/span><span class=\"NormalTextRun SCXW264121762 BCX0\">. Entour\u00e9<\/span><span class=\"NormalTextRun SCXW264121762 BCX0\">e<\/span> <span class=\"NormalTextRun SCXW264121762 BCX0\">d\u2019<\/span><span class=\"NormalTextRun SCXW264121762 BCX0\">un anneau de ch\u00eane fin et mont\u00e9 sur quatre pieds qui \u00e9pousent sa forme, Moon est une invitation \u00e0 la r\u00eaverie.<\/span><\/span><span class=\"EOP SCXW264121762 BCX0\" data-ccp-props=\"{}\">\u00a0<\/span><\/p>\n","protected":false},"excerpt":{"rendered":"<p>Structure et pieds en bois teint\u00e9<br \/>\nRecouvert de tissu viscose et cotton, 3 coloris Zimmer + Rohde, Andro (ref 245, 883 and 984)<br \/>\n\u00c9galement disponible en blanc sans tissus<br \/>\nDimensions, tissus et couleurs sur-mesure sur demande<\/p>\n<p>Gauche : L 74 x l 74 x H 98 cm<br \/>\nDroite : L 78 x l 70 x H 98 cm<br \/>\nM\u00e9trage requis : 7 m<\/p>\n<div>\n<p>Fabriqu\u00e9 \u00e0 la main en France<br \/>\nD\u00e9lais de fabrication : 6 &#8211; 8 semaines<\/p>\n<p><span style=\"text-decoration: underline;\"><a href=\"https:\/\/www.theinvisiblecollection.com\/fr\/demande-de-devis\/?product_id=37815\" target=\"_blank\" rel=\"noopener\">Contactez-nous pour toute demande de devis ou de renseignement<\/a><\/span><\/p>\n<\/div>\n","protected":false},"featured_media":4240695,"template":"","meta":{"_acf_changed":false,"content-type":"","_themeisle_gutenberg_block_has_review":false},"product_brand":[],"product_cat":[8945,12499],"product_tag":[8993,9017],"product_designer":[23590],"comfabric":[32820],"manufacturer":[25102],"reporting_designer":[37587],"samplecomfabric":[32822],"designer_clubroom":[],"class_list":{"0":"post-3645256","1":"product","2":"type-product","3":"status-publish","4":"has-post-thumbnail","6":"product_cat-fauteuils","7":"product_cat-assises","8":"product_tag-salon","9":"product_tag-chaise","10":"product_designer-philippe-hurel-fr","11":"comfabric-philippe-hurel-atelier-fr","12":"manufacturer-gambuto-bois-emballage-fr","13":"reporting_designer-philippe-hurel","14":"samplecomfabric-philippe-hurel-atelier-fr","16":"first","17":"instock","18":"taxable","19":"shipping-taxable","20":"purchasable","21":"product-type-variable"},"acf":[],"_links":{"self":[{"href":"https:\/\/theinvisiblecollection.com\/fr\/wp-json\/wp\/v2\/product\/3645256","targetHints":{"allow":["GET"]}}],"collection":[{"href":"https:\/\/theinvisiblecollection.com\/fr\/wp-json\/wp\/v2\/product"}],"about":[{"href":"https:\/\/theinvisiblecollection.com\/fr\/wp-json\/wp\/v2\/types\/product"}],"wp:featuredmedia":[{"embeddable":true,"href":"https:\/\/theinvisiblecollection.com\/fr\/wp-json\/wp\/v2\/media\/4240695"}],"wp:attachment":[{"href":"https:\/\/theinvisiblecollection.com\/fr\/wp-json\/wp\/v2\/media?parent=3645256"}],"wp:term":[{"taxonomy":"product_brand","embeddable":true,"href":"https:\/\/theinvisiblecollection.com\/fr\/wp-json\/wp\/v2\/product_brand?post=3645256"},{"taxonomy":"product_cat","embeddable":true,"href":"https:\/\/theinvisiblecollection.com\/fr\/wp-json\/wp\/v2\/product_cat?post=3645256"},{"taxonomy":"product_tag","embeddable":true,"href":"https:\/\/theinvisiblecollection.com\/fr\/wp-json\/wp\/v2\/product_tag?post=3645256"},{"taxonomy":"product_designer","embeddable":true,"href":"https:\/\/theinvisiblecollection.com\/fr\/wp-json\/wp\/v2\/product_designer?post=3645256"},{"taxonomy":"comfabric","embeddable":true,"href":"https:\/\/theinvisiblecollection.com\/fr\/wp-json\/wp\/v2\/comfabric?post=3645256"},{"taxonomy":"manufacturer","embeddable":true,"href":"https:\/\/theinvisiblecollection.com\/fr\/wp-json\/wp\/v2\/manufacturer?post=3645256"},{"taxonomy":"reporting_designer","embeddable":true,"href":"https:\/\/theinvisiblecollection.com\/fr\/wp-json\/wp\/v2\/reporting_designer?post=3645256"},{"taxonomy":"samplecomfabric","embeddable":true,"href":"https:\/\/theinvisiblecollection.com\/fr\/wp-json\/wp\/v2\/samplecomfabric?post=3645256"},{"taxonomy":"clubroom_product_designer","embeddable":true,"href":"https:\/\/theinvisiblecollection.com\/fr\/wp-json\/wp\/v2\/designer_clubroom?post=3645256"}],"curies":[{"name":"wp","href":"https:\/\/api.w.org\/{rel}","templated":true}]}}