{"id":3645985,"date":"2023-08-21T12:23:48","date_gmt":"2023-08-21T11:23:48","guid":{"rendered":"https:\/\/theinvisiblecollection.com\/?post_type=product&#038;p=3645985"},"modified":"2026-05-15T05:02:38","modified_gmt":"2026-05-15T05:02:38","slug":"philippe-hurel-canape-dune","status":"publish","type":"product","link":"https:\/\/theinvisiblecollection.com\/fr\/produit\/philippe-hurel-canape-dune\/","title":{"rendered":"Canap\u00e9 Dune"},"content":{"rendered":"<p style=\"text-align: justify;\"><span class=\"TextRun SCXW28250981 BCX0\" lang=\"FR-FR\" xml:lang=\"FR-FR\" data-contrast=\"auto\"><span class=\"NormalTextRun SCXW28250981 BCX0\">Tout en douceur et en sinuosit\u00e9, l<\/span><span class=\"NormalTextRun SCXW28250981 BCX0\">e canap\u00e9 Dune d&#8217;Anthony <\/span><span class=\"NormalTextRun SpellingErrorV2Themed SCXW28250981 BCX0\">Guerr\u00e9<\/span> <span class=\"NormalTextRun SCXW28250981 BCX0\">pour<\/span> <span class=\"NormalTextRun SCXW28250981 BCX0\">Philippe Hurel <\/span><span class=\"NormalTextRun SCXW28250981 BCX0\">rappelle<\/span><span class=\"NormalTextRun SCXW28250981 BCX0\"> l&#8217;ondulation des sables caress\u00e9s par le vent. Avec ses lignes \u00e9pur\u00e9es, ses formes arrondies accentu\u00e9es par des coutures <\/span><span class=\"NormalTextRun SCXW28250981 BCX0\">discr\u00e8tes<\/span><span class=\"NormalTextRun SCXW28250981 BCX0\"> et ses volumes enveloppants, il <\/span><span class=\"NormalTextRun SCXW28250981 BCX0\">est<\/span><span class=\"NormalTextRun SCXW28250981 BCX0\"> une pi\u00e8ce ma\u00eetresse <\/span><span class=\"NormalTextRun SCXW28250981 BCX0\">autour de laquelle s\u2019anime toute la maison<\/span><span class=\"NormalTextRun SCXW28250981 BCX0\">. <\/span><span class=\"NormalTextRun SCXW28250981 BCX0\">Son assise \u00e0 l<\/span><span class=\"NormalTextRun SCXW28250981 BCX0\">a profondeur irr\u00e9guli\u00e8re invit<\/span><span class=\"NormalTextRun SCXW28250981 BCX0\">e<\/span><span class=\"NormalTextRun SCXW28250981 BCX0\"> \u00e0 s&#8217;<\/span><span class=\"NormalTextRun SCXW28250981 BCX0\">y <\/span><span class=\"NormalTextRun SCXW28250981 BCX0\">asseoir confortablement tout au long de la journ\u00e9e<\/span><span class=\"NormalTextRun SCXW28250981 BCX0\">, en variant les postures. T<\/span><span class=\"NormalTextRun SCXW28250981 BCX0\">ant\u00f4t conviviale, tant\u00f4t intime<\/span><span class=\"NormalTextRun SCXW28250981 BCX0\">, <\/span><span class=\"NormalTextRun SCXW28250981 BCX0\">Dune se m\u00e9tamorphose et devient <\/span><span class=\"NormalTextRun SCXW28250981 BCX0\">le lieu id\u00e9al<\/span><span class=\"NormalTextRun SCXW28250981 BCX0\"> pour la r\u00eaverie et la lecture. Le pi\u00e9tement en ch\u00eane sabl\u00e9 souligne <\/span><span class=\"NormalTextRun SCXW28250981 BCX0\">la cambrure <\/span><span class=\"NormalTextRun SCXW28250981 BCX0\">de l&#8217;assise <\/span><span class=\"NormalTextRun SCXW28250981 BCX0\">et rappelle<\/span><span class=\"NormalTextRun SCXW28250981 BCX0\"> l&#8217;attachement ind\u00e9fectible de la Maison Philippe Hurel \u00e0 l&#8217;art <\/span><span class=\"NormalTextRun SCXW28250981 BCX0\">de l\u2019\u00e9b\u00e9nisterie<\/span><span class=\"NormalTextRun SCXW28250981 BCX0\">.<\/span><\/span><span class=\"EOP SCXW28250981 BCX0\" data-ccp-props=\"{&quot;335551550&quot;:6,&quot;335551620&quot;:6}\">\u00a0<\/span><\/p>\n","protected":false},"excerpt":{"rendered":"<p>Tout en douceur et en sinuosit\u00e9, le canap\u00e9 Dune d&#8217;Anthony Guerr\u00e9 pour Philippe Hurel rappelle l&#8217;ondulation des sables caress\u00e9s par le vent. Avec ses lignes \u00e9pur\u00e9es, ses formes arrondies accentu\u00e9es par des coutures discr\u00e8tes et ses volumes enveloppants, il est une pi\u00e8ce ma\u00eetresse autour de laquelle s\u2019anime toute la maison. Son assise \u00e0 la profondeur [&hellip;]<\/p>\n","protected":false},"featured_media":3646090,"template":"","meta":{"_acf_changed":false,"content-type":"","_themeisle_gutenberg_block_has_review":false},"product_brand":[],"product_cat":[8976,12499],"product_tag":[31477],"product_designer":[23590],"comfabric":[32820],"manufacturer":[25102],"reporting_designer":[37588],"samplecomfabric":[32822],"designer_clubroom":[],"class_list":{"0":"post-3645985","1":"product","2":"type-product","3":"status-publish","4":"has-post-thumbnail","6":"product_cat-canapes","7":"product_cat-assises","8":"product_tag-st-curvy-fr","9":"product_designer-philippe-hurel-fr","10":"comfabric-philippe-hurel-atelier-fr","11":"manufacturer-gambuto-bois-emballage-fr","12":"reporting_designer-philippe-hurel","13":"samplecomfabric-philippe-hurel-atelier-fr","15":"first","16":"instock","17":"taxable","18":"shipping-taxable","19":"purchasable","20":"product-type-variable"},"acf":[],"_links":{"self":[{"href":"https:\/\/theinvisiblecollection.com\/fr\/wp-json\/wp\/v2\/product\/3645985","targetHints":{"allow":["GET"]}}],"collection":[{"href":"https:\/\/theinvisiblecollection.com\/fr\/wp-json\/wp\/v2\/product"}],"about":[{"href":"https:\/\/theinvisiblecollection.com\/fr\/wp-json\/wp\/v2\/types\/product"}],"wp:featuredmedia":[{"embeddable":true,"href":"https:\/\/theinvisiblecollection.com\/fr\/wp-json\/wp\/v2\/media\/3646090"}],"wp:attachment":[{"href":"https:\/\/theinvisiblecollection.com\/fr\/wp-json\/wp\/v2\/media?parent=3645985"}],"wp:term":[{"taxonomy":"product_brand","embeddable":true,"href":"https:\/\/theinvisiblecollection.com\/fr\/wp-json\/wp\/v2\/product_brand?post=3645985"},{"taxonomy":"product_cat","embeddable":true,"href":"https:\/\/theinvisiblecollection.com\/fr\/wp-json\/wp\/v2\/product_cat?post=3645985"},{"taxonomy":"product_tag","embeddable":true,"href":"https:\/\/theinvisiblecollection.com\/fr\/wp-json\/wp\/v2\/product_tag?post=3645985"},{"taxonomy":"product_designer","embeddable":true,"href":"https:\/\/theinvisiblecollection.com\/fr\/wp-json\/wp\/v2\/product_designer?post=3645985"},{"taxonomy":"comfabric","embeddable":true,"href":"https:\/\/theinvisiblecollection.com\/fr\/wp-json\/wp\/v2\/comfabric?post=3645985"},{"taxonomy":"manufacturer","embeddable":true,"href":"https:\/\/theinvisiblecollection.com\/fr\/wp-json\/wp\/v2\/manufacturer?post=3645985"},{"taxonomy":"reporting_designer","embeddable":true,"href":"https:\/\/theinvisiblecollection.com\/fr\/wp-json\/wp\/v2\/reporting_designer?post=3645985"},{"taxonomy":"samplecomfabric","embeddable":true,"href":"https:\/\/theinvisiblecollection.com\/fr\/wp-json\/wp\/v2\/samplecomfabric?post=3645985"},{"taxonomy":"clubroom_product_designer","embeddable":true,"href":"https:\/\/theinvisiblecollection.com\/fr\/wp-json\/wp\/v2\/designer_clubroom?post=3645985"}],"curies":[{"name":"wp","href":"https:\/\/api.w.org\/{rel}","templated":true}]}}