{"id":3647039,"date":"2023-08-29T11:52:02","date_gmt":"2023-08-29T10:52:02","guid":{"rendered":"https:\/\/theinvisiblecollection.com\/?post_type=product&#038;p=3647039"},"modified":"2026-05-08T04:39:16","modified_gmt":"2026-05-08T04:39:16","slug":"les-metamorfoses-garrafon-vert","status":"publish","type":"product","link":"https:\/\/theinvisiblecollection.com\/fr\/produit\/les-metamorfoses-garrafon-vert\/","title":{"rendered":"Garrafon Verde"},"content":{"rendered":"<p style=\"text-align: justify;\"><span class=\"TextRun SCXW230817714 BCX0\" lang=\"FR-FR\" xml:lang=\"FR-FR\" data-contrast=\"none\"><span class=\"NormalTextRun SCXW230817714 BCX0\">Les Fr\u00e8res Campana x Les M\u00e9tamorFoses ont cr\u00e9\u00e9 un vase unique symbolisant la transformation cr\u00e9ative de mat\u00e9riaux ab\u00eem\u00e9s en une \u0153uvre d&#8217;art, avec une touche de militantisme repr\u00e9sent\u00e9e par l&#8217;utilisation de jerricans en plastique. Les chutes de fibre de coco color\u00e9es de la Scourtinerie de Nyons alli\u00e9es au savoir-faire de Diane <\/span><span class=\"NormalTextRun SpellingErrorV2Themed SCXW230817714 BCX0\">Diebold<\/span><span class=\"NormalTextRun SCXW230817714 BCX0\">, designer en macram\u00e9, ont contribu\u00e9 \u00e0 donner une seconde vie aussi cr\u00e9ative que s\u00e9duisante<\/span><span class=\"NormalTextRun SCXW230817714 BCX0\"> \u00e0 ces jerricans.<\/span><\/span><span class=\"EOP SCXW230817714 BCX0\" data-ccp-props=\"{&quot;201341983&quot;:0,&quot;335551550&quot;:6,&quot;335551620&quot;:6,&quot;335559740&quot;:259}\">\u00a0<\/span><\/p>\n","protected":false},"excerpt":{"rendered":"<p>Les Fr\u00e8res Campana x Les M\u00e9tamorFoses ont cr\u00e9\u00e9 un vase unique symbolisant la transformation cr\u00e9ative de mat\u00e9riaux ab\u00eem\u00e9s en une \u0153uvre d&#8217;art, avec une touche de militantisme repr\u00e9sent\u00e9e par l&#8217;utilisation de jerricans en plastique. Les chutes de fibre de coco color\u00e9es de la Scourtinerie de Nyons alli\u00e9es au savoir-faire de Diane Diebold, designer en macram\u00e9, [&hellip;]<\/p>\n","protected":false},"featured_media":3647018,"template":"","meta":{"_acf_changed":false,"content-type":"","_themeisle_gutenberg_block_has_review":false},"product_brand":[],"product_cat":[7517,12531],"product_tag":[31477,33319],"product_designer":[24382,24425],"comfabric":[],"manufacturer":[24380],"reporting_designer":[37303],"samplecomfabric":[],"designer_clubroom":[],"class_list":{"0":"post-3647039","1":"product","2":"type-product","3":"status-publish","4":"has-post-thumbnail","6":"product_cat-deco-fr","7":"product_cat-objets-de-decoration","8":"product_tag-st-curvy-fr","9":"product_tag-edition-limitee","10":"product_designer-les-mtamorfoses-fr","11":"product_designer-campana-brothers-fr","12":"manufacturer-les-mtamorfoses-fr","13":"reporting_designer-les-mtamorfoses","15":"first","16":"instock","17":"taxable","18":"shipping-taxable","19":"purchasable","20":"product-type-simple"},"acf":[],"_links":{"self":[{"href":"https:\/\/theinvisiblecollection.com\/fr\/wp-json\/wp\/v2\/product\/3647039","targetHints":{"allow":["GET"]}}],"collection":[{"href":"https:\/\/theinvisiblecollection.com\/fr\/wp-json\/wp\/v2\/product"}],"about":[{"href":"https:\/\/theinvisiblecollection.com\/fr\/wp-json\/wp\/v2\/types\/product"}],"wp:featuredmedia":[{"embeddable":true,"href":"https:\/\/theinvisiblecollection.com\/fr\/wp-json\/wp\/v2\/media\/3647018"}],"wp:attachment":[{"href":"https:\/\/theinvisiblecollection.com\/fr\/wp-json\/wp\/v2\/media?parent=3647039"}],"wp:term":[{"taxonomy":"product_brand","embeddable":true,"href":"https:\/\/theinvisiblecollection.com\/fr\/wp-json\/wp\/v2\/product_brand?post=3647039"},{"taxonomy":"product_cat","embeddable":true,"href":"https:\/\/theinvisiblecollection.com\/fr\/wp-json\/wp\/v2\/product_cat?post=3647039"},{"taxonomy":"product_tag","embeddable":true,"href":"https:\/\/theinvisiblecollection.com\/fr\/wp-json\/wp\/v2\/product_tag?post=3647039"},{"taxonomy":"product_designer","embeddable":true,"href":"https:\/\/theinvisiblecollection.com\/fr\/wp-json\/wp\/v2\/product_designer?post=3647039"},{"taxonomy":"comfabric","embeddable":true,"href":"https:\/\/theinvisiblecollection.com\/fr\/wp-json\/wp\/v2\/comfabric?post=3647039"},{"taxonomy":"manufacturer","embeddable":true,"href":"https:\/\/theinvisiblecollection.com\/fr\/wp-json\/wp\/v2\/manufacturer?post=3647039"},{"taxonomy":"reporting_designer","embeddable":true,"href":"https:\/\/theinvisiblecollection.com\/fr\/wp-json\/wp\/v2\/reporting_designer?post=3647039"},{"taxonomy":"samplecomfabric","embeddable":true,"href":"https:\/\/theinvisiblecollection.com\/fr\/wp-json\/wp\/v2\/samplecomfabric?post=3647039"},{"taxonomy":"clubroom_product_designer","embeddable":true,"href":"https:\/\/theinvisiblecollection.com\/fr\/wp-json\/wp\/v2\/designer_clubroom?post=3647039"}],"curies":[{"name":"wp","href":"https:\/\/api.w.org\/{rel}","templated":true}]}}