{"id":36503,"date":"2025-02-20T12:25:56","date_gmt":"2025-02-20T12:25:56","guid":{"rendered":"https:\/\/www.theinvisiblecollection.com\/product\/canape-alexandra\/"},"modified":"2026-05-08T04:41:17","modified_gmt":"2026-05-08T04:41:17","slug":"charles-zana-canape-alexandra","status":"publish","type":"product","link":"https:\/\/theinvisiblecollection.com\/fr\/produit\/charles-zana-canape-alexandra\/","title":{"rendered":"Canap\u00e9 Alexandra"},"content":{"rendered":"<p style=\"text-align: justify;\"><span lang=\"FR\">Le canap\u00e9 Alexandra est une pi\u00e8ce tr\u00e8s f\u00e9minine, toute en rondeurs, redessin\u00e9e en fonction de l\u2019espace et de ses dimensions. On est souvent tent\u00e9 de disposer deux canap\u00e9s et quelques fauteuils dans un salon, mais Charles Zana a eu envie de reprendre cette id\u00e9e tr\u00e8s seventies d\u2019un grand canap\u00e9 qui devient un objet statutaire, l\u2019objet central de la pi\u00e8ce. Expression d\u2019un geste architectural, ce canap\u00e9 est en velours de mohair, un tissu que Charles Zana aime tout particuli\u00e8rement, puisque c\u2019est le tissu qu\u2019utilisait Jean Roy\u00e8re. <\/span><span lang=\"FR\">Ce canap\u00e9 sur mesure peut \u00eatre produit en diff\u00e9rentes dimensions, en suivant l\u2019architecture et les volumes de la pi\u00e8ce\u2026<\/span><\/p>\n<p>&nbsp;<\/p>\n<p>Cr\u00e9dit photos : Simon Upton<\/p>\n","protected":false},"excerpt":{"rendered":"<p>Canap\u00e9 photographi\u00e9 ici en tissu Teddy Mohair de Pierre Frey, couleur Acajou<br \/>\n<span style=\"text-decoration: underline;\"><a href=\"https:\/\/theinvisiblecollection.com\/wp-content\/uploads\/2021\/12\/TheInvisibleCollection_Alexandra_Sofa_Fabric_Selection3.pdf\" target=\"_blank\" rel=\"noopener noreferrer\">D\u00e9couvrez la s\u00e9lection de tissus ici<\/a><\/span><br \/>\n\u00c9galement disponible dans le tissu de votre choix<br \/>\nDimensions et tissus sur-mesure sur demande<\/p>\n<p>L 380 x P 300\/195 x H 78 cm<br \/>\nHauteur d\u2019assise : 42 &#8211; 43 cm<br \/>\nProfondeur d&#8217;assise (minimum) : 65 cm<br \/>\nTissu requis : 30 m<\/p>\n<p>Fabriqu\u00e9 \u00e0 la main en France<br \/>\nD\u00e9lais de fabrication : 18 &#8211; 20 semaines<\/p>\n<p><span style=\"text-decoration: underline;\"><a href=\"https:\/\/www.theinvisiblecollection.com\/fr\/demande-de-devis\/?product_id=36503\" target=\"_blank\" rel=\"noopener\">Contactez-nous pour toute demande de devis ou de renseignements<\/a><\/span><\/p>\n","protected":false},"featured_media":1840348,"template":"","meta":{"_acf_changed":false,"content-type":"","_themeisle_gutenberg_block_has_review":false},"product_brand":[],"product_cat":[8976,12499],"product_tag":[8942,8944,8993,9140,10355,12734,22790,35206],"product_designer":[8871],"comfabric":[29827],"manufacturer":[18495],"reporting_designer":[37682],"samplecomfabric":[30044],"designer_clubroom":[],"class_list":{"0":"post-36503","1":"product","2":"type-product","3":"status-publish","4":"has-post-thumbnail","6":"product_cat-canapes","7":"product_cat-assises","8":"product_tag-assise","9":"product_tag-canape","10":"product_tag-salon","11":"product_tag-charles-zana-fr-3","12":"product_tag-iconique","13":"product_tag-superstar-fr","14":"product_tag-disponible-immediatement","15":"product_tag-exclusive-fr","16":"pa_material-tissu-client-fr","17":"pa_size-en-forme-de-l","18":"pa_size-en-forme-de-u","19":"product_designer-charles-zana-fr","20":"comfabric-siegeair-fr","21":"manufacturer-siegeair-fr","22":"reporting_designer-charles-zana","23":"samplecomfabric-siegeair-fr","24":"exhibitions-londres-fr","26":"first","27":"instock","28":"taxable","29":"shipping-taxable","30":"purchasable","31":"product-type-variable"},"acf":[],"_links":{"self":[{"href":"https:\/\/theinvisiblecollection.com\/fr\/wp-json\/wp\/v2\/product\/36503","targetHints":{"allow":["GET"]}}],"collection":[{"href":"https:\/\/theinvisiblecollection.com\/fr\/wp-json\/wp\/v2\/product"}],"about":[{"href":"https:\/\/theinvisiblecollection.com\/fr\/wp-json\/wp\/v2\/types\/product"}],"wp:featuredmedia":[{"embeddable":true,"href":"https:\/\/theinvisiblecollection.com\/fr\/wp-json\/wp\/v2\/media\/1840348"}],"wp:attachment":[{"href":"https:\/\/theinvisiblecollection.com\/fr\/wp-json\/wp\/v2\/media?parent=36503"}],"wp:term":[{"taxonomy":"product_brand","embeddable":true,"href":"https:\/\/theinvisiblecollection.com\/fr\/wp-json\/wp\/v2\/product_brand?post=36503"},{"taxonomy":"product_cat","embeddable":true,"href":"https:\/\/theinvisiblecollection.com\/fr\/wp-json\/wp\/v2\/product_cat?post=36503"},{"taxonomy":"product_tag","embeddable":true,"href":"https:\/\/theinvisiblecollection.com\/fr\/wp-json\/wp\/v2\/product_tag?post=36503"},{"taxonomy":"product_designer","embeddable":true,"href":"https:\/\/theinvisiblecollection.com\/fr\/wp-json\/wp\/v2\/product_designer?post=36503"},{"taxonomy":"comfabric","embeddable":true,"href":"https:\/\/theinvisiblecollection.com\/fr\/wp-json\/wp\/v2\/comfabric?post=36503"},{"taxonomy":"manufacturer","embeddable":true,"href":"https:\/\/theinvisiblecollection.com\/fr\/wp-json\/wp\/v2\/manufacturer?post=36503"},{"taxonomy":"reporting_designer","embeddable":true,"href":"https:\/\/theinvisiblecollection.com\/fr\/wp-json\/wp\/v2\/reporting_designer?post=36503"},{"taxonomy":"samplecomfabric","embeddable":true,"href":"https:\/\/theinvisiblecollection.com\/fr\/wp-json\/wp\/v2\/samplecomfabric?post=36503"},{"taxonomy":"clubroom_product_designer","embeddable":true,"href":"https:\/\/theinvisiblecollection.com\/fr\/wp-json\/wp\/v2\/designer_clubroom?post=36503"}],"curies":[{"name":"wp","href":"https:\/\/api.w.org\/{rel}","templated":true}]}}