{"id":36560,"date":"2016-04-27T00:00:00","date_gmt":"2016-04-26T23:00:00","guid":{"rendered":"https:\/\/www.theinvisiblecollection.com\/product\/canape-elephant\/"},"modified":"2026-05-01T07:40:05","modified_gmt":"2026-05-01T07:40:05","slug":"jerome-faillant-dumas-canape-elephant","status":"publish","type":"product","link":"https:\/\/theinvisiblecollection.com\/fr\/produit\/jerome-faillant-dumas-canape-elephant\/","title":{"rendered":"Canap\u00e9 \u00c9l\u00e9phant"},"content":{"rendered":"<p>Une r\u00e9interpr\u00e9tation du traditionnel fauteuil \u00e0 oreilles dans une version contemporaine tr\u00e8s intemporelle qui joue sur la surdimension et le confort extr\u00eame soulign\u00e9 par la douceur d&#8217;un velours jusqu&#8217;au bout des pieds. Un v\u00e9ritable \u00e9crin, \u00e0 la fois \u00e9l\u00e9gant et ludique !<\/p>\n","protected":false},"excerpt":{"rendered":"<p>Dessin\u00e9 par J\u00e9r\u00f4me Faillant-Dumas &amp; Ga\u00ebtan Lebegue<br \/>\nStructure en bois recouverte\u00a0d&#8217;un tissu Fine Pierre Frey<br \/>\n<a href=\"https:\/\/www.theinvisiblecollection.com\/wp-content\/uploads\/2019\/12\/PierreFrey_Fine_-1.pdf\" target=\"_blank\" rel=\"noopener noreferrer\">D\u00e9couvrez la s\u00e9lection de tissus ici<\/a><br \/>\nTissu et couleur sur-mesure sur demande<\/p>\n<p>L 200 x P 88 x H 123 cm<br \/>\nHauteur d&#8217;assise : 48 cm<\/p>\n<p>Fabriqu\u00e9 \u00e0 la main en France<br \/>\nD\u00e9lais de fabrication : 12 &#8211; 14 semaines<\/p>\n<p><span style=\"text-decoration: underline;\"><span class=\"s1\"><a href=\"https:\/\/www.theinvisiblecollection.com\/fr\/demande-de-devis\/?product_id=36560\">Contactez-nous pour toute demande de devis ou de renseignements<\/a><\/span><\/span><\/p>\n","protected":false},"featured_media":67259,"template":"","meta":{"_acf_changed":false,"content-type":"","_themeisle_gutenberg_block_has_review":false},"product_brand":[],"product_cat":[8976,12499],"product_tag":[8942,9291,10389,11543,31477,35206],"product_designer":[8887],"comfabric":[33905],"manufacturer":[33903],"reporting_designer":[37606],"samplecomfabric":[],"designer_clubroom":[],"class_list":{"0":"post-36560","1":"product","2":"type-product","3":"status-publish","4":"has-post-thumbnail","6":"product_cat-canapes","7":"product_cat-assises","8":"product_tag-assise","9":"product_tag-elephant-fr","10":"product_tag-jerome-faillant-dumas-fr-fr","11":"product_tag-canapes-irresistibles-fr","12":"product_tag-st-curvy-fr","13":"product_tag-exclusive-fr","14":"pa_material-tissu-client-fr","15":"product_designer-jerome-faillant-dumas-fr","16":"comfabric-aura-atelier-jfd-fr","17":"manufacturer-aura-atelier-jfd-fr","18":"reporting_designer-jerome-faillant-dumas","20":"first","21":"instock","22":"taxable","23":"shipping-taxable","24":"product-type-variable"},"acf":[],"_links":{"self":[{"href":"https:\/\/theinvisiblecollection.com\/fr\/wp-json\/wp\/v2\/product\/36560","targetHints":{"allow":["GET"]}}],"collection":[{"href":"https:\/\/theinvisiblecollection.com\/fr\/wp-json\/wp\/v2\/product"}],"about":[{"href":"https:\/\/theinvisiblecollection.com\/fr\/wp-json\/wp\/v2\/types\/product"}],"wp:featuredmedia":[{"embeddable":true,"href":"https:\/\/theinvisiblecollection.com\/fr\/wp-json\/wp\/v2\/media\/67259"}],"wp:attachment":[{"href":"https:\/\/theinvisiblecollection.com\/fr\/wp-json\/wp\/v2\/media?parent=36560"}],"wp:term":[{"taxonomy":"product_brand","embeddable":true,"href":"https:\/\/theinvisiblecollection.com\/fr\/wp-json\/wp\/v2\/product_brand?post=36560"},{"taxonomy":"product_cat","embeddable":true,"href":"https:\/\/theinvisiblecollection.com\/fr\/wp-json\/wp\/v2\/product_cat?post=36560"},{"taxonomy":"product_tag","embeddable":true,"href":"https:\/\/theinvisiblecollection.com\/fr\/wp-json\/wp\/v2\/product_tag?post=36560"},{"taxonomy":"product_designer","embeddable":true,"href":"https:\/\/theinvisiblecollection.com\/fr\/wp-json\/wp\/v2\/product_designer?post=36560"},{"taxonomy":"comfabric","embeddable":true,"href":"https:\/\/theinvisiblecollection.com\/fr\/wp-json\/wp\/v2\/comfabric?post=36560"},{"taxonomy":"manufacturer","embeddable":true,"href":"https:\/\/theinvisiblecollection.com\/fr\/wp-json\/wp\/v2\/manufacturer?post=36560"},{"taxonomy":"reporting_designer","embeddable":true,"href":"https:\/\/theinvisiblecollection.com\/fr\/wp-json\/wp\/v2\/reporting_designer?post=36560"},{"taxonomy":"samplecomfabric","embeddable":true,"href":"https:\/\/theinvisiblecollection.com\/fr\/wp-json\/wp\/v2\/samplecomfabric?post=36560"},{"taxonomy":"clubroom_product_designer","embeddable":true,"href":"https:\/\/theinvisiblecollection.com\/fr\/wp-json\/wp\/v2\/designer_clubroom?post=36560"}],"curies":[{"name":"wp","href":"https:\/\/api.w.org\/{rel}","templated":true}]}}