{"id":3660834,"date":"2023-08-23T11:07:25","date_gmt":"2023-08-23T10:07:25","guid":{"rendered":"https:\/\/theinvisiblecollection.com\/?post_type=product&#038;p=3660834"},"modified":"2026-05-08T04:39:16","modified_gmt":"2026-05-08T04:39:16","slug":"les-metamorfoses-ovale","status":"publish","type":"product","link":"https:\/\/theinvisiblecollection.com\/fr\/produit\/les-metamorfoses-ovale\/","title":{"rendered":"Sculpture Murale Ovale"},"content":{"rendered":"<p style=\"text-align: justify;\"><span class=\"TextRun SCXW90629120 BCX0\" lang=\"FR-FR\" xml:lang=\"FR-FR\" data-contrast=\"none\"><span class=\"NormalTextRun SCXW90629120 BCX0\">Les Ovales pliss\u00e9s de Tiffany <\/span><span class=\"NormalTextRun SpellingErrorV2Themed SCXW90629120 BCX0\">Bouelle<\/span><span class=\"NormalTextRun SCXW90629120 BCX0\">, utilisant des chutes de tissus de la Maison <\/span><span class=\"NormalTextRun SpellingErrorV2Themed SCXW90629120 BCX0\">Thevenon<\/span><span class=\"NormalTextRun SCXW90629120 BCX0\">, sont r\u00e9alis\u00e9s sur des ovales en bois de peuplier fabriqu\u00e9s par l&#8217;\u00e9b\u00e9niste d&#8217;art Ludovic Avenel. Avec une r\u00e9f\u00e9rence volontaire aux canons antiques, les chutes de tissus de <\/span><span class=\"NormalTextRun SpellingErrorV2Themed SCXW90629120 BCX0\">Thevenon<\/span><span class=\"NormalTextRun SCXW90629120 BCX0\"> s\u2019entrem\u00ealent pour cr\u00e9er des plis qui semblent <\/span><\/span><span class=\"TextRun SCXW90629120 BCX0\" lang=\"FR-FR\" xml:lang=\"FR-FR\" data-contrast=\"none\"><span class=\"NormalTextRun SCXW90629120 BCX0\">\u00eatre en mouvement arr\u00eat\u00e9<\/span><\/span><span class=\"TextRun SCXW90629120 BCX0\" lang=\"FR-FR\" xml:lang=\"FR-FR\" data-contrast=\"none\"><span class=\"NormalTextRun SCXW90629120 BCX0\">.\u00a0<\/span><\/span><\/p>\n","protected":false},"excerpt":{"rendered":"<p>Les Ovales pliss\u00e9s de Tiffany Bouelle, utilisant des chutes de tissus de la Maison Thevenon, sont r\u00e9alis\u00e9s sur des ovales en bois de peuplier fabriqu\u00e9s par l&#8217;\u00e9b\u00e9niste d&#8217;art Ludovic Avenel. Avec une r\u00e9f\u00e9rence volontaire aux canons antiques, les chutes de tissus de Thevenon s\u2019entrem\u00ealent pour cr\u00e9er des plis qui semblent \u00eatre en mouvement arr\u00eat\u00e9.\u00a0<\/p>\n","protected":false},"featured_media":3660892,"template":"","meta":{"_acf_changed":false,"content-type":"","_themeisle_gutenberg_block_has_review":false},"product_brand":[],"product_cat":[7517,12531],"product_tag":[33319],"product_designer":[24382],"comfabric":[],"manufacturer":[24380],"reporting_designer":[37303],"samplecomfabric":[],"designer_clubroom":[],"class_list":{"0":"post-3660834","1":"product","2":"type-product","3":"status-publish","4":"has-post-thumbnail","6":"product_cat-deco-fr","7":"product_cat-objets-de-decoration","8":"product_tag-edition-limitee","9":"product_designer-les-mtamorfoses-fr","10":"manufacturer-les-mtamorfoses-fr","11":"reporting_designer-les-mtamorfoses","13":"first","14":"instock","15":"taxable","16":"shipping-taxable","17":"purchasable","18":"product-type-variable"},"acf":[],"_links":{"self":[{"href":"https:\/\/theinvisiblecollection.com\/fr\/wp-json\/wp\/v2\/product\/3660834","targetHints":{"allow":["GET"]}}],"collection":[{"href":"https:\/\/theinvisiblecollection.com\/fr\/wp-json\/wp\/v2\/product"}],"about":[{"href":"https:\/\/theinvisiblecollection.com\/fr\/wp-json\/wp\/v2\/types\/product"}],"wp:featuredmedia":[{"embeddable":true,"href":"https:\/\/theinvisiblecollection.com\/fr\/wp-json\/wp\/v2\/media\/3660892"}],"wp:attachment":[{"href":"https:\/\/theinvisiblecollection.com\/fr\/wp-json\/wp\/v2\/media?parent=3660834"}],"wp:term":[{"taxonomy":"product_brand","embeddable":true,"href":"https:\/\/theinvisiblecollection.com\/fr\/wp-json\/wp\/v2\/product_brand?post=3660834"},{"taxonomy":"product_cat","embeddable":true,"href":"https:\/\/theinvisiblecollection.com\/fr\/wp-json\/wp\/v2\/product_cat?post=3660834"},{"taxonomy":"product_tag","embeddable":true,"href":"https:\/\/theinvisiblecollection.com\/fr\/wp-json\/wp\/v2\/product_tag?post=3660834"},{"taxonomy":"product_designer","embeddable":true,"href":"https:\/\/theinvisiblecollection.com\/fr\/wp-json\/wp\/v2\/product_designer?post=3660834"},{"taxonomy":"comfabric","embeddable":true,"href":"https:\/\/theinvisiblecollection.com\/fr\/wp-json\/wp\/v2\/comfabric?post=3660834"},{"taxonomy":"manufacturer","embeddable":true,"href":"https:\/\/theinvisiblecollection.com\/fr\/wp-json\/wp\/v2\/manufacturer?post=3660834"},{"taxonomy":"reporting_designer","embeddable":true,"href":"https:\/\/theinvisiblecollection.com\/fr\/wp-json\/wp\/v2\/reporting_designer?post=3660834"},{"taxonomy":"samplecomfabric","embeddable":true,"href":"https:\/\/theinvisiblecollection.com\/fr\/wp-json\/wp\/v2\/samplecomfabric?post=3660834"},{"taxonomy":"clubroom_product_designer","embeddable":true,"href":"https:\/\/theinvisiblecollection.com\/fr\/wp-json\/wp\/v2\/designer_clubroom?post=3660834"}],"curies":[{"name":"wp","href":"https:\/\/api.w.org\/{rel}","templated":true}]}}