{"id":36610,"date":"2021-04-14T10:00:00","date_gmt":"2021-04-14T09:00:00","guid":{"rendered":"https:\/\/www.theinvisiblecollection.com\/product\/canape-grand-theodore\/"},"modified":"2026-05-08T04:41:17","modified_gmt":"2026-05-08T04:41:17","slug":"humbert-et-poyet-canape-grand-theodore","status":"publish","type":"product","link":"https:\/\/theinvisiblecollection.com\/fr\/produit\/humbert-et-poyet-canape-grand-theodore\/","title":{"rendered":"Canap\u00e9 Grand Th\u00e9odore"},"content":{"rendered":"","protected":false},"excerpt":{"rendered":"<p>Canap\u00e9 recouvert de tissu Christian Fischbacher VIP<br \/>\n<span style=\"text-decoration: underline;\"><a href=\"https:\/\/theinvisiblecollection.com\/wp-content\/uploads\/2019\/04\/TIC_GrandTheodoreSofaFabricSample_New_Final.pdf\" target=\"_blank\" rel=\"noopener noreferrer\">D\u00e9couvrez les autres coloris disponibles ici<\/a><\/span><br \/>\nStructure en noyer et vernis satin\u00e9<br \/>\n\u00c9galement disponible en blanc sans tissu<\/p>\n<p>L 300 x l 210 \/ l 95 x H 79 cm<br \/>\nM\u00e9trage de tissu n\u00e9cessaire : 30 m<br \/>\nHauteur d&#8217;assise : 40 cm<br \/>\n\u00c9galement disponible en : L 350 cm<br \/>\nTissu requis : 32 m<br \/>\nL 400 cm<br \/>\nTissu requis : 38 m<\/p>\n<p>Fabriqu\u00e9 \u00e0 la main en Italie<br \/>\nD\u00e9lais de fabrication : 12 semaines<\/p>\n<p><span style=\"text-decoration: underline;\"><a href=\"https:\/\/www.theinvisiblecollection.com\/fr\/contact-produit\/?product_id=36610\">Contactez nous pour toute demande de devis ou de renseignements<\/a><\/span><\/p>\n","protected":false},"featured_media":74327,"template":"","meta":{"_acf_changed":false,"content-type":"","_themeisle_gutenberg_block_has_review":false},"product_brand":[],"product_cat":[8976,12499],"product_tag":[8944,9217,9685,10367,11545,12276],"product_designer":[8877],"comfabric":[],"manufacturer":[16899],"reporting_designer":[37722],"samplecomfabric":[],"designer_clubroom":[],"class_list":{"0":"post-36610","1":"product","2":"type-product","3":"status-publish","4":"has-post-thumbnail","6":"product_cat-canapes","7":"product_cat-assises","8":"product_tag-canape","9":"product_tag-velours","10":"product_tag-adinterieurs-fr","11":"product_tag-humbert-et-poyet-fr","12":"product_tag-canapes-arrondis","13":"product_tag-theodor-fr-2","14":"pa_fabric-dedar-karakorum-fr-3","15":"pa_fabric-en-blanc-sans-tissu-fr","16":"pa_fabric-holland-and-sherry-tissu-chamonix","17":"pa_fabric-pierre-frey-tissu-bridget","18":"pa_fabric-christian-fischbacher-vip-fr","19":"pa_size-grand-fr","20":"pa_size-moyen","21":"product_designer-humbert-poyet-fr","22":"manufacturer-antonio-crippa-e-c-art-sofa-s-a-s-fr","23":"reporting_designer-humbert-poyet","25":"first","26":"instock","27":"featured","28":"taxable","29":"shipping-taxable","30":"purchasable","31":"product-type-variable"},"acf":[],"_links":{"self":[{"href":"https:\/\/theinvisiblecollection.com\/fr\/wp-json\/wp\/v2\/product\/36610","targetHints":{"allow":["GET"]}}],"collection":[{"href":"https:\/\/theinvisiblecollection.com\/fr\/wp-json\/wp\/v2\/product"}],"about":[{"href":"https:\/\/theinvisiblecollection.com\/fr\/wp-json\/wp\/v2\/types\/product"}],"wp:featuredmedia":[{"embeddable":true,"href":"https:\/\/theinvisiblecollection.com\/fr\/wp-json\/wp\/v2\/media\/74327"}],"wp:attachment":[{"href":"https:\/\/theinvisiblecollection.com\/fr\/wp-json\/wp\/v2\/media?parent=36610"}],"wp:term":[{"taxonomy":"product_brand","embeddable":true,"href":"https:\/\/theinvisiblecollection.com\/fr\/wp-json\/wp\/v2\/product_brand?post=36610"},{"taxonomy":"product_cat","embeddable":true,"href":"https:\/\/theinvisiblecollection.com\/fr\/wp-json\/wp\/v2\/product_cat?post=36610"},{"taxonomy":"product_tag","embeddable":true,"href":"https:\/\/theinvisiblecollection.com\/fr\/wp-json\/wp\/v2\/product_tag?post=36610"},{"taxonomy":"product_designer","embeddable":true,"href":"https:\/\/theinvisiblecollection.com\/fr\/wp-json\/wp\/v2\/product_designer?post=36610"},{"taxonomy":"comfabric","embeddable":true,"href":"https:\/\/theinvisiblecollection.com\/fr\/wp-json\/wp\/v2\/comfabric?post=36610"},{"taxonomy":"manufacturer","embeddable":true,"href":"https:\/\/theinvisiblecollection.com\/fr\/wp-json\/wp\/v2\/manufacturer?post=36610"},{"taxonomy":"reporting_designer","embeddable":true,"href":"https:\/\/theinvisiblecollection.com\/fr\/wp-json\/wp\/v2\/reporting_designer?post=36610"},{"taxonomy":"samplecomfabric","embeddable":true,"href":"https:\/\/theinvisiblecollection.com\/fr\/wp-json\/wp\/v2\/samplecomfabric?post=36610"},{"taxonomy":"clubroom_product_designer","embeddable":true,"href":"https:\/\/theinvisiblecollection.com\/fr\/wp-json\/wp\/v2\/designer_clubroom?post=36610"}],"curies":[{"name":"wp","href":"https:\/\/api.w.org\/{rel}","templated":true}]}}