{"id":36637,"date":"2016-05-24T00:00:00","date_gmt":"2016-05-24T00:00:00","guid":{"rendered":"https:\/\/www.theinvisiblecollection.com\/product\/canape-jeanne\/"},"modified":"2026-05-01T07:40:05","modified_gmt":"2026-05-01T07:40:05","slug":"thierry-lemaire-canape-jeanne","status":"publish","type":"product","link":"https:\/\/theinvisiblecollection.com\/fr\/produit\/thierry-lemaire-canape-jeanne\/","title":{"rendered":"Canap\u00e9 Jeanne"},"content":{"rendered":"","protected":false},"excerpt":{"rendered":"<p>Canap\u00e9 recouvert ici de tissu Pur Mohair d&#8217;Elitis, couleur WO10867<br \/>\n<span style=\"text-decoration: underline;\"><a href=\"https:\/\/www.theinvisiblecollection.com\/wp-content\/uploads\/2019\/12\/SofaJeanne_fabricsamples_ld.pdf\" target=\"_blank\" rel=\"noopener noreferrer\">D\u00e9couvrez la s\u00e9lection de tissus ici<\/a><br \/>\n<\/span>Base en m\u00e9tal noir, \u00e9galement disponible en ch\u00eane ou tissu<br \/>\n<a href=\"https:\/\/theinvisiblecollection.com\/wp-content\/uploads\/2022\/04\/TheInvisibleCollection_Thierry-Lemaire_OakSelection.pdf\" target=\"_blank\" rel=\"noopener\"><span style=\"text-decoration: underline;\">D\u00e9couvrez la s\u00e9lection de bois ici<\/span><\/a><br \/>\nTissus et dimensions sur-mesure disponibles sur demande<\/p>\n<p>Six versions disponibles :<br \/>\nL 220 x P 94.5 x H 75 cm<br \/>\n\u00c9galement en L 240 &#8211; L 260 &#8211; L 280 &#8211; L 300 &#8211; L 320<\/p>\n<p>Hauteur d&#8217;assise : 40 cm<\/p>\n<p>Tissu requis pour L 220, L 240 et L 260 : 14 m<br \/>\nTissu requis pour L 280 : 16.4 m<br \/>\nTissu requis pour L 300 et L 320 : 18.8 m<\/p>\n<p>Comprend 2 coussins de dossier et 2 coussins d&#8217;assise (L 220 &#8211; L 240 &#8211; L 260 &#8211; L 280) ou 3 coussins de dossier et 3 coussins d&#8217;assise (L 300 &#8211; L 320)<\/p>\n<p>Fabriqu\u00e9 \u00e0 la main en France<br \/>\nD\u00e9lais de production : 14 &#8211; 16 semaines<\/p>\n<p><span style=\"text-decoration: underline;\"><a href=\"https:\/\/www.theinvisiblecollection.com\/fr\/contact-produit\/?product_id=36637\">Contactez-nous pour toute demande de devis ou de renseignements<\/a><\/span><\/p>\n","protected":false},"featured_media":5850612,"template":"","meta":{"_acf_changed":false,"content-type":"","_themeisle_gutenberg_block_has_review":false},"product_brand":[],"product_cat":[8976,12499],"product_tag":[8942,9682,9683,10392,11543,35206],"product_designer":[8875],"comfabric":[29410],"manufacturer":[19271],"reporting_designer":[37176],"samplecomfabric":[30460],"designer_clubroom":[],"class_list":{"0":"post-36637","1":"product","2":"type-product","3":"status-publish","4":"has-post-thumbnail","6":"product_cat-canapes","7":"product_cat-assises","8":"product_tag-assise","9":"product_tag-thierry-fr-fr","10":"product_tag-thierry-lemaire-fr-fr","11":"product_tag-lemaire-fr-fr","12":"product_tag-canapes-irresistibles-fr","13":"product_tag-exclusive-fr","14":"pa_material-tissu-client-fr","15":"pa_size-extra-large-fr","16":"pa_size-l-280-x-l-100-x-h-80-fr","17":"pa_size-moyen-fr","18":"pa_size-petit-fr","19":"product_designer-thierry-lemaire-fr","20":"comfabric-thierry-lemaire-fr","21":"manufacturer-plateforme-logistique-sogaris-fr","22":"reporting_designer-thierry-lemaire","23":"samplecomfabric-thierry-lemaire-fr","25":"first","26":"instock","27":"taxable","28":"shipping-taxable","29":"product-type-variable"},"acf":[],"_links":{"self":[{"href":"https:\/\/theinvisiblecollection.com\/fr\/wp-json\/wp\/v2\/product\/36637","targetHints":{"allow":["GET"]}}],"collection":[{"href":"https:\/\/theinvisiblecollection.com\/fr\/wp-json\/wp\/v2\/product"}],"about":[{"href":"https:\/\/theinvisiblecollection.com\/fr\/wp-json\/wp\/v2\/types\/product"}],"wp:featuredmedia":[{"embeddable":true,"href":"https:\/\/theinvisiblecollection.com\/fr\/wp-json\/wp\/v2\/media\/5850612"}],"wp:attachment":[{"href":"https:\/\/theinvisiblecollection.com\/fr\/wp-json\/wp\/v2\/media?parent=36637"}],"wp:term":[{"taxonomy":"product_brand","embeddable":true,"href":"https:\/\/theinvisiblecollection.com\/fr\/wp-json\/wp\/v2\/product_brand?post=36637"},{"taxonomy":"product_cat","embeddable":true,"href":"https:\/\/theinvisiblecollection.com\/fr\/wp-json\/wp\/v2\/product_cat?post=36637"},{"taxonomy":"product_tag","embeddable":true,"href":"https:\/\/theinvisiblecollection.com\/fr\/wp-json\/wp\/v2\/product_tag?post=36637"},{"taxonomy":"product_designer","embeddable":true,"href":"https:\/\/theinvisiblecollection.com\/fr\/wp-json\/wp\/v2\/product_designer?post=36637"},{"taxonomy":"comfabric","embeddable":true,"href":"https:\/\/theinvisiblecollection.com\/fr\/wp-json\/wp\/v2\/comfabric?post=36637"},{"taxonomy":"manufacturer","embeddable":true,"href":"https:\/\/theinvisiblecollection.com\/fr\/wp-json\/wp\/v2\/manufacturer?post=36637"},{"taxonomy":"reporting_designer","embeddable":true,"href":"https:\/\/theinvisiblecollection.com\/fr\/wp-json\/wp\/v2\/reporting_designer?post=36637"},{"taxonomy":"samplecomfabric","embeddable":true,"href":"https:\/\/theinvisiblecollection.com\/fr\/wp-json\/wp\/v2\/samplecomfabric?post=36637"},{"taxonomy":"clubroom_product_designer","embeddable":true,"href":"https:\/\/theinvisiblecollection.com\/fr\/wp-json\/wp\/v2\/designer_clubroom?post=36637"}],"curies":[{"name":"wp","href":"https:\/\/api.w.org\/{rel}","templated":true}]}}