{"id":36678,"date":"2022-08-23T10:00:00","date_gmt":"2022-08-23T09:00:00","guid":{"rendered":"https:\/\/www.theinvisiblecollection.com\/product\/canape-max\/"},"modified":"2026-05-01T07:40:05","modified_gmt":"2026-05-01T07:40:05","slug":"haymann-editions-canape-max","status":"publish","type":"product","link":"https:\/\/theinvisiblecollection.com\/fr\/produit\/haymann-editions-canape-max\/","title":{"rendered":"Canap\u00e9 Max"},"content":{"rendered":"<p style=\"text-align: justify;\">On est tous un peu comme Max! On a souvent envie de s\u2019allonger mais il faut aussi parfois travailler, confortablement install\u00e9. Charles Kalpakian a dessin\u00e9 Max pour vous. Une modernit\u00e9 \u00e9l\u00e9gante avec ses details en cuir sellier et ses lignes nettes, Max a \u00e9t\u00e9 dessin\u00e9 avec autant de soin de face et de dos. Le m\u00e9lange de tradition et modernit\u00e9 est ici savamment \u00e9quilibr\u00e9.<\/p>\n","protected":false},"excerpt":{"rendered":"<p>Dessin\u00e9 par Charles Kalpakian<br \/>\nCanap\u00e9 recouvert de tissu et cuir<br \/>\n<span style=\"text-decoration: underline;\"><a href=\"https:\/\/theinvisiblecollection.com\/wp-content\/uploads\/2022\/12\/TheInvisibleCollection_Haymann_Editions_Leather_Selection.pdf\" target=\"_blank\" rel=\"noopener\">D\u00e9couvrez la s\u00e9lection de cuirs ici<br \/>\n<\/a><a href=\"https:\/\/theinvisiblecollection.com\/wp-content\/uploads\/2022\/03\/TheInvisibleCollection_Samples_Haymann-Editions-1.pdf\" target=\"_blank\" rel=\"noopener\">D\u00e9couvrez la s\u00e9lection de tissus ici<\/a><br \/>\n<a href=\"https:\/\/cdn.theinvisiblecollection.com\/wp-content\/uploads\/2019\/01\/TheInvisibleCollection_Haymann_Editions_Wood_Selection.pdf\">D\u00e9couvrez les finitions de bois disponibles ici<\/a><\/span><br \/>\nAccessoire suppl\u00e9mentaire en cuir Sellier disponible<br \/>\n<a href=\"https:\/\/theinvisiblecollection.com\/wp-content\/uploads\/2022\/06\/TheInvisibleCollection_HaymannEditions_MaxSofa_FeaturedModels.pdf\" target=\"_blank\" rel=\"noopener\"><span style=\"text-decoration: underline;\">D\u00e9couvrez la s\u00e9lection de mod\u00e8les ici<\/span><\/a><\/p>\n<p>Disponible en deux versions :<br \/>\nL 275 x l 95 x H 76 cm (3 coussins d\u00e9coratifs inclus)<br \/>\nL 235 x l 95 x H 76 cm (2 coussins d\u00e9coratifs inclus)<br \/>\nHauteur d&#8217;assise : 42 cm<br \/>\nHauteur de l&#8217;accordoir : 50 cm<br \/>\nM\u00e9trage de tissu requis : 2,3 m (dossier) &#8211; 4,1 m (assise) &#8211; 1,8 m (accoudoir) &#8211; 2 m (grand accoudoir) &#8211; 1,5 m (petits coussins) &#8211; 2 m (grands coussins)<\/p>\n<p>Fabriqu\u00e9 \u00e0 la main en Italie<br \/>\nD\u00e9lais de fabrication : 8 semaines<\/p>\n<p><span style=\"text-decoration: underline;\"><a href=\"https:\/\/www.theinvisiblecollection.com\/fr\/demande-de-devis\/?product_id=36678\" target=\"_blank\" rel=\"noopener\">Contactez-nous pour toute demande de devis ou de renseignement<\/a><\/span><\/p>\n","protected":false},"featured_media":78989,"template":"","meta":{"_acf_changed":false,"content-type":"","_themeisle_gutenberg_block_has_review":false},"product_brand":[],"product_cat":[8976,12499],"product_tag":[14925,7435,8942,8944,8993,9015,9151,10858],"product_designer":[8919],"comfabric":[],"manufacturer":[20661],"reporting_designer":[37274],"samplecomfabric":[],"designer_clubroom":[],"class_list":{"0":"post-36678","1":"product","2":"type-product","3":"status-publish","4":"has-post-thumbnail","6":"product_cat-canapes","7":"product_cat-assises","8":"product_tag-hpfav-fr","9":"product_tag-new-in-fr","10":"product_tag-assise","11":"product_tag-canape","12":"product_tag-salon","13":"product_tag-cuir","14":"product_tag-tissu","15":"product_tag-charles-kalpakian-fr","16":"pa_accessory-avec-accessoire-fr","17":"pa_accessory-sans-accessoire-fr","18":"pa_armrests-accoudoir-a-droite","19":"pa_armrests-accoudoir-a-gauche","20":"pa_material-com-col-fr","21":"pa_material-tissu-bisson-bruneel-verone-fr","22":"pa_material-tissu-linterno-fr","23":"pa_material-yarn-collective-ismay-boucle-fr","24":"pa_material-yarn-collective-marci-fr","25":"pa_size-grand-fr","26":"pa_size-petit-fr","27":"product_designer-haymann-editions-fr","28":"manufacturer-22-service-fr","29":"reporting_designer-haymann-editions","31":"first","32":"instock","33":"taxable","34":"shipping-taxable","35":"purchasable","36":"product-type-variable"},"acf":[],"_links":{"self":[{"href":"https:\/\/theinvisiblecollection.com\/fr\/wp-json\/wp\/v2\/product\/36678","targetHints":{"allow":["GET"]}}],"collection":[{"href":"https:\/\/theinvisiblecollection.com\/fr\/wp-json\/wp\/v2\/product"}],"about":[{"href":"https:\/\/theinvisiblecollection.com\/fr\/wp-json\/wp\/v2\/types\/product"}],"wp:featuredmedia":[{"embeddable":true,"href":"https:\/\/theinvisiblecollection.com\/fr\/wp-json\/wp\/v2\/media\/78989"}],"wp:attachment":[{"href":"https:\/\/theinvisiblecollection.com\/fr\/wp-json\/wp\/v2\/media?parent=36678"}],"wp:term":[{"taxonomy":"product_brand","embeddable":true,"href":"https:\/\/theinvisiblecollection.com\/fr\/wp-json\/wp\/v2\/product_brand?post=36678"},{"taxonomy":"product_cat","embeddable":true,"href":"https:\/\/theinvisiblecollection.com\/fr\/wp-json\/wp\/v2\/product_cat?post=36678"},{"taxonomy":"product_tag","embeddable":true,"href":"https:\/\/theinvisiblecollection.com\/fr\/wp-json\/wp\/v2\/product_tag?post=36678"},{"taxonomy":"product_designer","embeddable":true,"href":"https:\/\/theinvisiblecollection.com\/fr\/wp-json\/wp\/v2\/product_designer?post=36678"},{"taxonomy":"comfabric","embeddable":true,"href":"https:\/\/theinvisiblecollection.com\/fr\/wp-json\/wp\/v2\/comfabric?post=36678"},{"taxonomy":"manufacturer","embeddable":true,"href":"https:\/\/theinvisiblecollection.com\/fr\/wp-json\/wp\/v2\/manufacturer?post=36678"},{"taxonomy":"reporting_designer","embeddable":true,"href":"https:\/\/theinvisiblecollection.com\/fr\/wp-json\/wp\/v2\/reporting_designer?post=36678"},{"taxonomy":"samplecomfabric","embeddable":true,"href":"https:\/\/theinvisiblecollection.com\/fr\/wp-json\/wp\/v2\/samplecomfabric?post=36678"},{"taxonomy":"clubroom_product_designer","embeddable":true,"href":"https:\/\/theinvisiblecollection.com\/fr\/wp-json\/wp\/v2\/designer_clubroom?post=36678"}],"curies":[{"name":"wp","href":"https:\/\/api.w.org\/{rel}","templated":true}]}}