{"id":36702,"date":"2019-09-06T00:00:00","date_gmt":"2019-09-06T00:00:00","guid":{"rendered":"https:\/\/www.theinvisiblecollection.com\/?post_type=product&#038;p=36702"},"modified":"2026-05-01T07:40:05","modified_gmt":"2026-05-01T07:40:05","slug":"etel-canape-n","status":"publish","type":"product","link":"https:\/\/theinvisiblecollection.com\/fr\/produit\/etel-canape-n\/","title":{"rendered":"Canap\u00e9 N"},"content":{"rendered":"","protected":false},"excerpt":{"rendered":"<p>Design par Jos\u00e9 Zanine Caldas<br \/>\nPi\u00e8tement disponible en Bois teint\u00e9 \u00e9b\u00e8ne, Freij\u00f3 naturel et Freij\u00f3 teint\u00e9<br \/>\n<span style=\"text-decoration: underline;\"><a href=\"https:\/\/theinvisiblecollection.com\/wp-content\/uploads\/2021\/06\/TheInvisibleCollection_Etel_Wood_Samples_1.pdf\" target=\"_blank\" rel=\"noopener\">D\u00e9couvrez la s\u00e9lection de bois ici<\/a><\/span><br \/>\nAssise disponible en tissu et en cuir<br \/>\n<span style=\"text-decoration: underline;\"><a href=\"https:\/\/theinvisiblecollection.com\/wp-content\/uploads\/2022\/11\/TheInvisibleCollection_Etel_ZanineCaldas_Fabric-Selection.pdf\" target=\"_blank\" rel=\"noopener\">D\u00e9couvrez la s\u00e9lection de tissus ici<\/a><br \/>\n<a href=\"https:\/\/theinvisiblecollection.com\/wp-content\/uploads\/2022\/11\/TheInvisibleColection-Etel-Leather-and-Suede-Selection.pdf\" target=\"_blank\" rel=\"noopener\">D\u00e9couvrez la s\u00e9lection de cuirs et suedes ici<\/a><\/span><\/p>\n<p>L 63 x l 150 x H 70 cm<br \/>\nM\u00e9trage de tissu requis : 4.7 m<br \/>\nM\u00e9trage de cuir requis : 9.4 m<\/p>\n<p>Fabriqu\u00e9 \u00e0 la main au Br\u00e9sil<br \/>\nD\u00e9lais de production : 20 &#8211; 24 semaines<\/p>\n<p><span style=\"text-decoration: underline;\"><a href=\"https:\/\/www.theinvisiblecollection.com\/fr\/demande-de-devis\/?product_id=36702\" target=\"_blank\" rel=\"noopener\">Contactez-nous pour toute demande de devis ou de renseignements<\/a><\/span><\/p>\n","protected":false},"featured_media":74129,"template":"","meta":{"_acf_changed":false,"content-type":"","_themeisle_gutenberg_block_has_review":false},"product_brand":[],"product_cat":[8976,12499],"product_tag":[8854,8944,9015,9151,9668,10494,11225,11235],"product_designer":[8866],"comfabric":[28854],"manufacturer":[16878],"reporting_designer":[37382],"samplecomfabric":[30448],"designer_clubroom":[],"class_list":{"0":"post-36702","1":"product","2":"type-product","3":"status-publish","4":"has-post-thumbnail","6":"product_cat-canapes","7":"product_cat-assises","8":"product_tag-etel-fr-2","9":"product_tag-canape","10":"product_tag-cuir","11":"product_tag-tissu","12":"product_tag-designer-bresilien-fr-fr","13":"product_tag-bresil","14":"product_tag-reissue-issue-fr","15":"product_tag-reedition-fr-fr","16":"pa_material-acier-laque-fr","17":"pa_material-aluminium-brosse-fr","18":"pa_material-tbisson-brunell-bergamo-fr","19":"pa_material-bisson-brunell-joseph-fr","20":"pa_material-bisson-brunell-prairie-fr","21":"pa_material-bisson-brunell-steppe-fr","22":"pa_material-bisson-brunell-verone-fr","23":"pa_material-chene-fil-fr","24":"pa_material-chene-teinte-noire-fr","25":"pa_material-leather-3-fr","26":"pa_material-cuivre-brosse-fr","27":"pa_material-laiton-brosse-fr","28":"pa_material-linterno-nobili-fr","29":"pa_material-linterno-st-moritz-fr","30":"pa_material-tissu-fr","31":"pa_material-tissu-bisson-bruneel-bergamo-coussins-hermes-fr","32":"pa_material-tissu-bisson-bruneel-joseph-coussins-hermes-fr","33":"pa_material-tissu-bisson-bruneel-musco-coussins-hermes-fr","34":"pa_material-tissu-bisson-bruneel-prairie-coussins-hermes-fr","35":"pa_material-tissu-bisson-bruneel-steppe-coussins-hermes-fr","36":"pa_material-tissu-client-fr","37":"pa_material-tissu-linterno-nobili-coussins-hermes-fr","38":"pa_material-tissu-linterno-st-moritz-coussins-hermes-fr","39":"pa_material-tout-bisson-bruneel-verone-fr","40":"pa_wood-freijo-naturel-fr","41":"product_designer-etel-fr","42":"comfabric-etel-atelier-1-fr","43":"manufacturer-etel-atelier-1-fr","44":"reporting_designer-etel","45":"samplecomfabric-etel-fr","47":"first","48":"instock","49":"taxable","50":"shipping-taxable","51":"purchasable","52":"product-type-variable"},"acf":[],"_links":{"self":[{"href":"https:\/\/theinvisiblecollection.com\/fr\/wp-json\/wp\/v2\/product\/36702","targetHints":{"allow":["GET"]}}],"collection":[{"href":"https:\/\/theinvisiblecollection.com\/fr\/wp-json\/wp\/v2\/product"}],"about":[{"href":"https:\/\/theinvisiblecollection.com\/fr\/wp-json\/wp\/v2\/types\/product"}],"wp:featuredmedia":[{"embeddable":true,"href":"https:\/\/theinvisiblecollection.com\/fr\/wp-json\/wp\/v2\/media\/74129"}],"wp:attachment":[{"href":"https:\/\/theinvisiblecollection.com\/fr\/wp-json\/wp\/v2\/media?parent=36702"}],"wp:term":[{"taxonomy":"product_brand","embeddable":true,"href":"https:\/\/theinvisiblecollection.com\/fr\/wp-json\/wp\/v2\/product_brand?post=36702"},{"taxonomy":"product_cat","embeddable":true,"href":"https:\/\/theinvisiblecollection.com\/fr\/wp-json\/wp\/v2\/product_cat?post=36702"},{"taxonomy":"product_tag","embeddable":true,"href":"https:\/\/theinvisiblecollection.com\/fr\/wp-json\/wp\/v2\/product_tag?post=36702"},{"taxonomy":"product_designer","embeddable":true,"href":"https:\/\/theinvisiblecollection.com\/fr\/wp-json\/wp\/v2\/product_designer?post=36702"},{"taxonomy":"comfabric","embeddable":true,"href":"https:\/\/theinvisiblecollection.com\/fr\/wp-json\/wp\/v2\/comfabric?post=36702"},{"taxonomy":"manufacturer","embeddable":true,"href":"https:\/\/theinvisiblecollection.com\/fr\/wp-json\/wp\/v2\/manufacturer?post=36702"},{"taxonomy":"reporting_designer","embeddable":true,"href":"https:\/\/theinvisiblecollection.com\/fr\/wp-json\/wp\/v2\/reporting_designer?post=36702"},{"taxonomy":"samplecomfabric","embeddable":true,"href":"https:\/\/theinvisiblecollection.com\/fr\/wp-json\/wp\/v2\/samplecomfabric?post=36702"},{"taxonomy":"clubroom_product_designer","embeddable":true,"href":"https:\/\/theinvisiblecollection.com\/fr\/wp-json\/wp\/v2\/designer_clubroom?post=36702"}],"curies":[{"name":"wp","href":"https:\/\/api.w.org\/{rel}","templated":true}]}}