{"id":36713,"date":"2016-05-19T00:00:00","date_gmt":"2016-05-19T00:00:00","guid":{"rendered":"https:\/\/www.theinvisiblecollection.com\/product\/canape-odalisque\/"},"modified":"2026-05-01T07:40:05","modified_gmt":"2026-05-01T07:40:05","slug":"cslb-studio-canape-odalisque","status":"publish","type":"product","link":"https:\/\/theinvisiblecollection.com\/fr\/produit\/cslb-studio-canape-odalisque\/","title":{"rendered":"Canap\u00e9 Odalisque"},"content":{"rendered":"<p style=\"text-align: justify;\">Ce canap\u00e9 est un hommage au sofa oriental alli\u00e9 \u00e0 une modernit\u00e9 h\u00e9rit\u00e9e des designers francais des ann\u00e9es 40.<\/p>\n","protected":false},"excerpt":{"rendered":"<p>Design par CSLB Studio<br \/>\nCanap\u00e9 recouvert d&#8217;un tissu sur mesure<br \/>\nDisponible dans le tissu Pierre Frey Bridget, couleur meringue<br \/>\n\u00c9galement disponible en blanc sans tissu<br \/>\nDimensions et mat\u00e9riaux sur-mesure sur demande<\/p>\n<p>Trois dimensions disponibles :<br \/>\nPetit : L 175 x l 65\/75 x H 70 cm<br \/>\nMoyen : L 210 x l 83 x H 70 cm<br \/>\nGrand : L 260 x l 83 x H 70 cm<br \/>\nTissus requis (S) : 9 m<br \/>\nTissus requis (M) : 12.8 m<br \/>\nTissus requis (L) : 12.8 m<br \/>\nHauteur d&#8217;assise : 40 cm<\/p>\n<p>Fabriqu\u00e9 \u00e0 la main en France<br \/>\nD\u00e9lais de fabrication : 8 &#8211; 10 semaines<\/p>\n<p><span style=\"text-decoration: underline;\"><a href=\"https:\/\/www.theinvisiblecollection.com\/fr\/demande-de-devis\/?product_id=36713\" target=\"_blank\" rel=\"noopener noreferrer\">Contactez-nous pour toute demande de devis ou de renseignements<\/a><\/span><\/p>\n","protected":false},"featured_media":74313,"template":"","meta":{"_acf_changed":false,"content-type":"","_themeisle_gutenberg_block_has_review":false},"product_brand":[],"product_cat":[8976,12499],"product_tag":[11545,8942,8944,9150,9406,9408],"product_designer":[8898],"comfabric":[],"manufacturer":[16870],"reporting_designer":[37354],"samplecomfabric":[],"designer_clubroom":[],"class_list":{"0":"post-36713","1":"product","2":"type-product","3":"status-publish","4":"has-post-thumbnail","6":"product_cat-canapes","7":"product_cat-assises","8":"product_tag-canapes-arrondis","9":"product_tag-assise","10":"product_tag-canape","11":"product_tag-fauteuil-fr-2","12":"product_tag-cslb-fr","13":"product_tag-laurent-bourgeois-fr-2","14":"pa_material-tissu-client-fr","15":"pa_size-grand-fr","16":"pa_size-moyen-fr","17":"pa_size-petit-fr","18":"product_designer-cslb-studio-fr","19":"manufacturer-cslb-studio-fr","20":"reporting_designer-cslb-studio","22":"first","23":"instock","24":"taxable","25":"shipping-taxable","26":"purchasable","27":"product-type-variable"},"acf":[],"_links":{"self":[{"href":"https:\/\/theinvisiblecollection.com\/fr\/wp-json\/wp\/v2\/product\/36713","targetHints":{"allow":["GET"]}}],"collection":[{"href":"https:\/\/theinvisiblecollection.com\/fr\/wp-json\/wp\/v2\/product"}],"about":[{"href":"https:\/\/theinvisiblecollection.com\/fr\/wp-json\/wp\/v2\/types\/product"}],"wp:featuredmedia":[{"embeddable":true,"href":"https:\/\/theinvisiblecollection.com\/fr\/wp-json\/wp\/v2\/media\/74313"}],"wp:attachment":[{"href":"https:\/\/theinvisiblecollection.com\/fr\/wp-json\/wp\/v2\/media?parent=36713"}],"wp:term":[{"taxonomy":"product_brand","embeddable":true,"href":"https:\/\/theinvisiblecollection.com\/fr\/wp-json\/wp\/v2\/product_brand?post=36713"},{"taxonomy":"product_cat","embeddable":true,"href":"https:\/\/theinvisiblecollection.com\/fr\/wp-json\/wp\/v2\/product_cat?post=36713"},{"taxonomy":"product_tag","embeddable":true,"href":"https:\/\/theinvisiblecollection.com\/fr\/wp-json\/wp\/v2\/product_tag?post=36713"},{"taxonomy":"product_designer","embeddable":true,"href":"https:\/\/theinvisiblecollection.com\/fr\/wp-json\/wp\/v2\/product_designer?post=36713"},{"taxonomy":"comfabric","embeddable":true,"href":"https:\/\/theinvisiblecollection.com\/fr\/wp-json\/wp\/v2\/comfabric?post=36713"},{"taxonomy":"manufacturer","embeddable":true,"href":"https:\/\/theinvisiblecollection.com\/fr\/wp-json\/wp\/v2\/manufacturer?post=36713"},{"taxonomy":"reporting_designer","embeddable":true,"href":"https:\/\/theinvisiblecollection.com\/fr\/wp-json\/wp\/v2\/reporting_designer?post=36713"},{"taxonomy":"samplecomfabric","embeddable":true,"href":"https:\/\/theinvisiblecollection.com\/fr\/wp-json\/wp\/v2\/samplecomfabric?post=36713"},{"taxonomy":"clubroom_product_designer","embeddable":true,"href":"https:\/\/theinvisiblecollection.com\/fr\/wp-json\/wp\/v2\/designer_clubroom?post=36713"}],"curies":[{"name":"wp","href":"https:\/\/api.w.org\/{rel}","templated":true}]}}