{"id":36719,"date":"2017-03-09T00:00:00","date_gmt":"2017-03-09T00:00:00","guid":{"rendered":"https:\/\/www.theinvisiblecollection.com\/product\/canape-osvaldo\/"},"modified":"2026-05-01T07:40:05","modified_gmt":"2026-05-01T07:40:05","slug":"oitoemponto-canape-osvaldo","status":"publish","type":"product","link":"https:\/\/theinvisiblecollection.com\/fr\/produit\/oitoemponto-canape-osvaldo\/","title":{"rendered":"Canap\u00e9 Osvaldo"},"content":{"rendered":"<p style=\"text-align: justify;\">Cette collection de meubles rend hommage aux architectes br\u00e9siliens contemporains connus sous le nom de \u00ab brutalistes \u00bb car ils employaient le b\u00e9ton brut et utilisaient angles et cassures des lignes pour r\u00e9aliser leurs \u0153uvres. Les lignes du canap\u00e9\u00a0<em>Osvaldo,<\/em>\u00a0avec son assise tr\u00e8s basse et sa table qui semble en l\u00e9vitation, est un hommage aux ann\u00e9es 1940.<\/p>\n","protected":false},"excerpt":{"rendered":"<p>Canap\u00e9 photographi\u00e9 ici en tissu beige d&#8217;Holland and Sherry<br \/>\nStructure en ch\u00eane clair<br \/>\nTable d&#8217;appoint en marbre et teck<br \/>\nCoussins gans\u00e9s<br \/>\nTissus sur-mesure sur demande<\/p>\n<p>L 335 x P 102 x H 73 cm<br \/>\nHauteur d&#8217;assise : 38 cm<br \/>\nHauteur d&#8217;accoudoir : 58 cm<\/p>\n<p>Fabriqu\u00e9 \u00e0 la main en Europe<br \/>\nD\u00e9lais de production : 8 &#8211; 10 semaines<br \/>\n<span style=\"text-decoration: underline;\"><a href=\"https:\/\/www.theinvisiblecollection.com\/fr\/demande-de-devis\/?product_id=36719\">Contactez-nous pour plus d&#8217;informations ou une demande sur mesure<\/a><\/span><\/p>\n","protected":false},"featured_media":74303,"template":"","meta":{"_acf_changed":false,"content-type":"","_themeisle_gutenberg_block_has_review":false},"product_brand":[],"product_cat":[8976,12499],"product_tag":[8944,9001,9522,11543],"product_designer":[8881],"comfabric":[],"manufacturer":[21261],"reporting_designer":[37448],"samplecomfabric":[],"designer_clubroom":[],"class_list":{"0":"post-36719","1":"product","2":"type-product","3":"status-publish","4":"has-post-thumbnail","6":"product_cat-canapes","7":"product_cat-assises","8":"product_tag-canape","9":"product_tag-chene","10":"product_tag-a-la-main","11":"product_tag-canapes-irresistibles-fr","12":"pa_fabric-en-blanc-sans-tissu-fr","13":"pa_fabric-toyine-sellers-fabric-fe-karoo-six-fr","14":"product_designer-oitoemponto-fr","15":"manufacturer-oitoemponto-atelier-fr","16":"reporting_designer-oitoemponto","18":"first","19":"instock","20":"taxable","21":"shipping-taxable","22":"purchasable","23":"product-type-variable"},"acf":[],"_links":{"self":[{"href":"https:\/\/theinvisiblecollection.com\/fr\/wp-json\/wp\/v2\/product\/36719","targetHints":{"allow":["GET"]}}],"collection":[{"href":"https:\/\/theinvisiblecollection.com\/fr\/wp-json\/wp\/v2\/product"}],"about":[{"href":"https:\/\/theinvisiblecollection.com\/fr\/wp-json\/wp\/v2\/types\/product"}],"wp:featuredmedia":[{"embeddable":true,"href":"https:\/\/theinvisiblecollection.com\/fr\/wp-json\/wp\/v2\/media\/74303"}],"wp:attachment":[{"href":"https:\/\/theinvisiblecollection.com\/fr\/wp-json\/wp\/v2\/media?parent=36719"}],"wp:term":[{"taxonomy":"product_brand","embeddable":true,"href":"https:\/\/theinvisiblecollection.com\/fr\/wp-json\/wp\/v2\/product_brand?post=36719"},{"taxonomy":"product_cat","embeddable":true,"href":"https:\/\/theinvisiblecollection.com\/fr\/wp-json\/wp\/v2\/product_cat?post=36719"},{"taxonomy":"product_tag","embeddable":true,"href":"https:\/\/theinvisiblecollection.com\/fr\/wp-json\/wp\/v2\/product_tag?post=36719"},{"taxonomy":"product_designer","embeddable":true,"href":"https:\/\/theinvisiblecollection.com\/fr\/wp-json\/wp\/v2\/product_designer?post=36719"},{"taxonomy":"comfabric","embeddable":true,"href":"https:\/\/theinvisiblecollection.com\/fr\/wp-json\/wp\/v2\/comfabric?post=36719"},{"taxonomy":"manufacturer","embeddable":true,"href":"https:\/\/theinvisiblecollection.com\/fr\/wp-json\/wp\/v2\/manufacturer?post=36719"},{"taxonomy":"reporting_designer","embeddable":true,"href":"https:\/\/theinvisiblecollection.com\/fr\/wp-json\/wp\/v2\/reporting_designer?post=36719"},{"taxonomy":"samplecomfabric","embeddable":true,"href":"https:\/\/theinvisiblecollection.com\/fr\/wp-json\/wp\/v2\/samplecomfabric?post=36719"},{"taxonomy":"clubroom_product_designer","embeddable":true,"href":"https:\/\/theinvisiblecollection.com\/fr\/wp-json\/wp\/v2\/designer_clubroom?post=36719"}],"curies":[{"name":"wp","href":"https:\/\/api.w.org\/{rel}","templated":true}]}}