{"id":36732,"date":"2021-05-25T00:00:00","date_gmt":"2021-05-24T23:00:00","guid":{"rendered":"https:\/\/www.theinvisiblecollection.com\/product\/canape-sume\/"},"modified":"2026-05-01T07:40:05","modified_gmt":"2026-05-01T07:40:05","slug":"gustavo-neves-canape-sume","status":"publish","type":"product","link":"https:\/\/theinvisiblecollection.com\/fr\/produit\/gustavo-neves-canape-sume\/","title":{"rendered":"Canap\u00e9 Sum\u00e9"},"content":{"rendered":"","protected":false},"excerpt":{"rendered":"<p>Canap\u00e9 photographi\u00e9 ici en nubuck marron<br \/>\n<a href=\"https:\/\/theinvisiblecollection.com\/wp-content\/uploads\/2022\/05\/Fabric-Selection-Sume\u0301-Sofa.pdf\" target=\"_blank\" rel=\"noopener\"><span style=\"text-decoration: underline;\">D\u00e9couvrez la s\u00e9lection de tissus ici<\/span><\/a><br \/>\nD\u00e9tails en bronze rouill\u00e9 de chaque c\u00f4t\u00e9<br \/>\nDisponible dans d&#8217;autres tissus et mat\u00e9riaux<\/p>\n<p>Disponible en trois dimensions :<br \/>\nL 192 x l 71 x H 63 cm<br \/>\nL 292 x l 81.5 x H 63 cm<br \/>\nL 312 x l 81.5 x H 63 cm<br \/>\nLa largeur inclut les d\u00e9tails lat\u00e9raux en bronze<br \/>\nHauteur d&#8217;assise : 35 cm<br \/>\nDimensions sur-mesure sur demande<\/p>\n<p>Fabriqu\u00e9 \u00e0 la main au Br\u00e9sil<br \/>\nD\u00e9lais de production : 13 \u2014 17 semaines<\/p>\n<p><span style=\"text-decoration: underline;\"><a href=\"https:\/\/www.theinvisiblecollection.com\/fr\/demande-de-devis\/?product_id=36732\">Contactez-nous pour toute demande de devis ou de renseignements<\/a><\/span><\/p>\n","protected":false},"featured_media":67240,"template":"","meta":{"_acf_changed":false,"content-type":"","_themeisle_gutenberg_block_has_review":false},"product_brand":[],"product_cat":[8976,12499],"product_tag":[8944,9015,9217,11334,11335,11337,11543],"product_designer":[8926],"comfabric":[],"manufacturer":[16891],"reporting_designer":[37166],"samplecomfabric":[],"designer_clubroom":[],"class_list":{"0":"post-36732","1":"product","2":"type-product","3":"status-publish","4":"has-post-thumbnail","6":"product_cat-canapes","7":"product_cat-assises","8":"product_tag-canape","9":"product_tag-cuir","10":"product_tag-velours","11":"product_tag-eco-friendly-fr","12":"product_tag-eco-design","13":"product_tag-durable","14":"product_tag-canapes-irresistibles-fr","15":"pa_fabric-cuir-marron","16":"pa_fabric-cuir-noir","17":"pa_fabric-en-blanc-sans-tissu-fr","18":"pa_fabric-nubuck-marron","19":"pa_fabric-nubuck-noir","20":"pa_fabric-velours-gris-clair","21":"pa_fabric-velours-gris-fonce","22":"pa_fabric-velours-noir","23":"pa_finish-bronze-brut","24":"pa_finish-bronze-noir-brule","25":"pa_finish-or-mat","26":"pa_size-grand-fr","27":"pa_size-moyen","28":"pa_size-petit","29":"product_designer-gustavo-neves-fr","30":"manufacturer-gustavo-neves-portugal-fr","31":"reporting_designer-gustavo-neves","33":"first","34":"instock","35":"taxable","36":"shipping-taxable","37":"purchasable","38":"product-type-variable"},"acf":[],"_links":{"self":[{"href":"https:\/\/theinvisiblecollection.com\/fr\/wp-json\/wp\/v2\/product\/36732","targetHints":{"allow":["GET"]}}],"collection":[{"href":"https:\/\/theinvisiblecollection.com\/fr\/wp-json\/wp\/v2\/product"}],"about":[{"href":"https:\/\/theinvisiblecollection.com\/fr\/wp-json\/wp\/v2\/types\/product"}],"wp:featuredmedia":[{"embeddable":true,"href":"https:\/\/theinvisiblecollection.com\/fr\/wp-json\/wp\/v2\/media\/67240"}],"wp:attachment":[{"href":"https:\/\/theinvisiblecollection.com\/fr\/wp-json\/wp\/v2\/media?parent=36732"}],"wp:term":[{"taxonomy":"product_brand","embeddable":true,"href":"https:\/\/theinvisiblecollection.com\/fr\/wp-json\/wp\/v2\/product_brand?post=36732"},{"taxonomy":"product_cat","embeddable":true,"href":"https:\/\/theinvisiblecollection.com\/fr\/wp-json\/wp\/v2\/product_cat?post=36732"},{"taxonomy":"product_tag","embeddable":true,"href":"https:\/\/theinvisiblecollection.com\/fr\/wp-json\/wp\/v2\/product_tag?post=36732"},{"taxonomy":"product_designer","embeddable":true,"href":"https:\/\/theinvisiblecollection.com\/fr\/wp-json\/wp\/v2\/product_designer?post=36732"},{"taxonomy":"comfabric","embeddable":true,"href":"https:\/\/theinvisiblecollection.com\/fr\/wp-json\/wp\/v2\/comfabric?post=36732"},{"taxonomy":"manufacturer","embeddable":true,"href":"https:\/\/theinvisiblecollection.com\/fr\/wp-json\/wp\/v2\/manufacturer?post=36732"},{"taxonomy":"reporting_designer","embeddable":true,"href":"https:\/\/theinvisiblecollection.com\/fr\/wp-json\/wp\/v2\/reporting_designer?post=36732"},{"taxonomy":"samplecomfabric","embeddable":true,"href":"https:\/\/theinvisiblecollection.com\/fr\/wp-json\/wp\/v2\/samplecomfabric?post=36732"},{"taxonomy":"clubroom_product_designer","embeddable":true,"href":"https:\/\/theinvisiblecollection.com\/fr\/wp-json\/wp\/v2\/designer_clubroom?post=36732"}],"curies":[{"name":"wp","href":"https:\/\/api.w.org\/{rel}","templated":true}]}}