{"id":36782,"date":"2019-03-07T00:00:00","date_gmt":"2019-03-06T23:00:00","guid":{"rendered":"https:\/\/www.theinvisiblecollection.com\/product\/canape-lit-klay\/"},"modified":"2026-05-01T07:40:05","modified_gmt":"2026-05-01T07:40:05","slug":"charlotte-biltgen-canape-klay","status":"publish","type":"product","link":"https:\/\/theinvisiblecollection.com\/fr\/produit\/charlotte-biltgen-canape-klay\/","title":{"rendered":"Canap\u00e9 Klay"},"content":{"rendered":"<p style=\"text-align: justify;\">&#8220;Le canap\u00e9-lit Klay a \u00e9t\u00e9 con\u00e7u pour la terrasse du Klay\u2019s club, j\u2019ai revisit\u00e9 l\u2019esprit du fauteuil club, petit, cosy et fonctionnel, en apportant une touche de modernit\u00e9. Enveloppant et comfortable, il se d\u00e9cline en fauteuil et banquettes. Le choix du velours apporte un jeu de lumi\u00e8res et une vibration sur les courbes des coussins, \u00a0la rondeur, ch\u00e8re \u00e0 mon travail, exprime douceur et f\u00e9minit\u00e9.&#8221;<br \/>\n<em>Photos par Cecil Mathieu<\/em><\/p>\n","protected":false},"excerpt":{"rendered":"<p>Canap\u00e9-lit avec pieds en ch\u00eane et coussins recouverts en velours Adamo &amp; Eva de Dedar, couleur polline<br \/>\n<span style=\"text-decoration: underline;\"><a href=\"https:\/\/theinvisiblecollection.com\/wp-content\/uploads\/2021\/10\/TheInvisibleCollection_CharlotteBiltgen_Klay_fabric_selection.pdf\" target=\"_blank\" rel=\"noopener noreferrer\">D\u00e9couvrez la s\u00e9lection de tissus ici<\/a><br \/>\n<\/span>Set de coussins d\u00e9coratifs recouverts de tissu Papunya de Pierre Frey disponible sur demande<br \/>\n\u00c9galement disponible en blanc sans tissu<\/p>\n<p><em><span style=\"text-decoration: underline;\">Sans option lit:<br \/>\n<\/span><\/em>Canap\u00e9 : L 224 x P 93 x H 75 cm<br \/>\nHauteur d&#8217;assise : 41 cm<br \/>\nTissu requis : 16 m<em><span style=\"text-decoration: underline;\"><br \/>\nAvec option lit<\/span><\/em>:<br \/>\nCanap\u00e9-lit : L 224 x P 103 x H 80 cm<br \/>\nMatelas : L 185 x P 145 x H 8 cm<br \/>\nHauteur d&#8217;assise : 46 cm<br \/>\nTissu requis : 17 m<\/p>\n<p>Fabriqu\u00e9 \u00e0 la main en Italie<br \/>\nD\u00e9lais de fabrication : 12 semaines<\/p>\n<p><span style=\"text-decoration: underline;\"><a href=\"https:\/\/www.theinvisiblecollection.com\/fr\/demande-de-devis\/?product_id=36782\" target=\"_blank\" rel=\"noopener\">Contactez-nous pour toute demande de devis ou de renseignements<\/a><\/span><\/p>\n","protected":false},"featured_media":1982671,"template":"","meta":{"_acf_changed":false,"content-type":"","_themeisle_gutenberg_block_has_review":false},"product_brand":[],"product_cat":[8973,8976,12499,12501],"product_tag":[9437,10481,35206],"product_designer":[8923],"comfabric":[29263],"manufacturer":[16873],"reporting_designer":[37452],"samplecomfabric":[30114],"designer_clubroom":[],"class_list":{"0":"post-36782","1":"product","2":"type-product","3":"status-publish","4":"has-post-thumbnail","6":"product_cat-canapes-lits","7":"product_cat-canapes","8":"product_cat-assises","9":"product_cat-chambre-a-coucher","10":"product_tag-canape-fr-2","11":"product_tag-charlotte-biltgen-fr","12":"product_tag-exclusive-fr","13":"product_designer-charlotte-biltgen-fr","14":"comfabric-valtorta-fr","15":"manufacturer-valtorta-fr","16":"reporting_designer-charlotte-biltgen","17":"samplecomfabric-charlotte-biltgen-fr","19":"first","20":"instock","21":"taxable","22":"shipping-taxable","23":"purchasable","24":"product-type-variable"},"acf":[],"_links":{"self":[{"href":"https:\/\/theinvisiblecollection.com\/fr\/wp-json\/wp\/v2\/product\/36782","targetHints":{"allow":["GET"]}}],"collection":[{"href":"https:\/\/theinvisiblecollection.com\/fr\/wp-json\/wp\/v2\/product"}],"about":[{"href":"https:\/\/theinvisiblecollection.com\/fr\/wp-json\/wp\/v2\/types\/product"}],"wp:featuredmedia":[{"embeddable":true,"href":"https:\/\/theinvisiblecollection.com\/fr\/wp-json\/wp\/v2\/media\/1982671"}],"wp:attachment":[{"href":"https:\/\/theinvisiblecollection.com\/fr\/wp-json\/wp\/v2\/media?parent=36782"}],"wp:term":[{"taxonomy":"product_brand","embeddable":true,"href":"https:\/\/theinvisiblecollection.com\/fr\/wp-json\/wp\/v2\/product_brand?post=36782"},{"taxonomy":"product_cat","embeddable":true,"href":"https:\/\/theinvisiblecollection.com\/fr\/wp-json\/wp\/v2\/product_cat?post=36782"},{"taxonomy":"product_tag","embeddable":true,"href":"https:\/\/theinvisiblecollection.com\/fr\/wp-json\/wp\/v2\/product_tag?post=36782"},{"taxonomy":"product_designer","embeddable":true,"href":"https:\/\/theinvisiblecollection.com\/fr\/wp-json\/wp\/v2\/product_designer?post=36782"},{"taxonomy":"comfabric","embeddable":true,"href":"https:\/\/theinvisiblecollection.com\/fr\/wp-json\/wp\/v2\/comfabric?post=36782"},{"taxonomy":"manufacturer","embeddable":true,"href":"https:\/\/theinvisiblecollection.com\/fr\/wp-json\/wp\/v2\/manufacturer?post=36782"},{"taxonomy":"reporting_designer","embeddable":true,"href":"https:\/\/theinvisiblecollection.com\/fr\/wp-json\/wp\/v2\/reporting_designer?post=36782"},{"taxonomy":"samplecomfabric","embeddable":true,"href":"https:\/\/theinvisiblecollection.com\/fr\/wp-json\/wp\/v2\/samplecomfabric?post=36782"},{"taxonomy":"clubroom_product_designer","embeddable":true,"href":"https:\/\/theinvisiblecollection.com\/fr\/wp-json\/wp\/v2\/designer_clubroom?post=36782"}],"curies":[{"name":"wp","href":"https:\/\/api.w.org\/{rel}","templated":true}]}}