{"id":36797,"date":"2018-06-07T00:00:00","date_gmt":"2018-06-06T23:00:00","guid":{"rendered":"https:\/\/www.theinvisiblecollection.com\/product\/carlo\/"},"modified":"2026-05-01T07:40:03","modified_gmt":"2026-05-01T07:40:03","slug":"mmairo-carlo","status":"publish","type":"product","link":"https:\/\/theinvisiblecollection.com\/fr\/produit\/mmairo-carlo\/","title":{"rendered":"Plateau Carlo I"},"content":{"rendered":"<p>Design par Matteo Cibic<\/p>\n","protected":false},"excerpt":{"rendered":"<p><p>Petit plateau<br \/>Marbre Bianco Michelangelo et marbre Nero Marquinia avec finitions polies<br \/>En raison de leur nature artisanale, les oreilles ou les poign\u00e9es de plateau sont ornementales et non fonctionnelles<\/p>\n<\/p>\n<p>20,7 x 15 x 2 cm<br \/>\nPoids : 0,6 kg<\/p>\n<p>R\u00e9alis\u00e9 \u00e0 la main en Italie<br \/>\nD\u00e9lais de production : 6 semaines<\/p>\n<p class=\"p1\"><span class=\"s1\"><a href=\"https:\/\/www.theinvisiblecollection.com\/fr\/demande-de-devis\/?product_id=36797\">Contactez-nous pour toute demande de devis ou de renseignements<\/a><\/span><\/p><\/p>\n","protected":false},"featured_media":81559,"template":"","meta":{"_acf_changed":false,"content-type":"","_themeisle_gutenberg_block_has_review":false},"product_brand":[],"product_cat":[12537,7517,12531],"product_tag":[9525,10401,10404,31474,9000,9030],"product_designer":[8892,10671],"comfabric":[],"manufacturer":[16732],"reporting_designer":[37663,37788],"samplecomfabric":[],"designer_clubroom":[],"class_list":{"0":"post-36797","1":"product","2":"type-product","3":"status-publish","4":"has-post-thumbnail","6":"product_cat-vases","7":"product_cat-deco-fr","8":"product_cat-objets-de-decoration","9":"product_tag-plat-de-presentation","10":"product_tag-mmairo","11":"product_tag-matteo-cibic-fr-2","12":"product_tag-co-white-fr","13":"product_tag-plateau-fr-2","14":"product_tag-marbre-fr-2","15":"product_shipping_class-mmairo-1-2-fr","16":"product_designer-mmairo-fr","17":"product_designer-matteo-cibic-fr","18":"manufacturer-mmairo-fr","19":"reporting_designer-mmairo","20":"reporting_designer-matteo-cibic","22":"first","23":"instock","24":"taxable","25":"shipping-taxable","26":"purchasable","27":"product-type-simple"},"acf":[],"_links":{"self":[{"href":"https:\/\/theinvisiblecollection.com\/fr\/wp-json\/wp\/v2\/product\/36797","targetHints":{"allow":["GET"]}}],"collection":[{"href":"https:\/\/theinvisiblecollection.com\/fr\/wp-json\/wp\/v2\/product"}],"about":[{"href":"https:\/\/theinvisiblecollection.com\/fr\/wp-json\/wp\/v2\/types\/product"}],"wp:featuredmedia":[{"embeddable":true,"href":"https:\/\/theinvisiblecollection.com\/fr\/wp-json\/wp\/v2\/media\/81559"}],"wp:attachment":[{"href":"https:\/\/theinvisiblecollection.com\/fr\/wp-json\/wp\/v2\/media?parent=36797"}],"wp:term":[{"taxonomy":"product_brand","embeddable":true,"href":"https:\/\/theinvisiblecollection.com\/fr\/wp-json\/wp\/v2\/product_brand?post=36797"},{"taxonomy":"product_cat","embeddable":true,"href":"https:\/\/theinvisiblecollection.com\/fr\/wp-json\/wp\/v2\/product_cat?post=36797"},{"taxonomy":"product_tag","embeddable":true,"href":"https:\/\/theinvisiblecollection.com\/fr\/wp-json\/wp\/v2\/product_tag?post=36797"},{"taxonomy":"product_designer","embeddable":true,"href":"https:\/\/theinvisiblecollection.com\/fr\/wp-json\/wp\/v2\/product_designer?post=36797"},{"taxonomy":"comfabric","embeddable":true,"href":"https:\/\/theinvisiblecollection.com\/fr\/wp-json\/wp\/v2\/comfabric?post=36797"},{"taxonomy":"manufacturer","embeddable":true,"href":"https:\/\/theinvisiblecollection.com\/fr\/wp-json\/wp\/v2\/manufacturer?post=36797"},{"taxonomy":"reporting_designer","embeddable":true,"href":"https:\/\/theinvisiblecollection.com\/fr\/wp-json\/wp\/v2\/reporting_designer?post=36797"},{"taxonomy":"samplecomfabric","embeddable":true,"href":"https:\/\/theinvisiblecollection.com\/fr\/wp-json\/wp\/v2\/samplecomfabric?post=36797"},{"taxonomy":"clubroom_product_designer","embeddable":true,"href":"https:\/\/theinvisiblecollection.com\/fr\/wp-json\/wp\/v2\/designer_clubroom?post=36797"}],"curies":[{"name":"wp","href":"https:\/\/api.w.org\/{rel}","templated":true}]}}