{"id":36854,"date":"2019-05-23T00:00:00","date_gmt":"2019-05-22T23:00:00","guid":{"rendered":"https:\/\/www.theinvisiblecollection.com\/product\/cendrier-carre-guggenheim\/"},"modified":"2026-05-01T07:40:03","modified_gmt":"2026-05-01T07:40:03","slug":"cendrier-carre-guggenheim","status":"publish","type":"product","link":"https:\/\/theinvisiblecollection.com\/fr\/produit\/cendrier-carre-guggenheim\/","title":{"rendered":"Cendrier Carr\u00e9 Guggenheim"},"content":{"rendered":"<p>Design par Michele Chiossi<\/p>\n","protected":false},"excerpt":{"rendered":"<p>Sur l\u2019image, cendrier en marbre Nero Marquina<br \/>\nDimensions et mat\u00e9riaux sur-mesure sur demande<\/p>\n<p>L 19 x l 16 x H 3.5 cm<\/p>\n<p><p>R\u00e9alis\u00e9 \u00e0 la main en Italie<br \/>D\u00e9lais de production : 6 semaines<\/p>\n<p class=\"p1\"><span class=\"s1\"><a href=\"https:\/\/www.theinvisiblecollection.com\/fr\/demande-de-devis\/?product_id=36854\" data-mce-href=\"https:\/\/www.theinvisiblecollection.com\/fr\/demande-de-devis\/?product_id=36854\" data-mce-selected=\"inline-boundary\">Contactez-nous pour toute demande de devis ou de renseignements<\/a><\/span><\/p><\/p>\n","protected":false},"featured_media":81098,"template":"","meta":{"_acf_changed":false,"content-type":"","_themeisle_gutenberg_block_has_review":false},"product_brand":[],"product_cat":[12536,7517],"product_tag":[9030,9514,9647,10401,10864,31474,31477,8993],"product_designer":[10664,8892],"comfabric":[],"manufacturer":[16732],"reporting_designer":[37664,37279],"samplecomfabric":[],"designer_clubroom":[],"class_list":{"0":"post-36854","1":"product","2":"type-product","3":"status-publish","4":"has-post-thumbnail","6":"product_cat-plateaux-vide-poche","7":"product_cat-deco-fr","8":"product_tag-marbre-fr-2","9":"product_tag-jardin","10":"product_tag-cendrier","11":"product_tag-mmairo","12":"product_tag-michele-chiossi-fr-fr","13":"product_tag-co-white-fr","14":"product_tag-st-curvy-fr","15":"product_tag-salon","16":"pa_material-marbre-nero-marquina-fr","17":"product_designer-michele-chiossi-fr","18":"product_designer-mmairo-fr","19":"manufacturer-mmairo-fr","20":"reporting_designer-mmairo","21":"reporting_designer-michele-chiossi","23":"first","24":"instock","25":"taxable","26":"shipping-taxable","27":"purchasable","28":"product-type-simple"},"acf":[],"_links":{"self":[{"href":"https:\/\/theinvisiblecollection.com\/fr\/wp-json\/wp\/v2\/product\/36854","targetHints":{"allow":["GET"]}}],"collection":[{"href":"https:\/\/theinvisiblecollection.com\/fr\/wp-json\/wp\/v2\/product"}],"about":[{"href":"https:\/\/theinvisiblecollection.com\/fr\/wp-json\/wp\/v2\/types\/product"}],"wp:featuredmedia":[{"embeddable":true,"href":"https:\/\/theinvisiblecollection.com\/fr\/wp-json\/wp\/v2\/media\/81098"}],"wp:attachment":[{"href":"https:\/\/theinvisiblecollection.com\/fr\/wp-json\/wp\/v2\/media?parent=36854"}],"wp:term":[{"taxonomy":"product_brand","embeddable":true,"href":"https:\/\/theinvisiblecollection.com\/fr\/wp-json\/wp\/v2\/product_brand?post=36854"},{"taxonomy":"product_cat","embeddable":true,"href":"https:\/\/theinvisiblecollection.com\/fr\/wp-json\/wp\/v2\/product_cat?post=36854"},{"taxonomy":"product_tag","embeddable":true,"href":"https:\/\/theinvisiblecollection.com\/fr\/wp-json\/wp\/v2\/product_tag?post=36854"},{"taxonomy":"product_designer","embeddable":true,"href":"https:\/\/theinvisiblecollection.com\/fr\/wp-json\/wp\/v2\/product_designer?post=36854"},{"taxonomy":"comfabric","embeddable":true,"href":"https:\/\/theinvisiblecollection.com\/fr\/wp-json\/wp\/v2\/comfabric?post=36854"},{"taxonomy":"manufacturer","embeddable":true,"href":"https:\/\/theinvisiblecollection.com\/fr\/wp-json\/wp\/v2\/manufacturer?post=36854"},{"taxonomy":"reporting_designer","embeddable":true,"href":"https:\/\/theinvisiblecollection.com\/fr\/wp-json\/wp\/v2\/reporting_designer?post=36854"},{"taxonomy":"samplecomfabric","embeddable":true,"href":"https:\/\/theinvisiblecollection.com\/fr\/wp-json\/wp\/v2\/samplecomfabric?post=36854"},{"taxonomy":"clubroom_product_designer","embeddable":true,"href":"https:\/\/theinvisiblecollection.com\/fr\/wp-json\/wp\/v2\/designer_clubroom?post=36854"}],"curies":[{"name":"wp","href":"https:\/\/api.w.org\/{rel}","templated":true}]}}