{"id":36869,"date":"2016-04-26T00:00:00","date_gmt":"2016-04-25T23:00:00","guid":{"rendered":"https:\/\/www.theinvisiblecollection.com\/product\/chaise-19\/"},"modified":"2026-05-08T04:41:17","modified_gmt":"2026-05-08T04:41:17","slug":"jerome-faillant-dumas-chaise-blanc","status":"publish","type":"product","link":"https:\/\/theinvisiblecollection.com\/fr\/produit\/jerome-faillant-dumas-chaise-blanc\/","title":{"rendered":"Chaise 19"},"content":{"rendered":"<p style=\"text-align: justify;\"><span class=\"TextRun SCXW29827229 BCX0\" lang=\"FR-FR\" xml:lang=\"FR-FR\" data-contrast=\"auto\"><span class=\"NormalTextRun SCXW29827229 BCX0\">La Chaise 19 de J\u00e9r\u00f4me Faillant-Dumas incarne l\u2019\u00e9quilibre parfait entre design et confort, r\u00e9pondant enfin \u00e0 la qu\u00eate du si\u00e8ge id\u00e9al pour la salle \u00e0 manger. Sa silhouette harmonieuse et son dossier aux lignes enveloppantes offrent un soutien optimal, tandis que son rev\u00eatement en velours de soie exclusif, d\u00e9clin\u00e9 en une riche palette de couleurs et motifs, invite \u00e0 prolonger les repas avec \u00e9l\u00e9gance et douceur.\u00a0<\/span><\/span><span class=\"EOP SCXW29827229 BCX0\" data-ccp-props=\"{&quot;134233117&quot;:false,&quot;134233118&quot;:false,&quot;201341983&quot;:0,&quot;335551550&quot;:1,&quot;335551620&quot;:1,&quot;335559685&quot;:0,&quot;335559737&quot;:0,&quot;335559738&quot;:0,&quot;335559739&quot;:160,&quot;335559740&quot;:279}\">\u00a0<\/span><\/p>\n","protected":false},"excerpt":{"rendered":"<p>Chaise en coton de soie &#8220;fine&#8221; Pierre Frey<br \/>\n<span style=\"text-decoration: underline;\"><a href=\"https:\/\/www.theinvisiblecollection.com\/wp-content\/uploads\/2019\/12\/PierreFrey_Fine_-1.pdf\" target=\"_blank\" rel=\"noopener noreferrer\">D\u00e9couvrez la s\u00e9lection de tissus ici<\/a><\/span><br \/>\nPi\u00e9tement en ch\u00eane naturel teint\u00e9<br \/>\nTissus sur-mesure sur demande<\/p>\n<p>L 52 x l 65 x H 88 cm<br \/>\nHauteur d&#8217;assise : 50 cm<br \/>\nM\u00e9trage de tissu requis : 2 m<\/p>\n<p>Fabriqu\u00e9e \u00e0 la main en France<br \/>\nD\u00e9lais de fabrication : 12 &#8211; 14 semaines<\/p>\n<p><span style=\"text-decoration: underline;\"><a href=\"https:\/\/www.theinvisiblecollection.com\/fr\/demande-de-devis\/?product_id=36869\" target=\"_blank\" rel=\"noopener\">Contactez-nous pour toute demande de devis ou de renseignement<\/a><\/span><\/p>\n","protected":false},"featured_media":2328441,"template":"","meta":{"_acf_changed":false,"content-type":"","_themeisle_gutenberg_block_has_review":false},"product_brand":[],"product_cat":[8962,12499,13076],"product_tag":[10852,22790,31477,8993,9017,9217,9776,10138,10366,10389],"product_designer":[8887],"comfabric":[33905],"manufacturer":[16770],"reporting_designer":[37606],"samplecomfabric":[],"designer_clubroom":[],"class_list":{"0":"post-36869","1":"product","2":"type-product","3":"status-publish","4":"has-post-thumbnail","6":"product_cat-chaises","7":"product_cat-assises","8":"product_cat-bureau-a-la-maison","9":"product_tag-19-fr-2","10":"product_tag-disponible-immediatement","11":"product_tag-st-curvy-fr","12":"product_tag-salon","13":"product_tag-chaise","14":"product_tag-velours","15":"product_tag-pierre-frey-fr","16":"product_tag-chaise-fr-2","17":"product_tag-table-salle-a-manger","18":"product_tag-jerome-faillant-dumas-fr-fr","19":"pa_armrests-avec-accoudoirs-fr","20":"pa_armrests-sans-accoudoirs-fr","21":"product_designer-jerome-faillant-dumas-fr","22":"comfabric-aura-atelier-jfd-fr","23":"manufacturer-love-editions-fr","24":"reporting_designer-jerome-faillant-dumas","25":"exhibitions-paris-fr","27":"first","28":"instock","29":"taxable","30":"shipping-taxable","31":"product-type-variable"},"acf":[],"_links":{"self":[{"href":"https:\/\/theinvisiblecollection.com\/fr\/wp-json\/wp\/v2\/product\/36869","targetHints":{"allow":["GET"]}}],"collection":[{"href":"https:\/\/theinvisiblecollection.com\/fr\/wp-json\/wp\/v2\/product"}],"about":[{"href":"https:\/\/theinvisiblecollection.com\/fr\/wp-json\/wp\/v2\/types\/product"}],"wp:featuredmedia":[{"embeddable":true,"href":"https:\/\/theinvisiblecollection.com\/fr\/wp-json\/wp\/v2\/media\/2328441"}],"wp:attachment":[{"href":"https:\/\/theinvisiblecollection.com\/fr\/wp-json\/wp\/v2\/media?parent=36869"}],"wp:term":[{"taxonomy":"product_brand","embeddable":true,"href":"https:\/\/theinvisiblecollection.com\/fr\/wp-json\/wp\/v2\/product_brand?post=36869"},{"taxonomy":"product_cat","embeddable":true,"href":"https:\/\/theinvisiblecollection.com\/fr\/wp-json\/wp\/v2\/product_cat?post=36869"},{"taxonomy":"product_tag","embeddable":true,"href":"https:\/\/theinvisiblecollection.com\/fr\/wp-json\/wp\/v2\/product_tag?post=36869"},{"taxonomy":"product_designer","embeddable":true,"href":"https:\/\/theinvisiblecollection.com\/fr\/wp-json\/wp\/v2\/product_designer?post=36869"},{"taxonomy":"comfabric","embeddable":true,"href":"https:\/\/theinvisiblecollection.com\/fr\/wp-json\/wp\/v2\/comfabric?post=36869"},{"taxonomy":"manufacturer","embeddable":true,"href":"https:\/\/theinvisiblecollection.com\/fr\/wp-json\/wp\/v2\/manufacturer?post=36869"},{"taxonomy":"reporting_designer","embeddable":true,"href":"https:\/\/theinvisiblecollection.com\/fr\/wp-json\/wp\/v2\/reporting_designer?post=36869"},{"taxonomy":"samplecomfabric","embeddable":true,"href":"https:\/\/theinvisiblecollection.com\/fr\/wp-json\/wp\/v2\/samplecomfabric?post=36869"},{"taxonomy":"clubroom_product_designer","embeddable":true,"href":"https:\/\/theinvisiblecollection.com\/fr\/wp-json\/wp\/v2\/designer_clubroom?post=36869"}],"curies":[{"name":"wp","href":"https:\/\/api.w.org\/{rel}","templated":true}]}}