{"id":3688602,"date":"2023-08-29T17:46:31","date_gmt":"2023-08-29T16:46:31","guid":{"rendered":"https:\/\/theinvisiblecollection.com\/?post_type=product&#038;p=3688602"},"modified":"2026-05-01T07:38:01","modified_gmt":"2026-05-01T07:38:01","slug":"olga-bougeoir-capucines-l","status":"publish","type":"product","link":"https:\/\/theinvisiblecollection.com\/fr\/produit\/olga-bougeoir-capucines-l\/","title":{"rendered":"Bougeoir Capucines L"},"content":{"rendered":"","protected":false},"excerpt":{"rendered":"<p>Pi\u00e8ce Unique<\/p>\n<p>Bougeoir en porcelaine blanche partiellement \u00e9maill\u00e9e<br \/>\nChaque pi\u00e8ce est unique en raison de sa nature artisanale, les formes et les teintes varient l\u00e9g\u00e8rement<br \/>\nDimensions et fleurs sur-mesure sur demande<\/p>\n<p>Deux dimensions disponibles :<br \/>\n\u00d8 25 x H 35 cm<br \/>\n\u00d8 20 x H 20 cm<\/p>\n<p>Hauteur maximale : 60 cm<\/p>\n<p>Fabriqu\u00e9 \u00e0 la main en France<br \/>\nD\u00e9lais de production : 8 semaines<\/p>\n<p><span style=\"text-decoration: underline;\"><a href=\"https:\/\/www.theinvisiblecollection.com\/fr\/contact-produit\/?product_id=133429\" target=\"_blank\" rel=\"noopener\">Contactez-nous pour toute demande de devis ou de renseignements<\/a><\/span><\/p>\n","protected":false},"featured_media":3688559,"template":"","meta":{"_acf_changed":false,"content-type":"","_themeisle_gutenberg_block_has_review":false},"product_brand":[],"product_cat":[7517,12529,12531,12535,16319],"product_tag":[31474,31475,31476,31477],"product_designer":[14859],"comfabric":[],"manufacturer":[16849],"reporting_designer":[37697],"samplecomfabric":[],"designer_clubroom":[],"class_list":{"0":"post-3688602","1":"product","2":"type-product","3":"status-publish","4":"has-post-thumbnail","6":"product_cat-deco-fr","7":"product_cat-bougies-bougeoirs","8":"product_cat-objets-de-decoration","9":"product_cat-arts-de-la-table","10":"product_cat-cartes-cadeaux","11":"product_tag-co-white-fr","12":"product_tag-st-ceramic-fr","13":"product_tag-st-collectible-fr","14":"product_tag-st-curvy-fr","15":"product_designer-olga-etc-fr","16":"manufacturer-olga-etc-fr","17":"reporting_designer-olga-etc","19":"first","20":"instock","21":"taxable","22":"shipping-taxable","23":"purchasable","24":"product-type-simple"},"acf":[],"_links":{"self":[{"href":"https:\/\/theinvisiblecollection.com\/fr\/wp-json\/wp\/v2\/product\/3688602","targetHints":{"allow":["GET"]}}],"collection":[{"href":"https:\/\/theinvisiblecollection.com\/fr\/wp-json\/wp\/v2\/product"}],"about":[{"href":"https:\/\/theinvisiblecollection.com\/fr\/wp-json\/wp\/v2\/types\/product"}],"wp:featuredmedia":[{"embeddable":true,"href":"https:\/\/theinvisiblecollection.com\/fr\/wp-json\/wp\/v2\/media\/3688559"}],"wp:attachment":[{"href":"https:\/\/theinvisiblecollection.com\/fr\/wp-json\/wp\/v2\/media?parent=3688602"}],"wp:term":[{"taxonomy":"product_brand","embeddable":true,"href":"https:\/\/theinvisiblecollection.com\/fr\/wp-json\/wp\/v2\/product_brand?post=3688602"},{"taxonomy":"product_cat","embeddable":true,"href":"https:\/\/theinvisiblecollection.com\/fr\/wp-json\/wp\/v2\/product_cat?post=3688602"},{"taxonomy":"product_tag","embeddable":true,"href":"https:\/\/theinvisiblecollection.com\/fr\/wp-json\/wp\/v2\/product_tag?post=3688602"},{"taxonomy":"product_designer","embeddable":true,"href":"https:\/\/theinvisiblecollection.com\/fr\/wp-json\/wp\/v2\/product_designer?post=3688602"},{"taxonomy":"comfabric","embeddable":true,"href":"https:\/\/theinvisiblecollection.com\/fr\/wp-json\/wp\/v2\/comfabric?post=3688602"},{"taxonomy":"manufacturer","embeddable":true,"href":"https:\/\/theinvisiblecollection.com\/fr\/wp-json\/wp\/v2\/manufacturer?post=3688602"},{"taxonomy":"reporting_designer","embeddable":true,"href":"https:\/\/theinvisiblecollection.com\/fr\/wp-json\/wp\/v2\/reporting_designer?post=3688602"},{"taxonomy":"samplecomfabric","embeddable":true,"href":"https:\/\/theinvisiblecollection.com\/fr\/wp-json\/wp\/v2\/samplecomfabric?post=3688602"},{"taxonomy":"clubroom_product_designer","embeddable":true,"href":"https:\/\/theinvisiblecollection.com\/fr\/wp-json\/wp\/v2\/designer_clubroom?post=3688602"}],"curies":[{"name":"wp","href":"https:\/\/api.w.org\/{rel}","templated":true}]}}