{"id":36920,"date":"2019-04-09T00:00:00","date_gmt":"2019-04-09T00:00:00","guid":{"rendered":"https:\/\/www.theinvisiblecollection.com\/product\/chaise-enfant-v\/"},"modified":"2026-05-01T07:40:03","modified_gmt":"2026-05-01T07:40:03","slug":"etel-chaise-enfant-v","status":"publish","type":"product","link":"https:\/\/theinvisiblecollection.com\/fr\/produit\/etel-chaise-enfant-v\/","title":{"rendered":"Chaise Enfant V"},"content":{"rendered":"<p style=\"text-align: justify;\">Lanc\u00e9e par M\u00f3veis Art\u00edsticos Z, fond\u00e9e en 1948, la chaise pour enfants V pr\u00e9sente les lignes droites caract\u00e9ristiques de l&#8217;\u0153uvre de Zanine Caldas. En l&#8217;honneur du centenaire de Jos\u00e9 Zanine Caldas en 2019, ETEL, en collaboration avec la famille du designer, a r\u00e9veill\u00e9 le design de pi\u00e8ces s\u00e9lectionn\u00e9es de la ligne &#8220;Z Artistic Furniture&#8221; et a int\u00e9gr\u00e9 l\u2019esprit de son &#8220;Complaint Furniture&#8221;, valorisant l\u2019exceptionnel travail manuel et les pratiques durables dans ses r\u00e9\u00e9ditions. On y savoure notamment la conjugaison parfaite entre la rigueur des lignes droites associ\u00e9es aux formes organiques qui t\u00e9moignent de l&#8217;ergonomie et de la beaut\u00e9 unique de chaque pi\u00e8ce.<\/p>\n","protected":false},"excerpt":{"rendered":"<p>Design par Jos\u00e9 Zanine Caldas<br \/>\nSur la photo, chaise disponible en bois d&#8217;Ip\u00ea naturel et en cuir blanc<br \/>\n<span style=\"text-decoration: underline;\"><a href=\"https:\/\/theinvisiblecollection.com\/wp-content\/uploads\/2021\/05\/TheInvisibleCollection_Wood_Samples_V_Children_Chair.pdf\">D\u00e9couvrez la s\u00e9lection de bois ici<\/a><br \/>\n<a href=\"https:\/\/theinvisiblecollection.com\/wp-content\/uploads\/2023\/01\/TheInvisibleCollection_Etel_ZanineCaldas_Fabric-Selection_KidArmchair.pdf\" target=\"_blank\" rel=\"noopener\">D\u00e9couvrez la selection de tissus ici<\/a><\/span><\/p>\n<p>L 41,5 x l 34 x H 58,7 cm<br \/>\nHauteur d&#8217;assise : 30 cm<\/p>\n<p style=\"text-align: justify;\">Fabriqu\u00e9e \u00e0 la main au Br\u00e9sil<br \/>\nD\u00e9lais de production : 20 &#8211; 24 semaines<\/p>\n<p style=\"text-align: justify;\"><span style=\"text-decoration: underline;\"><a href=\"https:\/\/www.theinvisiblecollection.com\/fr\/demande-de-devis\/?product_id=36920\" target=\"_blank\" rel=\"noopener noreferrer\">Contactez-nous pour toute demande de devis ou de renseignements <\/a><\/span><\/p>\n","protected":false},"featured_media":75540,"template":"","meta":{"_acf_changed":false,"content-type":"","_themeisle_gutenberg_block_has_review":false},"product_brand":[],"product_cat":[8962,12499,13076],"product_tag":[8952,9015,9017,10138,11225,11235],"product_designer":[8866],"comfabric":[28854],"manufacturer":[16878],"reporting_designer":[37382],"samplecomfabric":[30448],"designer_clubroom":[],"class_list":{"0":"post-36920","1":"product","2":"type-product","3":"status-publish","4":"has-post-thumbnail","6":"product_cat-chaises","7":"product_cat-assises","8":"product_cat-bureau-a-la-maison","9":"product_tag-bois-fr","10":"product_tag-cuir","11":"product_tag-chaise","12":"product_tag-chaise-fr-2","13":"product_tag-reissue-issue-fr","14":"product_tag-reedition-fr-fr","15":"pa_wood-freijo-delave-fr","16":"pa_wood-freijo-naturel-fr","17":"pa_wood-imbuia-miel-fr","18":"product_designer-etel-fr","19":"comfabric-etel-atelier-1-fr","20":"manufacturer-etel-atelier-1-fr","21":"reporting_designer-etel","22":"samplecomfabric-etel-fr","24":"first","25":"instock","26":"taxable","27":"shipping-taxable","28":"purchasable","29":"product-type-variable"},"acf":[],"_links":{"self":[{"href":"https:\/\/theinvisiblecollection.com\/fr\/wp-json\/wp\/v2\/product\/36920","targetHints":{"allow":["GET"]}}],"collection":[{"href":"https:\/\/theinvisiblecollection.com\/fr\/wp-json\/wp\/v2\/product"}],"about":[{"href":"https:\/\/theinvisiblecollection.com\/fr\/wp-json\/wp\/v2\/types\/product"}],"wp:featuredmedia":[{"embeddable":true,"href":"https:\/\/theinvisiblecollection.com\/fr\/wp-json\/wp\/v2\/media\/75540"}],"wp:attachment":[{"href":"https:\/\/theinvisiblecollection.com\/fr\/wp-json\/wp\/v2\/media?parent=36920"}],"wp:term":[{"taxonomy":"product_brand","embeddable":true,"href":"https:\/\/theinvisiblecollection.com\/fr\/wp-json\/wp\/v2\/product_brand?post=36920"},{"taxonomy":"product_cat","embeddable":true,"href":"https:\/\/theinvisiblecollection.com\/fr\/wp-json\/wp\/v2\/product_cat?post=36920"},{"taxonomy":"product_tag","embeddable":true,"href":"https:\/\/theinvisiblecollection.com\/fr\/wp-json\/wp\/v2\/product_tag?post=36920"},{"taxonomy":"product_designer","embeddable":true,"href":"https:\/\/theinvisiblecollection.com\/fr\/wp-json\/wp\/v2\/product_designer?post=36920"},{"taxonomy":"comfabric","embeddable":true,"href":"https:\/\/theinvisiblecollection.com\/fr\/wp-json\/wp\/v2\/comfabric?post=36920"},{"taxonomy":"manufacturer","embeddable":true,"href":"https:\/\/theinvisiblecollection.com\/fr\/wp-json\/wp\/v2\/manufacturer?post=36920"},{"taxonomy":"reporting_designer","embeddable":true,"href":"https:\/\/theinvisiblecollection.com\/fr\/wp-json\/wp\/v2\/reporting_designer?post=36920"},{"taxonomy":"samplecomfabric","embeddable":true,"href":"https:\/\/theinvisiblecollection.com\/fr\/wp-json\/wp\/v2\/samplecomfabric?post=36920"},{"taxonomy":"clubroom_product_designer","embeddable":true,"href":"https:\/\/theinvisiblecollection.com\/fr\/wp-json\/wp\/v2\/designer_clubroom?post=36920"}],"curies":[{"name":"wp","href":"https:\/\/api.w.org\/{rel}","templated":true}]}}