{"id":3703648,"date":"2023-08-31T12:11:39","date_gmt":"2023-08-31T11:11:39","guid":{"rendered":"https:\/\/theinvisiblecollection.com\/?post_type=product&#038;p=3703648"},"modified":"2026-05-08T04:39:16","modified_gmt":"2026-05-08T04:39:16","slug":"louise-liljencrantz-mini-table-cloud-paille","status":"publish","type":"product","link":"https:\/\/theinvisiblecollection.com\/fr\/produit\/louise-liljencrantz-mini-table-cloud-paille\/","title":{"rendered":"Table Basse Mini Cloud Paille"},"content":{"rendered":"<p style=\"text-align: justify;\">La Paille Mini Cloud Side Table de Louise Liljencrantz et Lison de Caunes est une version r\u00e9duite de la table basse Cloud, de la collection Veermakers. Tout comme sa grande s\u0153ur, elle semble en suspension dans la pi\u00e8ce, att\u00e9nuant la force de gravit\u00e9. Cette pi\u00e8ce remarquable est le fruit d&#8217;une attention particuli\u00e8re accord\u00e9e aux d\u00e9tails, avec un \u00e9quilibre parfait entre les diff\u00e9rentes nuances de la marqueterie de paille et les finitions satin\u00e9es et brillantes du bois. Les pieds elliptiques et gracieux \u00e9voquent des troncs d&#8217;arbre s&#8217;\u00e9levant vers les nuages ; le plateau est orn\u00e9 de marqueterie de paille dans des tons chauds de jaune \u00e9voquant les couleurs d&#8217;un champ de bl\u00e9. Un design qui suscite la r\u00e9flexion et qui ajoute une touche organique \u00e0 tout int\u00e9rieur, qui change et \u00e9volue selon la lumi\u00e8re et l&#8217;angle de vue, r\u00e9v\u00e9lant sans cesse de<\/p>\n","protected":false},"excerpt":{"rendered":"<p>Collection Veermakers<br \/>\nTable basse avec plateau en acajou, finition brillante<br \/>\nPi\u00e8tement jaune p\u00e2le recouvert d&#8217;une laque brillante<br \/>\n\u00c9galement disponible en <span style=\"text-decoration: underline;\"><a href=\"https:\/\/theinvisiblecollection.com\/fr\/produit\/louise-liljencrantz-mini-table-cloud-noyer\/\" target=\"_blank\" rel=\"noopener\">noyer<\/a><\/span> et <span style=\"text-decoration: underline;\"><a href=\"https:\/\/theinvisiblecollection.com\/fr\/produit\/louise-liljencrantz-mini-table-cloud-chene\/\" target=\"_blank\" rel=\"noopener\">ch\u00eane<\/a><\/span><br \/>\n<a href=\"https:\/\/theinvisiblecollection.com\/wp-content\/uploads\/2020\/02\/InvisibleCollection_LouiseLiljencrantz_MiniCloudSelection.pdf\" target=\"_blank\" rel=\"noopener\"><span style=\"text-decoration: underline;\">D\u00e9couvrez la s\u00e9lection de mod\u00e8les ici<\/span><\/a><br \/>\nChaque table est unique en raison de sa nature artisanale, les formes et les teintes varient l\u00e9g\u00e8rement<br \/>\nCouleurs, dimensions, finitions et bois sur-mesure sur demande<\/p>\n<p>L 80 x l 70 x H 30 cm<\/p>\n<p>Fabriqu\u00e9e \u00e0 la main \u00e0 Stockholm, en Su\u00e8de<br \/>\nD\u00e9lais de fabrication : 12 &#8211; 14 semaines<\/p>\n<p class=\"p1\"><span style=\"text-decoration: underline;\"><span class=\"s1\"><a href=\"https:\/\/www.theinvisiblecollection.com\/fr\/demande-de-devis\/?product_id=73582\" target=\"_blank\" rel=\"noopener\">Contactez-nous pour toute demande de devis ou de renseignements<\/a><\/span><\/span><\/p>\n","protected":false},"featured_media":3734380,"template":"","meta":{"_acf_changed":false,"content-type":"","_themeisle_gutenberg_block_has_review":false},"product_brand":[],"product_cat":[7509,12332,12503],"product_tag":[7435,9001,9625,10268,12464,12465,12466,31477,35326],"product_designer":[8899],"comfabric":[],"manufacturer":[35185],"reporting_designer":[],"samplecomfabric":[],"designer_clubroom":[],"class_list":{"0":"post-3703648","1":"product","2":"type-product","3":"status-publish","4":"has-post-thumbnail","6":"product_cat-tables-basses-dappoint","7":"product_cat-tables-dappoint","8":"product_cat-tables-fr","9":"product_tag-new-in-fr","10":"product_tag-chene","11":"product_tag-petite-table-fr","12":"product_tag-louise-liljencrantz-fr-fr","13":"product_tag-liljencrantz-fr","14":"product_tag-walnut-fr","15":"product_tag-mini-cloud-table-fr","16":"product_tag-st-curvy-fr","17":"product_tag-st-scandinavian-fr","18":"pa_material-acajou-fr","19":"pa_material-chene-fr","20":"pa_material-noyer-fr","21":"product_designer-veermakers-par-louise-liljencrantz-fr","22":"manufacturer-ateliers-lison-de-caunes-pick-up-veermakers-fr","24":"first","25":"instock","26":"taxable","27":"shipping-taxable","28":"purchasable","29":"product-type-simple"},"acf":[],"_links":{"self":[{"href":"https:\/\/theinvisiblecollection.com\/fr\/wp-json\/wp\/v2\/product\/3703648","targetHints":{"allow":["GET"]}}],"collection":[{"href":"https:\/\/theinvisiblecollection.com\/fr\/wp-json\/wp\/v2\/product"}],"about":[{"href":"https:\/\/theinvisiblecollection.com\/fr\/wp-json\/wp\/v2\/types\/product"}],"wp:featuredmedia":[{"embeddable":true,"href":"https:\/\/theinvisiblecollection.com\/fr\/wp-json\/wp\/v2\/media\/3734380"}],"wp:attachment":[{"href":"https:\/\/theinvisiblecollection.com\/fr\/wp-json\/wp\/v2\/media?parent=3703648"}],"wp:term":[{"taxonomy":"product_brand","embeddable":true,"href":"https:\/\/theinvisiblecollection.com\/fr\/wp-json\/wp\/v2\/product_brand?post=3703648"},{"taxonomy":"product_cat","embeddable":true,"href":"https:\/\/theinvisiblecollection.com\/fr\/wp-json\/wp\/v2\/product_cat?post=3703648"},{"taxonomy":"product_tag","embeddable":true,"href":"https:\/\/theinvisiblecollection.com\/fr\/wp-json\/wp\/v2\/product_tag?post=3703648"},{"taxonomy":"product_designer","embeddable":true,"href":"https:\/\/theinvisiblecollection.com\/fr\/wp-json\/wp\/v2\/product_designer?post=3703648"},{"taxonomy":"comfabric","embeddable":true,"href":"https:\/\/theinvisiblecollection.com\/fr\/wp-json\/wp\/v2\/comfabric?post=3703648"},{"taxonomy":"manufacturer","embeddable":true,"href":"https:\/\/theinvisiblecollection.com\/fr\/wp-json\/wp\/v2\/manufacturer?post=3703648"},{"taxonomy":"reporting_designer","embeddable":true,"href":"https:\/\/theinvisiblecollection.com\/fr\/wp-json\/wp\/v2\/reporting_designer?post=3703648"},{"taxonomy":"samplecomfabric","embeddable":true,"href":"https:\/\/theinvisiblecollection.com\/fr\/wp-json\/wp\/v2\/samplecomfabric?post=3703648"},{"taxonomy":"clubroom_product_designer","embeddable":true,"href":"https:\/\/theinvisiblecollection.com\/fr\/wp-json\/wp\/v2\/designer_clubroom?post=3703648"}],"curies":[{"name":"wp","href":"https:\/\/api.w.org\/{rel}","templated":true}]}}