{"id":37046,"date":"2019-05-17T00:00:00","date_gmt":"2019-05-16T23:00:00","guid":{"rendered":"https:\/\/www.theinvisiblecollection.com\/product\/chaise-gs4\/"},"modified":"2026-05-08T04:41:15","modified_gmt":"2026-05-08T04:41:15","slug":"etel-chaise-gs4","status":"publish","type":"product","link":"https:\/\/theinvisiblecollection.com\/fr\/produit\/etel-chaise-gs4\/","title":{"rendered":"Chaise GS4"},"content":{"rendered":"<p style=\"text-align: justify;\">Giuseppe Scapinelli a cr\u00e9\u00e9 la chaise GS4, l&#8217;une des pi\u00e8ces les plus marquantes de la ligne sign\u00e9e par ce designer. Cette pi\u00e8ce unique a des formes sinueuses, \u00e9blouissantes et futuristes. Elle a \u00e9t\u00e9 con\u00e7ue dans les ann\u00e9es 1950.<\/p>\n","protected":false},"excerpt":{"rendered":"<p style=\"text-align: justify;\">Design par Giuseppe Scapinelli<br \/>\nSur l&#8217;image, chaise r\u00e9alis\u00e9e en bois d&#8217;Imbuia, couleur miel<br \/>\n<span style=\"text-decoration: underline;\"><a href=\"https:\/\/theinvisiblecollection.com\/wp-content\/uploads\/2021\/06\/TheInvisibleCollection_Wood_Samples_Gs_Chair.pdf\" target=\"_blank\" rel=\"noopener\">D\u00e9couvrez la s\u00e9lection de bois ici<\/a><\/span><br \/>\n<span style=\"text-decoration: underline;\"><span class=\"s1\"><a href=\"https:\/\/theinvisiblecollection.com\/wp-content\/uploads\/2022\/11\/TheInvisibleCollection_Etel_ZanineCaldas_Fabric-Selection.pdf\" target=\"_blank\" rel=\"noopener\">D\u00e9couvrez la s\u00e9lection de tissus ici<\/a><br \/>\n<\/span><span class=\"s1\"><a href=\"https:\/\/theinvisiblecollection.com\/wp-content\/uploads\/2022\/11\/TheInvisibleColection-Etel-Leather-and-Suede-Selection.pdf\" target=\"_blank\" rel=\"noopener\">D\u00e9couvrez la s\u00e9lection de cuirs et suedes ici<\/a><\/span><\/span><\/p>\n<p>L 59 x l 44 x H 95,5 cm<br \/>\nHauteur d&#8217;assise : 50 cm<br \/>\nM\u00e9trage de tissu requis : 1.2 m<br \/>\nM\u00e9trage de cuir requis : 2 m<\/p>\n<p style=\"text-align: justify;\">Cette pi\u00e8ce est r\u00e9alis\u00e9e \u00e0 la main au Br\u00e9sil, a partir de bois provenant de for\u00eats faisant l&#8217;objet d&#8217;une gestion durable. Ainsi, nous ne pouvons pas garantir de d\u00e9lais de production actuellement. La production pourrait prendre jusqu&#8217;\u00e0 une ann\u00e9e enti\u00e8re. Commandez maintenant pour vous placer en haut de la liste d&#8217;attente ou <a href=\"https:\/\/www.theinvisiblecollection.com\/fr\/demande-de-devis\/?product_id=37046\" target=\"_blank\" rel=\"noopener\"><span style=\"text-decoration: underline;\">contactez-nous pour recevoir d&#8217;autres propositions.<\/span><\/a><\/p>\n<p>&nbsp;<\/p>\n","protected":false},"featured_media":75531,"template":"","meta":{"_acf_changed":false,"content-type":"","_themeisle_gutenberg_block_has_review":false},"product_brand":[],"product_cat":[8962,12499,13076],"product_tag":[8862,8863,9246,10255,11235,11335],"product_designer":[8866,10565],"comfabric":[28854],"manufacturer":[16878],"reporting_designer":[37382],"samplecomfabric":[30448],"designer_clubroom":[],"class_list":{"0":"post-37046","1":"product","2":"type-product","3":"status-publish","4":"has-post-thumbnail","6":"product_cat-chaises","7":"product_cat-assises","8":"product_cat-bureau-a-la-maison","9":"product_tag-etel-carmona-fr-3","10":"product_tag-etel-design-fr-2","11":"product_tag-wood-fr","12":"product_tag-salon-fr-4","13":"product_tag-reedition-fr-fr","14":"product_tag-eco-design","15":"pa_wood-imbuia-miel-fr","16":"product_designer-etel-fr","17":"product_designer-giuseppe-scapinelli-par-etel-fr","18":"comfabric-etel-atelier-1-fr","19":"manufacturer-etel-atelier-1-fr","20":"reporting_designer-etel","21":"samplecomfabric-etel-fr","22":"exhibitions-new-york-fr","24":"first","25":"instock","26":"taxable","27":"shipping-taxable","28":"purchasable","29":"product-type-variable"},"acf":[],"_links":{"self":[{"href":"https:\/\/theinvisiblecollection.com\/fr\/wp-json\/wp\/v2\/product\/37046","targetHints":{"allow":["GET"]}}],"collection":[{"href":"https:\/\/theinvisiblecollection.com\/fr\/wp-json\/wp\/v2\/product"}],"about":[{"href":"https:\/\/theinvisiblecollection.com\/fr\/wp-json\/wp\/v2\/types\/product"}],"wp:featuredmedia":[{"embeddable":true,"href":"https:\/\/theinvisiblecollection.com\/fr\/wp-json\/wp\/v2\/media\/75531"}],"wp:attachment":[{"href":"https:\/\/theinvisiblecollection.com\/fr\/wp-json\/wp\/v2\/media?parent=37046"}],"wp:term":[{"taxonomy":"product_brand","embeddable":true,"href":"https:\/\/theinvisiblecollection.com\/fr\/wp-json\/wp\/v2\/product_brand?post=37046"},{"taxonomy":"product_cat","embeddable":true,"href":"https:\/\/theinvisiblecollection.com\/fr\/wp-json\/wp\/v2\/product_cat?post=37046"},{"taxonomy":"product_tag","embeddable":true,"href":"https:\/\/theinvisiblecollection.com\/fr\/wp-json\/wp\/v2\/product_tag?post=37046"},{"taxonomy":"product_designer","embeddable":true,"href":"https:\/\/theinvisiblecollection.com\/fr\/wp-json\/wp\/v2\/product_designer?post=37046"},{"taxonomy":"comfabric","embeddable":true,"href":"https:\/\/theinvisiblecollection.com\/fr\/wp-json\/wp\/v2\/comfabric?post=37046"},{"taxonomy":"manufacturer","embeddable":true,"href":"https:\/\/theinvisiblecollection.com\/fr\/wp-json\/wp\/v2\/manufacturer?post=37046"},{"taxonomy":"reporting_designer","embeddable":true,"href":"https:\/\/theinvisiblecollection.com\/fr\/wp-json\/wp\/v2\/reporting_designer?post=37046"},{"taxonomy":"samplecomfabric","embeddable":true,"href":"https:\/\/theinvisiblecollection.com\/fr\/wp-json\/wp\/v2\/samplecomfabric?post=37046"},{"taxonomy":"clubroom_product_designer","embeddable":true,"href":"https:\/\/theinvisiblecollection.com\/fr\/wp-json\/wp\/v2\/designer_clubroom?post=37046"}],"curies":[{"name":"wp","href":"https:\/\/api.w.org\/{rel}","templated":true}]}}