{"id":3705770,"date":"2023-08-31T14:54:42","date_gmt":"2023-08-31T13:54:42","guid":{"rendered":"https:\/\/theinvisiblecollection.com\/?post_type=product&#038;p=3705770"},"modified":"2026-05-01T07:38:01","modified_gmt":"2026-05-01T07:38:01","slug":"louise-liljencrantz-table-basse-cloud-chunky-sky","status":"publish","type":"product","link":"https:\/\/theinvisiblecollection.com\/fr\/produit\/louise-liljencrantz-table-basse-cloud-chunky-sky\/","title":{"rendered":"Table Basse Chunky Cloud Sky"},"content":{"rendered":"<p style=\"text-align: justify;\">La Sky Chunky Cloud Table de Louise Liljencrantz et Lison de Caunes est un design incroyable en bois et marqueterie de paille. D\u00e9clinaison de la fameuse Cloud Table, elle pr\u00e9sente le m\u00eame design qui adoucit la gravit\u00e9, avec des proportions plus massives. Les pieds en h\u00eatre et leur finition brillante ont une forme unique, cr\u00e9ant l&#8217;apparence de bassins placides, \u00e9voquant presque la forme d\u2019un c\u0153ur, sur le plateau de la table. Pour cette cr\u00e9ation, Lison de Caunes a s\u00e9lectionn\u00e9 un type de paille particulier, qui \u00e9voque le ciel et les reflets du soleil. L&#8217;\u00e9tonnante marqueterie de paille change et \u00e9volue en fonction de la lumi\u00e8re et de l&#8217;angle de vue, r\u00e9v\u00e9lant constamment de nouveaux d\u00e9tails dans le bois.<\/p>\n","protected":false},"excerpt":{"rendered":"<p>Collection Veermakers<br \/>\nTable basse en acajou, finition avec une couche transparente satin\u00e9e<br \/>\n\u00c9galement disponible en<a href=\"https:\/\/theinvisiblecollection.com\/fr\/produit\/louise-liljencrantz-table-basse-cloud\/\" target=\"_blank\" rel=\"noopener\"><span style=\"text-decoration: underline;\"> ch\u00eane et noyer<\/span><\/a><br \/>\n<a href=\"https:\/\/theinvisiblecollection.com\/wp-content\/uploads\/2022\/11\/TheInvisibleCollection_Veermakers_Liljencrantz_WoodSelection_CloudCoffeeTable.jpg\" target=\"_blank\" rel=\"noopener\"><span style=\"text-decoration: underline;\">D\u00e9couvrez la s\u00e9lection de bois ici<\/span><\/a><br \/>\nPi\u00e8tement en acajou riche et brillant<br \/>\nChaque table est unique en raison de sa nature artisanale, les formes et les teintes varient l\u00e9g\u00e8rement<br \/>\nDimensions, finitions et bois sur-mesure sur demande<\/p>\n<p>Disponible en deux dimensions :<br \/>\nMoyen : L 120 x l 104 x H 30 cm<br \/>\nLarge : L 160 x l 140 x H 30 cm<\/p>\n<p>Fabriqu\u00e9e \u00e0 la main \u00e0 Stockholm, en Su\u00e8de<br \/>\nD\u00e9lais de fabrication : 12 &#8211; 14 semaines<\/p>\n<p class=\"p1\"><span style=\"text-decoration: underline;\"><span class=\"s1\"><a href=\"https:\/\/www.theinvisiblecollection.com\/fr\/demande-de-devis\/?product_id=979874\">Contactez-nous pour toute demande de devis ou de renseignements<\/a><\/span><\/span><\/p>\n","protected":false},"featured_media":3734549,"template":"","meta":{"_acf_changed":false,"content-type":"","_themeisle_gutenberg_block_has_review":false},"product_brand":[],"product_cat":[7509,12503],"product_tag":[8855,9066,10268,12464,31477,35326],"product_designer":[8899],"comfabric":[],"manufacturer":[35185],"reporting_designer":[],"samplecomfabric":[],"designer_clubroom":[],"class_list":{"0":"post-3705770","1":"product","2":"type-product","3":"status-publish","4":"has-post-thumbnail","6":"product_cat-tables-basses-dappoint","7":"product_cat-tables-fr","8":"product_tag-table-fr-3","9":"product_tag-table-basse","10":"product_tag-louise-liljencrantz-fr-fr","11":"product_tag-liljencrantz-fr","12":"product_tag-st-curvy-fr","13":"product_tag-st-scandinavian-fr","14":"product_designer-veermakers-par-louise-liljencrantz-fr","15":"manufacturer-ateliers-lison-de-caunes-pick-up-veermakers-fr","16":"exhibitions-new-york-fr","18":"first","19":"instock","20":"taxable","21":"shipping-taxable","22":"purchasable","23":"product-type-simple"},"acf":[],"_links":{"self":[{"href":"https:\/\/theinvisiblecollection.com\/fr\/wp-json\/wp\/v2\/product\/3705770","targetHints":{"allow":["GET"]}}],"collection":[{"href":"https:\/\/theinvisiblecollection.com\/fr\/wp-json\/wp\/v2\/product"}],"about":[{"href":"https:\/\/theinvisiblecollection.com\/fr\/wp-json\/wp\/v2\/types\/product"}],"wp:featuredmedia":[{"embeddable":true,"href":"https:\/\/theinvisiblecollection.com\/fr\/wp-json\/wp\/v2\/media\/3734549"}],"wp:attachment":[{"href":"https:\/\/theinvisiblecollection.com\/fr\/wp-json\/wp\/v2\/media?parent=3705770"}],"wp:term":[{"taxonomy":"product_brand","embeddable":true,"href":"https:\/\/theinvisiblecollection.com\/fr\/wp-json\/wp\/v2\/product_brand?post=3705770"},{"taxonomy":"product_cat","embeddable":true,"href":"https:\/\/theinvisiblecollection.com\/fr\/wp-json\/wp\/v2\/product_cat?post=3705770"},{"taxonomy":"product_tag","embeddable":true,"href":"https:\/\/theinvisiblecollection.com\/fr\/wp-json\/wp\/v2\/product_tag?post=3705770"},{"taxonomy":"product_designer","embeddable":true,"href":"https:\/\/theinvisiblecollection.com\/fr\/wp-json\/wp\/v2\/product_designer?post=3705770"},{"taxonomy":"comfabric","embeddable":true,"href":"https:\/\/theinvisiblecollection.com\/fr\/wp-json\/wp\/v2\/comfabric?post=3705770"},{"taxonomy":"manufacturer","embeddable":true,"href":"https:\/\/theinvisiblecollection.com\/fr\/wp-json\/wp\/v2\/manufacturer?post=3705770"},{"taxonomy":"reporting_designer","embeddable":true,"href":"https:\/\/theinvisiblecollection.com\/fr\/wp-json\/wp\/v2\/reporting_designer?post=3705770"},{"taxonomy":"samplecomfabric","embeddable":true,"href":"https:\/\/theinvisiblecollection.com\/fr\/wp-json\/wp\/v2\/samplecomfabric?post=3705770"},{"taxonomy":"clubroom_product_designer","embeddable":true,"href":"https:\/\/theinvisiblecollection.com\/fr\/wp-json\/wp\/v2\/designer_clubroom?post=3705770"}],"curies":[{"name":"wp","href":"https:\/\/api.w.org\/{rel}","templated":true}]}}