{"id":37067,"date":"2017-10-09T00:00:00","date_gmt":"2017-10-08T23:00:00","guid":{"rendered":"https:\/\/www.theinvisiblecollection.com\/product\/chaise-guillotine\/"},"modified":"2026-05-01T07:40:03","modified_gmt":"2026-05-01T07:40:03","slug":"vincent-darre-chaise-guillotine","status":"publish","type":"product","link":"https:\/\/theinvisiblecollection.com\/fr\/produit\/vincent-darre-chaise-guillotine\/","title":{"rendered":"Chaise Guillotine"},"content":{"rendered":"<p class=\"\" style=\"text-align: justify;\">Comme les chats, Vincent Darr\u00e9 a eu plusieurs vies, glissant de la mode \u00e0 la d\u00e9co, faisant de ses maisons le laboratoire de son extravagante cr\u00e9ativit\u00e9. On le dit fantasque et baroque, Vincent est surtout libre et d\u00e9licat, avec une allure de dandy inoubliable.<\/p>\n<p style=\"text-align: justify;\">En exclusivit\u00e9, la Maison Darr\u00e9 a confi\u00e9 \u00e0 The Invisible Collection une collection compl\u00e8te de ses meubles iconiques :<\/p>\n<p style=\"text-align: justify;\">&#8220;J&#8217;ai dessin\u00e9 les assises conversation dans une divagation sur Salvador Dali. Il avait peint deux tableaux, les r\u00e9miniscences arch\u00e9ologiques de l&#8217;Angelus de Millet. Encadr\u00e9s d&#8217;une corniche baroque, suivant les silhouettes des deux personnages. Cecil Beaton avait immortalis\u00e9 le couple mythique Gala et Dali tenant les deux tableaux, la photo devenant une perspective \u00e0 l&#8217;infini. De ces ombres d\u00e9coup\u00e9es, j&#8217;ai imagin\u00e9 des sofas, fauteuils, chaises aux couleurs vives conversant dans un salon surr\u00e9aliste. \u00bb<\/p>\n","protected":false},"excerpt":{"rendered":"<p>Pieds et structure en noyer recouverts d&#8217;un <span style=\"text-decoration: underline;\"><a href=\"https:\/\/www.theinvisiblecollection.com\/wp-content\/uploads\/2019\/11\/Kvadrat_fabrics_Tonus4_VincentDarre.pdf\" target=\"_blank\" rel=\"noopener noreferrer\">tissu en laine Kvadrat<\/a><br \/>\n<\/span>Couleurs disponibles : blanc, bleu royal, bleu turquoise, jaune, noir, orange, rouge et vert<br \/>\n\u00c9galement disponible en blanc sans tissu<span style=\"text-decoration: underline;\"><br \/>\n<\/span><\/p>\n<p>L 66 x l 67 x H 103 cm<br \/>\nHauteur d&#8217;assise : 47 cm<br \/>\nM\u00e9trage de tissu requis : 3 m<\/p>\n<p>Fabrication\u00a0artisanale<br \/>\nD\u00e9lais de fabrication : 8 &#8211; 10 semaines<\/p>\n<p><span style=\"text-decoration: underline;\"><a href=\"https:\/\/www.theinvisiblecollection.com\/fr\/demande-de-devis\/?product_id=37067\" target=\"_blank\" rel=\"noopener\"><span lang=\"FR\">Contactez-nous pour toute demande de devis ou de renseignement<\/span><\/a><\/span><\/p>\n","protected":false},"featured_media":75479,"template":"","meta":{"_acf_changed":false,"content-type":"","_themeisle_gutenberg_block_has_review":false},"product_brand":[],"product_cat":[8945,12499],"product_tag":[9017,10381,10382,10384,10390,31477],"product_designer":[8884],"comfabric":[],"manufacturer":[16780],"reporting_designer":[37162],"samplecomfabric":[],"designer_clubroom":[],"class_list":{"0":"post-37067","1":"product","2":"type-product","3":"status-publish","4":"has-post-thumbnail","6":"product_cat-fauteuils","7":"product_cat-assises","8":"product_tag-chaise","9":"product_tag-darre-fr-fr","10":"product_tag-vincent-fr-2","11":"product_tag-vincent-darre-fr-fr-2","12":"product_tag-guillotine-fr","13":"product_tag-st-curvy-fr","14":"pa_color-blanc-fr","15":"pa_color-bleu-royal-fr","16":"pa_color-bleu-turquoise-fr","17":"pa_color-en-blanc-sans-tissus-fr","18":"pa_color-couleur-jaune-fr","19":"pa_color-noir-fr","20":"pa_color-orange-fr","21":"pa_color-rouge-fr","22":"pa_color-vert-fr","23":"product_designer-vincent-darre-fr","24":"manufacturer-editions-darre","25":"reporting_designer-vincent-darre","27":"first","28":"instock","29":"taxable","30":"shipping-taxable","31":"purchasable","32":"product-type-variable"},"acf":[],"_links":{"self":[{"href":"https:\/\/theinvisiblecollection.com\/fr\/wp-json\/wp\/v2\/product\/37067","targetHints":{"allow":["GET"]}}],"collection":[{"href":"https:\/\/theinvisiblecollection.com\/fr\/wp-json\/wp\/v2\/product"}],"about":[{"href":"https:\/\/theinvisiblecollection.com\/fr\/wp-json\/wp\/v2\/types\/product"}],"wp:featuredmedia":[{"embeddable":true,"href":"https:\/\/theinvisiblecollection.com\/fr\/wp-json\/wp\/v2\/media\/75479"}],"wp:attachment":[{"href":"https:\/\/theinvisiblecollection.com\/fr\/wp-json\/wp\/v2\/media?parent=37067"}],"wp:term":[{"taxonomy":"product_brand","embeddable":true,"href":"https:\/\/theinvisiblecollection.com\/fr\/wp-json\/wp\/v2\/product_brand?post=37067"},{"taxonomy":"product_cat","embeddable":true,"href":"https:\/\/theinvisiblecollection.com\/fr\/wp-json\/wp\/v2\/product_cat?post=37067"},{"taxonomy":"product_tag","embeddable":true,"href":"https:\/\/theinvisiblecollection.com\/fr\/wp-json\/wp\/v2\/product_tag?post=37067"},{"taxonomy":"product_designer","embeddable":true,"href":"https:\/\/theinvisiblecollection.com\/fr\/wp-json\/wp\/v2\/product_designer?post=37067"},{"taxonomy":"comfabric","embeddable":true,"href":"https:\/\/theinvisiblecollection.com\/fr\/wp-json\/wp\/v2\/comfabric?post=37067"},{"taxonomy":"manufacturer","embeddable":true,"href":"https:\/\/theinvisiblecollection.com\/fr\/wp-json\/wp\/v2\/manufacturer?post=37067"},{"taxonomy":"reporting_designer","embeddable":true,"href":"https:\/\/theinvisiblecollection.com\/fr\/wp-json\/wp\/v2\/reporting_designer?post=37067"},{"taxonomy":"samplecomfabric","embeddable":true,"href":"https:\/\/theinvisiblecollection.com\/fr\/wp-json\/wp\/v2\/samplecomfabric?post=37067"},{"taxonomy":"clubroom_product_designer","embeddable":true,"href":"https:\/\/theinvisiblecollection.com\/fr\/wp-json\/wp\/v2\/designer_clubroom?post=37067"}],"curies":[{"name":"wp","href":"https:\/\/api.w.org\/{rel}","templated":true}]}}