{"id":37084,"date":"2019-04-18T00:00:00","date_gmt":"2019-04-18T00:00:00","guid":{"rendered":"https:\/\/www.theinvisiblecollection.com\/product\/chaise-jecker\/"},"modified":"2026-05-01T07:40:03","modified_gmt":"2026-05-01T07:40:03","slug":"etel-chaise-jecker","status":"publish","type":"product","link":"https:\/\/theinvisiblecollection.com\/fr\/produit\/etel-chaise-jecker\/","title":{"rendered":"Chaise Jecker"},"content":{"rendered":"<p style=\"text-align: justify;\">La chaise de salle \u00e0 manger Jecker design par Etel Carmona offre une assise solide et a\u00e9r\u00e9e qui se pr\u00eate \u00e0 tous les styles et tous les contextes, gr\u00e2ce \u00e0 son design simple. Disponible en bois br\u00e9silien, la Jecker est disponible en cuir ou en dos cann\u00e9. Il existe \u00e9galement une version avec des appuis.<\/p>\n","protected":false},"excerpt":{"rendered":"<p>Design par Etel Carmona<br \/>\nSur l&#8217;image, chaise avec dossier en paille, assise en cuir et structure en bois d&#8217;Imbuia<br \/>\nStructure aussi disponible en c\u00e8dre et en bois Freijo<br \/>\nAssise disponible en tissu ou Cuir<br \/>\n<span style=\"text-decoration: underline;\"><a href=\"https:\/\/www.theinvisiblecollection.com\/wp-content\/uploads\/2019\/11\/Etel_Sample_Catalogue.pdf\" target=\"_blank\" rel=\"noopener noreferrer\">D\u00e9couvrez une selection de tissus et cuirs ici<\/a><\/span><\/p>\n<p>L 53 x l 51 x H 86 cm<br \/>\nHauteur d&#8217;assise : 47 cm<\/p>\n<p>Fabriqu\u00e9e \u00e0 la main au Br\u00e9sil<br \/>\nD\u00e9lais de production : 20 &#8211; 24 semaines<\/p>\n<p><span style=\"text-decoration: underline;\"><a href=\"https:\/\/www.theinvisiblecollection.com\/fr\/demande-de-devis\/?product_id=37084\" target=\"_blank\" rel=\"noopener noreferrer\">Contactez-nous pour toute demande de devis ou de renseignements<\/a><\/span><\/p>\n","protected":false},"featured_media":75489,"template":"","meta":{"_acf_changed":false,"content-type":"","_themeisle_gutenberg_block_has_review":false},"product_brand":[],"product_cat":[8962,12499],"product_tag":[8854,8855,8862,8863,8942,8953,9017,9416,9668,11335],"product_designer":[8866,10660],"comfabric":[28854],"manufacturer":[16878],"reporting_designer":[37690],"samplecomfabric":[30448],"designer_clubroom":[],"class_list":{"0":"post-37084","1":"product","2":"type-product","3":"status-publish","4":"has-post-thumbnail","6":"product_cat-chaises","7":"product_cat-assises","8":"product_tag-etel-fr-2","9":"product_tag-table-fr-3","10":"product_tag-etel-carmona-fr-3","11":"product_tag-etel-design-fr-2","12":"product_tag-assise","13":"product_tag-salle-a-manger","14":"product_tag-chaise","15":"product_tag-design-fr","16":"product_tag-designer-bresilien-fr-fr","17":"product_tag-eco-design","18":"pa_backseat-material-paille-fr","19":"pa_backseat-material-tapisse-fr","20":"product_designer-etel-fr","21":"product_designer-etel-carmona-fr","22":"comfabric-etel-atelier-1-fr","23":"manufacturer-etel-atelier-1-fr","24":"reporting_designer-etel-carmona","25":"samplecomfabric-etel-fr","27":"first","28":"instock","29":"taxable","30":"shipping-taxable","31":"purchasable","32":"product-type-variable"},"acf":[],"_links":{"self":[{"href":"https:\/\/theinvisiblecollection.com\/fr\/wp-json\/wp\/v2\/product\/37084","targetHints":{"allow":["GET"]}}],"collection":[{"href":"https:\/\/theinvisiblecollection.com\/fr\/wp-json\/wp\/v2\/product"}],"about":[{"href":"https:\/\/theinvisiblecollection.com\/fr\/wp-json\/wp\/v2\/types\/product"}],"wp:featuredmedia":[{"embeddable":true,"href":"https:\/\/theinvisiblecollection.com\/fr\/wp-json\/wp\/v2\/media\/75489"}],"wp:attachment":[{"href":"https:\/\/theinvisiblecollection.com\/fr\/wp-json\/wp\/v2\/media?parent=37084"}],"wp:term":[{"taxonomy":"product_brand","embeddable":true,"href":"https:\/\/theinvisiblecollection.com\/fr\/wp-json\/wp\/v2\/product_brand?post=37084"},{"taxonomy":"product_cat","embeddable":true,"href":"https:\/\/theinvisiblecollection.com\/fr\/wp-json\/wp\/v2\/product_cat?post=37084"},{"taxonomy":"product_tag","embeddable":true,"href":"https:\/\/theinvisiblecollection.com\/fr\/wp-json\/wp\/v2\/product_tag?post=37084"},{"taxonomy":"product_designer","embeddable":true,"href":"https:\/\/theinvisiblecollection.com\/fr\/wp-json\/wp\/v2\/product_designer?post=37084"},{"taxonomy":"comfabric","embeddable":true,"href":"https:\/\/theinvisiblecollection.com\/fr\/wp-json\/wp\/v2\/comfabric?post=37084"},{"taxonomy":"manufacturer","embeddable":true,"href":"https:\/\/theinvisiblecollection.com\/fr\/wp-json\/wp\/v2\/manufacturer?post=37084"},{"taxonomy":"reporting_designer","embeddable":true,"href":"https:\/\/theinvisiblecollection.com\/fr\/wp-json\/wp\/v2\/reporting_designer?post=37084"},{"taxonomy":"samplecomfabric","embeddable":true,"href":"https:\/\/theinvisiblecollection.com\/fr\/wp-json\/wp\/v2\/samplecomfabric?post=37084"},{"taxonomy":"clubroom_product_designer","embeddable":true,"href":"https:\/\/theinvisiblecollection.com\/fr\/wp-json\/wp\/v2\/designer_clubroom?post=37084"}],"curies":[{"name":"wp","href":"https:\/\/api.w.org\/{rel}","templated":true}]}}